{"id":2460,"date":"2023-05-14T17:28:54","date_gmt":"2023-05-14T17:28:54","guid":{"rendered":"https:\/\/www.dp.lu\/mamer\/notre-programme-electoral-chapitre-3-une-commune-durable\/"},"modified":"2023-05-16T17:01:26","modified_gmt":"2023-05-16T17:01:26","slug":"notre-programme-electoral-chapitre-3-une-commune-durable","status":"publish","type":"page","link":"https:\/\/www.dp.lu\/mamer\/notre-programme-electoral-chapitre-3-une-commune-durable\/?lang=fr","title":{"rendered":"Notre programme \u00e9lectoral &#8211; Chapitre 3: Une commune durable"},"content":{"rendered":"\n<h1 class=\"wp-block-heading\">Energie et climat <\/h1>\n\n<p class=\"has-black-color has-text-color\"><em>Pour parvenir \u00e0 une protection efficace du climat, il importe que tout le monde avance dans la m\u00eame direction. Les communes assument une responsabilit\u00e9 particuli\u00e8re \u00e0 cet \u00e9gard et remplissent un r\u00f4le d\u2019exemple \u00e0 donner. Le DP est donc r\u00e9solu \u00e0 renforcer les mesures de protection du climat de fa\u00e7on syst\u00e9matique au niveau local. Le DP se fixe pour objectif \u00e0 moyen terme de rendre la commune totalement neutre sur le plan climatique. Nous voulons d\u00e9velopper les \u00e9nergies renouvelables, entreprendre l\u2019assainissement des b\u00e2timents communaux sur le plan \u00e9nerg\u00e9tique et accro\u00eetre l\u2019efficacit\u00e9 \u00e9nerg\u00e9tique. Dans ce contexte, le DP s\u2019engage \u00e9galement en faveur d\u2019une utilisation respectueuse de nos ressources naturelles et entend tenir compte des principes de l\u2019\u00e9conomie circulaire dans tous les domaines. Des campagnes de sensibilisation et des subventions cibl\u00e9es pour des mesures respectueuses du climat doivent \u00e9galement permettre d\u2019impliquer et de soutenir davantage les citoyens.<\/em><\/p>\n\n<h3 class=\"wp-block-heading\"><strong>R\u00f4le de mod\u00e8le \u00e0 suivre.<\/strong><\/h3>\n\n<p class=\"has-black-color has-text-color\">Il incombe aux pouvoirs publics d\u2019honorer leur r\u00f4le de mod\u00e8le en mati\u00e8re d\u2019\u00e9nergies renouvelables et d\u2019efficacit\u00e9 \u00e9nerg\u00e9tique en se tournant vers les technologies qui s\u2019imposent. Le DP esp\u00e8re, par cette approche, donner une impulsion \u00e0 la production et \u00e0 la recherche en mati\u00e8re d\u2019\u00e9nergies renouvelables.<\/p>\n\n<h3 class=\"wp-block-heading\"><strong>V\u00e9g\u00e9talisation de la commune.<\/strong><\/h3>\n\n<p class=\"has-black-color has-text-color\">La crise climatique repr\u00e9sente un d\u00e9fi pour nos villes et nos villages. Une v\u00e9g\u00e9talisation \u2013 ou \u00ab greening \u00bb &#8211; ad\u00e9quate contribue \u00e0 r\u00e9duire la temp\u00e9rature dans les espaces publics, en particulier en \u00e9t\u00e9, ce qui s\u2019accompagnerait d\u2019une am\u00e9lioration de la qualit\u00e9 de vie des citoyennes et citoyens. Le DP Gemeng Mamer encouragera la v\u00e9g\u00e9talisation des b\u00e2timents et des toits partout o\u00f9 une telle mesure s\u2019av\u00e9rera possible. Nous allons organiser une campagne de sensibilisation dans ce sens. Les citoyennes et citoyens devraient aussi pouvoir se faire conseiller par la commune pour planifier la v\u00e9g\u00e9talisation de leurs propri\u00e9t\u00e9s.<\/p>\n\n<h3 class=\"wp-block-heading\"><strong>Fontaines \u00e0 eau potable.<\/strong><\/h3>\n\n<p class=\"has-black-color has-text-color\">Le DP Gemeng Mamer installera des fontaines \u00e0 eau potable en libre acc\u00e8s dans les lieux publics tr\u00e8s fr\u00e9quent\u00e9s (parcs, aires de jeux, aire canine).<\/p>\n\n<h3 class=\"wp-block-heading\"><strong>Parrainage d\u2019espaces verts et d\u2019infrastructures publiques.<\/strong><\/h3>\n\n<p class=\"has-black-color has-text-color\">Le DP Gemeng Mamer pr\u00e9conise la mise en parrainage d\u2019espaces verts et d\u2019infrastructures publics. Il importe, d\u2019une part, que les citoyens, les \u00e9coles et les entreprises aient la possibilit\u00e9 de se consacrer b\u00e9n\u00e9volement \u00e0 la plantation et \u00e0 l\u2019entretien de jardins communautaires, de parterres de fleurs, de jardini\u00e8res, etc. et, d\u2019autre part, que les entreprises, par exemple, puissent parrainer des infrastructures (p. ex. des fontaines \u00e0 eau potable ou des bancs publics).<\/p>\n\n<h3 class=\"wp-block-heading\"><strong>D\u00e9velopper l\u2019approvisionnement en \u00e9lectricit\u00e9 neutre pour le climat.<\/strong><\/h3>\n\n<p class=\"has-black-color has-text-color\">Le DP Gemeng Mamer entend exploiter au maximum le potentiel de production d\u2019\u00e9nergie renouvelable de la commune. Il convient d\u2019alimenter le plus rapidement possible l\u2019ensemble des b\u00e2timents publics (administration communale, \u00e9coles, centres sportifs, etc.) en \u00e9lectricit\u00e9 issue d\u2019une production locale. Pour ce faire, nous d\u00e9velopperons syst\u00e9matiquement l\u2019installation et l\u2019utilisation de syst\u00e8mes photovolta\u00efques sur les toits communaux. Le cas \u00e9ch\u00e9ant, les exc\u00e9dents pourront \u00eatre vendus et inject\u00e9s dans le r\u00e9seau.<\/p>\n\n<figure class=\"wp-block-image size-large\"><img fetchpriority=\"high\" decoding=\"async\" width=\"1024\" height=\"683\" src=\"https:\/\/www.dp.lu\/mamer\/wp-content\/uploads\/sites\/20\/2023\/05\/Solar-panel-pixabay-1024x683.jpg\" alt=\"\" class=\"wp-image-2354\" srcset=\"https:\/\/www.dp.lu\/mamer\/wp-content\/uploads\/sites\/20\/2023\/05\/Solar-panel-pixabay-1024x683.jpg 1024w, https:\/\/www.dp.lu\/mamer\/wp-content\/uploads\/sites\/20\/2023\/05\/Solar-panel-pixabay-300x200.jpg 300w, https:\/\/www.dp.lu\/mamer\/wp-content\/uploads\/sites\/20\/2023\/05\/Solar-panel-pixabay-768x512.jpg 768w, https:\/\/www.dp.lu\/mamer\/wp-content\/uploads\/sites\/20\/2023\/05\/Solar-panel-pixabay-1536x1024.jpg 1536w, https:\/\/www.dp.lu\/mamer\/wp-content\/uploads\/sites\/20\/2023\/05\/Solar-panel-pixabay.jpg 1920w\" sizes=\"(max-width: 1024px) 100vw, 1024px\" \/><figcaption class=\"wp-element-caption\">Photo: Pixabay<\/figcaption><\/figure>\n\n<h3 class=\"wp-block-heading\"><strong>Davantage de lumi\u00e8re, moins d\u2019\u00e9nergie.<\/strong><\/h3>\n\n<p class=\"has-black-color has-text-color\">L\u2019\u00e9clairage public repr\u00e9sente une part importante de la consommation d\u2019\u00e9lectricit\u00e9. Le DP Gemeng Mamer est dispos\u00e9 \u00e0 convertir l\u2019ensemble des \u00e9clairages communaux aux LED, une technologie plus efficace sur le plan \u00e9nerg\u00e9tique et, si possible, \u00e0 les \u00e9quiper d\u2019une fonction de variation de l\u2019intensit\u00e9 et de capteurs de mouvement.<\/p>\n\n<h3 class=\"wp-block-heading\"><strong>Impliquer et sensibiliser les citoyens.<\/strong><\/h3>\n\n<p class=\"has-black-color has-text-color\">Sur le mod\u00e8le du Bureau du citoyen pour le climat (\u00ab Klimabiergerrot \u00bb), le DP envisage d\u2019impliquer davantage les citoyens \u00e9galement au niveau local, en favorisant leur participation \u00e0 l\u2019\u00e9laboration de mesures concr\u00e8tes en mati\u00e8re de politique climatique. Le DP Gemeng Mamer s\u2019engage de surcro\u00eet \u00e0 organiser r\u00e9guli\u00e8rement des campagnes d\u2019information et de sensibilisation \u00e0 l\u2019attention des adultes, des enfants et des adolescents.<\/p>\n\n<h3 class=\"wp-block-heading\"><strong>Conseil en \u00e9nergie. <\/strong><\/h3>\n\n<p class=\"has-black-color has-text-color\">En plus des services de conseil nationaux tels que la Klima-Agence, le DP Gemeng Mamer entend d\u00e9velopper \u00e9galement au niveau local des services de conseil \u00e0 destination des m\u00e9nages et des entreprises. Des campagnes d\u2019information et de sensibilisation devraient en outre inciter le personnel communal \u00e0 r\u00e9duire sa consommation d\u2019\u00e9nergie. Les citoyennes et citoyens pr\u00eat.e.s \u00e0 investir dans des projets de r\u00e9duction de consommation \u00e9nerg\u00e9tique devraient pouvoir obtenir aupr\u00e8s de la commune une information la plus concr\u00e8te possible sur les co\u00fbts et les \u00e9conomies d\u2019\u00e9nergie qui les attendent.<\/p>\n\n<h3 class=\"wp-block-heading\"><strong>Construire dans le respect du climat et de l\u2019environnement.<\/strong><\/h3>\n\n<p class=\"has-black-color has-text-color\">Le DP Gemeng Mamer veillera \u00e0 ce que tous les projets de construction \u00e0 venir r\u00e9pondent aux normes \u00e9nerg\u00e9tiques les plus \u00e9lev\u00e9es. En ce qui concerne les b\u00e2timents communaux, une attention particuli\u00e8re sera accord\u00e9e \u00e0 l\u2019utilisation de mat\u00e9riaux de construction respectueux de l\u2019environnement, tels que le bois, et \u00e0 une planification r\u00e9pondant aux principes de l\u2019\u00e9conomie circulaire.<\/p>\n\n<h3 class=\"wp-block-heading\"><strong>Assainissement \u00e9nerg\u00e9tique.<\/strong><\/h3>\n\n<p class=\"has-black-color has-text-color\">Le DP Gemeng Mamer s\u2019engage en faveur d\u2019un programme d\u2019investissement g\u00e9n\u00e9ral \u00e0 tous les niveaux de l\u2019administration afin d\u2019assainir les b\u00e2timents publics sur le plan \u00e9nerg\u00e9tique.<\/p>\n\n<h3 class=\"wp-block-heading\"><strong>Mettre en place davantage de subventions favorables au climat.<\/strong><strong><\/strong><\/h3>\n\n<p class=\"has-black-color has-text-color\">En plus des subventions \u00e9tatiques en faveur des \u00e9nergies renouvelables, de l\u2019assainissement \u00e9nerg\u00e9tique et de la mobilit\u00e9 neutre en carbone, le DP Gemeng Mamer s\u2019engage \u00e0 adapter les subventions en place au niveau communal, voire \u00e0 en introduire de nouvelles, ce afin de cr\u00e9er de nouvelles incitations fortes pour les citoyens. Par ailleurs, il y a lieu d\u2019encourager l\u2019achat d\u2019appareils \u00e9lectrom\u00e9nagers efficaces sur le plan \u00e9nerg\u00e9tique, en particulier aupr\u00e8s des m\u00e9nages \u00e0 faibles revenus.<\/p>\n\n<h3 class=\"wp-block-heading\"><strong>Vers la plus haute certification du Pacte Climat 2.0.<\/strong><\/h3>\n\n<p class=\"has-black-color has-text-color\">Mamer est membre du Pacte Climat 2.0. Nous oeuvrerons pour que notre commune obtienne la plus haute certification pour des mesures exemplaires de protection du climat.<\/p>\n\n<figure class=\"wp-block-image size-large\"><img decoding=\"async\" width=\"1024\" height=\"768\" src=\"https:\/\/www.dp.lu\/mamer\/wp-content\/uploads\/sites\/20\/2023\/05\/IMG_8673-1024x768.jpg\" alt=\"\" class=\"wp-image-1860\" srcset=\"https:\/\/www.dp.lu\/mamer\/wp-content\/uploads\/sites\/20\/2023\/05\/IMG_8673-1024x768.jpg 1024w, https:\/\/www.dp.lu\/mamer\/wp-content\/uploads\/sites\/20\/2023\/05\/IMG_8673-300x225.jpg 300w, https:\/\/www.dp.lu\/mamer\/wp-content\/uploads\/sites\/20\/2023\/05\/IMG_8673-768x576.jpg 768w, https:\/\/www.dp.lu\/mamer\/wp-content\/uploads\/sites\/20\/2023\/05\/IMG_8673-1536x1152.jpg 1536w, https:\/\/www.dp.lu\/mamer\/wp-content\/uploads\/sites\/20\/2023\/05\/IMG_8673-2048x1536.jpg 2048w\" sizes=\"(max-width: 1024px) 100vw, 1024px\" \/><\/figure>\n\n<h3 class=\"wp-block-heading\"><strong>Recourir \u00e0 des ressources durables.<\/strong><\/h3>\n\n<p class=\"has-black-color has-text-color\">Le DP s\u2019engage \u00e0 ce que les biens et services achet\u00e9s par la commune r\u00e9pondent aux crit\u00e8res environnementaux, sociaux et de gouvernance les plus \u00e9lev\u00e9s (crit\u00e8res ESG). La commune doit soutenir des projets pour construire des b\u00e2timents avec des mat\u00e9riaux recycl\u00e9s. La commune doit aussi soutenir l\u2019acquisition et l\u2019installation de r\u00e9servoirs d\u2019eau.<\/p>\n\n<h3 class=\"wp-block-heading\"><strong>Appels d\u2019offres publics selon des crit\u00e8res de durabilit\u00e9.<\/strong><\/h3>\n\n<p class=\"has-black-color has-text-color\">Outre les crit\u00e8res financiers habituels, il y a lieu d\u2019int\u00e9grer dans les sp\u00e9cifications des appels d\u2019offres publics des facteurs tels que l\u2019impact environnemental, l\u2019\u00e9conomie circulaire, l\u2019utilisation respectueuse de l\u2019eau et l\u2019efficacit\u00e9 \u00e9nerg\u00e9tique.<\/p>\n\n<h3 class=\"wp-block-heading\"><strong>Commune <\/strong><strong>antigaspi.<\/strong><\/h3>\n\n<p class=\"has-black-color has-text-color\">Un tiers des denr\u00e9es alimentaires produites \u00e0 l\u2019\u00e9chelle mondiale sont jet\u00e9es. Parall\u00e8lement, les pays en voie de d\u00e9veloppement sont confront\u00e9s \u00e0 des situations de famine et \u00e0 des difficult\u00e9s d\u2019approvisionnement en c\u00e9r\u00e9ales. Outre l\u2019obligation morale de s\u2019attaquer \u00e0 cette probl\u00e9matique, il ne faut pas perdre de vue la dimension \u00e9cologique. Le DP Gemeng Mamer entend veiller \u00e0 ce que la commune sensibilise les citoyens \u00e0 ce sujet par le biais de la campagne antigaspi.lu. Le DP encourage par ailleurs la collaboration des communes avec les acteurs du foodsharing.<\/p>\n\n<h3 class=\"wp-block-heading\"><strong>Exploitation durable des for\u00eats.<\/strong><\/h3>\n\n<p class=\"has-black-color has-text-color\">Nous soutenons un reboisement et une exploitation durables des for\u00eats, par exemple en tant que sources d\u2019\u00e9nergie pour les chauffages \u00e0 copeaux ou \u00e0 b\u00fbches. De plus, nous nous engageons \u00e0 ce que la sylviculture durable aille de pair avec le d\u00e9veloppement \u00e9conomique \u00e0 l\u2019\u00e9chelle r\u00e9gionale et \u00e0 ce que cette approche soit encourag\u00e9e dans l\u2019optique, entre autres, d\u2019\u00e9viter les longues distances de transport.<\/p>\n\n<figure class=\"wp-block-image size-large\"><img decoding=\"async\" width=\"1024\" height=\"768\" src=\"https:\/\/www.dp.lu\/mamer\/wp-content\/uploads\/sites\/20\/2023\/05\/Natur-Cap-Holzem-8-1024x768.jpg\" alt=\"\" class=\"wp-image-2196\" srcset=\"https:\/\/www.dp.lu\/mamer\/wp-content\/uploads\/sites\/20\/2023\/05\/Natur-Cap-Holzem-8-1024x768.jpg 1024w, https:\/\/www.dp.lu\/mamer\/wp-content\/uploads\/sites\/20\/2023\/05\/Natur-Cap-Holzem-8-300x225.jpg 300w, https:\/\/www.dp.lu\/mamer\/wp-content\/uploads\/sites\/20\/2023\/05\/Natur-Cap-Holzem-8-768x576.jpg 768w, https:\/\/www.dp.lu\/mamer\/wp-content\/uploads\/sites\/20\/2023\/05\/Natur-Cap-Holzem-8-1536x1152.jpg 1536w, https:\/\/www.dp.lu\/mamer\/wp-content\/uploads\/sites\/20\/2023\/05\/Natur-Cap-Holzem-8-2048x1536.jpg 2048w\" sizes=\"(max-width: 1024px) 100vw, 1024px\" \/><\/figure>\n\n<h3 class=\"wp-block-heading\"><strong>Protection active des sols.<\/strong><\/h3>\n\n<p class=\"has-black-color has-text-color\">La protection active des sols compte parmi les priorit\u00e9s absolues dans le domaine de l\u2019environnement. Le DP entend non seulement \u00e9viter que l\u2019\u00e9tat de nos sols ne se d\u00e9t\u00e9riore davantage, mais il envisage \u00e9galement l\u2019assainissement des sols d\u00e9j\u00e0 contamin\u00e9s. Pour garantir un approvisionnement en eau potable de qualit\u00e9, il est indispensable de prot\u00e9ger efficacement les sources.<\/p>\n\n<h3 class=\"wp-block-heading\"><strong>Prot\u00e9ger la biodiversit\u00e9.<\/strong><\/h3>\n\n<p class=\"has-black-color has-text-color\">La r\u00e9silience de nos \u00e9cosyst\u00e8mes joue un r\u00f4le crucial \u00e9galement au niveau local. Dans cette optique, le DP Gemeng Mamer vise une r\u00e9duction du recours aux produits phytosanitaires, une v\u00e9g\u00e9talisation accrue des localit\u00e9s, un entretien des prairies communales et des espaces verts le long des routes selon le principe du fauchage tardif, ainsi que la protection et la renaturation des biotopes locaux, tels que les prairies humides.<\/p>\n\n<figure class=\"wp-block-image size-large is-resized\"><img loading=\"lazy\" decoding=\"async\" src=\"https:\/\/www.dp.lu\/mamer\/wp-content\/uploads\/sites\/20\/2023\/05\/Natur-Cap-Holzem-2-1024x768.jpg\" alt=\"\" class=\"wp-image-2178\" width=\"1000\" height=\"750\" srcset=\"https:\/\/www.dp.lu\/mamer\/wp-content\/uploads\/sites\/20\/2023\/05\/Natur-Cap-Holzem-2-1024x768.jpg 1024w, https:\/\/www.dp.lu\/mamer\/wp-content\/uploads\/sites\/20\/2023\/05\/Natur-Cap-Holzem-2-300x225.jpg 300w, https:\/\/www.dp.lu\/mamer\/wp-content\/uploads\/sites\/20\/2023\/05\/Natur-Cap-Holzem-2-768x576.jpg 768w, https:\/\/www.dp.lu\/mamer\/wp-content\/uploads\/sites\/20\/2023\/05\/Natur-Cap-Holzem-2-1536x1152.jpg 1536w, https:\/\/www.dp.lu\/mamer\/wp-content\/uploads\/sites\/20\/2023\/05\/Natur-Cap-Holzem-2-2048x1536.jpg 2048w\" sizes=\"(max-width: 1000px) 100vw, 1000px\" \/><\/figure>\n\n<h3 class=\"wp-block-heading\"><strong>Mettre en place des solutions alternatives au scellement des sols.<\/strong><strong><\/strong><\/h3>\n\n<p class=\"has-black-color has-text-color\">Le DP Gemeng Mamer pr\u00e9conise d\u2019\u00e9viter autant que possible le scellement des surfaces lors de la construction d\u2019infrastructures publiques comme par exemple de nouvelles places de parking. Nous opterons pour des emplacements perm\u00e9ables \u00e0 l\u2019eau, par exemple gr\u00e2ce \u00e0 l\u2019utilisation de dalles \u00e0 gazon.<\/p>\n\n<h3 class=\"wp-block-heading\"><strong>Recourir davantage \u00e0 l\u2019eau de pluie.<\/strong><\/h3>\n\n<p class=\"has-black-color has-text-color\">Comme d\u2019autres pays, le Luxembourg fait face \u00e0 un manque d\u2019eau croissant. C\u2019est la raison pour laquelle, dans le cadre de la r\u00e9novation ou de la construction de nouvelles infrastructures communales, nous voulons pr\u00e9voir des syst\u00e8mes de r\u00e9cup\u00e9ration de l\u2019eau de pluie, notamment afin d\u2019utiliser cette eau pour alimenter les installations sanitaires. Le DP Gemeng Mamer est favorable au concept de la \u00ab ville \u00e9ponge \u00bb, ou ville perm\u00e9able, qui permet la collecte et le stockage de l\u2019eau de pluie \u00e0 l\u2019\u00e9chelle locale plut\u00f4t que de la canaliser et de l\u2019\u00e9vacuer. Un tel syst\u00e8me permet notamment d\u2019assurer l\u2019irrigation des arbres dans les espaces publics.<\/p>\n\n<h3 class=\"wp-block-heading\"><strong>Am\u00e9liorer la protection contre les inondations, renaturer les cours d\u2019eau.<\/strong><\/h3>\n\n<p class=\"has-black-color has-text-color\">Ces derni\u00e8res ann\u00e9es nous ont rappel\u00e9 de fa\u00e7on dramatique l\u2019importance de la protection contre les inondations. Le DP Gemeng Mamer entend \u00e9laborer un plan global de protection contre les inondations et visera notamment \u00e0 favoriser la renaturation des cours d\u2019eau au sein des communes. Parall\u00e8lement, le DP Gemeng Mamer compte investir dans la protection des biens afin de pr\u00e9parer au mieux les b\u00e2timents menac\u00e9s face \u00e0 tous risques \u00e9ventuels, par exemple avec des \u00e9cluses mobiles. Le DP compte installer aussi de grands bassins de r\u00e9tention souterrains dans lesquels peut s\u2019\u00e9couler l\u2019eau lors de fortes pluies afin d\u2019\u00e9viter ainsi des inondations. Ces r\u00e9serves peuvent \u00eatre utilis\u00e9es lors de p\u00e9riodes de s\u00e9cheresse, notamment pour l\u2019irrigation.<\/p>\n\n<h3 class=\"wp-block-heading\"><strong>Am\u00e9liorer la protection des eaux.<\/strong><\/h3>\n\n<p class=\"has-black-color has-text-color\">La pollution des cours d\u2019eau est un ph\u00e9nom\u00e8ne r\u00e9current, avec un impact consid\u00e9rable sur la qualit\u00e9 de l\u2019eau, ainsi que sur la faune et la flore. Elle peut \u00eatre li\u00e9e \u00e0 des chantiers de construction ou \u00e0 l\u2019\u00e9limination ill\u00e9gale de d\u00e9chets. Le DP Gemeng Mamer s\u2019engagera \u00e0 ce que les responsables doivent davantage r\u00e9pondre de leurs actes. Par ailleurs, le DP Gemeng Mamer organisera des journ\u00e9es d\u2019action r\u00e9guli\u00e8res. Il importe aussi de prot\u00e9ger les sources en concertation avec tous les acteurs.<\/p>\n\n<figure class=\"wp-block-image size-large\"><img loading=\"lazy\" decoding=\"async\" width=\"1024\" height=\"768\" src=\"https:\/\/www.dp.lu\/mamer\/wp-content\/uploads\/sites\/20\/2023\/05\/Mamerdall-5-1024x768.jpg\" alt=\"\" class=\"wp-image-2106\" srcset=\"https:\/\/www.dp.lu\/mamer\/wp-content\/uploads\/sites\/20\/2023\/05\/Mamerdall-5-1024x768.jpg 1024w, https:\/\/www.dp.lu\/mamer\/wp-content\/uploads\/sites\/20\/2023\/05\/Mamerdall-5-300x225.jpg 300w, https:\/\/www.dp.lu\/mamer\/wp-content\/uploads\/sites\/20\/2023\/05\/Mamerdall-5-768x576.jpg 768w, https:\/\/www.dp.lu\/mamer\/wp-content\/uploads\/sites\/20\/2023\/05\/Mamerdall-5-1536x1152.jpg 1536w, https:\/\/www.dp.lu\/mamer\/wp-content\/uploads\/sites\/20\/2023\/05\/Mamerdall-5-2048x1536.jpg 2048w\" sizes=\"(max-width: 1024px) 100vw, 1024px\" \/><\/figure>\n\n<p><a href=\"https:\/\/www.dp.lu\/mamer\/notre-programme-electoral-pour-une-commune-moderne-et-innovante\/?lang=fr\">Retour au sommaire.<\/a><\/p>\n","protected":false},"excerpt":{"rendered":"<p>Energie et climat Pour parvenir \u00e0 une protection efficace du climat, il importe que tout le monde avance dans la m\u00eame direction. Les communes assument une responsabilit\u00e9 particuli\u00e8re \u00e0 cet \u00e9gard et remplissent un r\u00f4le d\u2019exemple \u00e0 donner. Le DP est donc r\u00e9solu \u00e0 renforcer les mesures de protection du climat de fa\u00e7on syst\u00e9matique au [&hellip;]<\/p>\n","protected":false},"author":376,"featured_media":0,"parent":0,"menu_order":0,"comment_status":"closed","ping_status":"closed","template":"","meta":{"footnotes":""},"class_list":["post-2460","page","type-page","status-publish","hentry","wpbf-post"],"_links":{"self":[{"href":"https:\/\/www.dp.lu\/mamer\/wp-json\/wp\/v2\/pages\/2460","targetHints":{"allow":["GET"]}}],"collection":[{"href":"https:\/\/www.dp.lu\/mamer\/wp-json\/wp\/v2\/pages"}],"about":[{"href":"https:\/\/www.dp.lu\/mamer\/wp-json\/wp\/v2\/types\/page"}],"author":[{"embeddable":true,"href":"https:\/\/www.dp.lu\/mamer\/wp-json\/wp\/v2\/users\/376"}],"replies":[{"embeddable":true,"href":"https:\/\/www.dp.lu\/mamer\/wp-json\/wp\/v2\/comments?post=2460"}],"version-history":[{"count":1,"href":"https:\/\/www.dp.lu\/mamer\/wp-json\/wp\/v2\/pages\/2460\/revisions"}],"predecessor-version":[{"id":2461,"href":"https:\/\/www.dp.lu\/mamer\/wp-json\/wp\/v2\/pages\/2460\/revisions\/2461"}],"wp:attachment":[{"href":"https:\/\/www.dp.lu\/mamer\/wp-json\/wp\/v2\/media?parent=2460"}],"curies":[{"name":"wp","href":"https:\/\/api.w.org\/{rel}","templated":true}]}}