{"id":2462,"date":"2023-05-14T17:19:15","date_gmt":"2023-05-14T17:19:15","guid":{"rendered":"https:\/\/www.dp.lu\/mamer\/notre-programme-electoral-chapitre-4-un-environnement-moderne-ou-il-fait-bon-vivre\/"},"modified":"2023-05-16T17:23:18","modified_gmt":"2023-05-16T17:23:18","slug":"notre-programme-electoral-chapitre-4-un-environnement-moderne-ou-il-fait-bon-vivre","status":"publish","type":"page","link":"https:\/\/www.dp.lu\/mamer\/notre-programme-electoral-chapitre-4-un-environnement-moderne-ou-il-fait-bon-vivre\/?lang=fr","title":{"rendered":"Notre programme \u00e9lectoral &#8211; Chapitre 4: Un environnement moderne, o\u00f9 il fait bon vivre"},"content":{"rendered":"\n<h1 class=\"wp-block-heading\">Une commune num\u00e9rique, proche des citoyens et transparente<\/h1>\n\n<p class=\"has-black-color has-text-color\"><em>Le DP entend exploiter le potentiel de la digitalisation et mettre ce progr\u00e8s au service des citoyens.<\/em><\/p>\n\n<h3 class=\"wp-block-heading\"><strong>Une commune intelligente.<\/strong><\/h3>\n\n<p class=\"has-black-color has-text-color\">Le DP souhaite promouvoir le concept de ville intelligente et exploiter le plein potentiel d\u2019une ville connect\u00e9e, sans pour autant faire de compromis en ce qui concerne la protection des donn\u00e9es. Notre commune devrait ainsi se doter d\u2019un \u00e9chevin comp\u00e9tent en mati\u00e8re de num\u00e9rique.<\/p>\n\n<h3 class=\"wp-block-heading\"><strong>Surfer gratuitement.<\/strong><\/h3>\n\n<p class=\"has-black-color has-text-color\">Le DP Gemeng Mamer pr\u00e9conise la mise \u00e0 la disposition d\u2019un acc\u00e8s Internet gratuit et stable dans des lieux tr\u00e8s fr\u00e9quent\u00e9s. Cette mesure contribuera \u00e0 l\u2019attractivit\u00e9 de notre commune.<\/p>\n\n<figure class=\"wp-block-image size-large\"><img fetchpriority=\"high\" decoding=\"async\" width=\"1024\" height=\"768\" src=\"https:\/\/www.dp.lu\/mamer\/wp-content\/uploads\/sites\/20\/2023\/05\/IMG_8895-1024x768.jpg\" alt=\"\" class=\"wp-image-2034\" srcset=\"https:\/\/www.dp.lu\/mamer\/wp-content\/uploads\/sites\/20\/2023\/05\/IMG_8895-1024x768.jpg 1024w, https:\/\/www.dp.lu\/mamer\/wp-content\/uploads\/sites\/20\/2023\/05\/IMG_8895-300x225.jpg 300w, https:\/\/www.dp.lu\/mamer\/wp-content\/uploads\/sites\/20\/2023\/05\/IMG_8895-768x576.jpg 768w, https:\/\/www.dp.lu\/mamer\/wp-content\/uploads\/sites\/20\/2023\/05\/IMG_8895-1536x1152.jpg 1536w, https:\/\/www.dp.lu\/mamer\/wp-content\/uploads\/sites\/20\/2023\/05\/IMG_8895-2048x1536.jpg 2048w\" sizes=\"(max-width: 1024px) 100vw, 1024px\" \/><\/figure>\n\n<h3 class=\"wp-block-heading\"><strong>D\u00e9ploiement de la fibre optique.<\/strong><\/h3>\n\n<p class=\"has-black-color has-text-color\">L\u2019acc\u00e8s \u00e0 un Internet rapide constitue une condition essentielle pour permettre la transition num\u00e9rique dans le monde du travail. Le DP pr\u00e9conise la mise en place d\u2019un r\u00e9seau haut d\u00e9bit g\u00e9n\u00e9ralis\u00e9 pour l\u2019ensemble des m\u00e9nages, entreprises et \u00e9coles.<\/p>\n\n<h3 class=\"wp-block-heading\"><strong>Une communication compr\u00e9hensible et multilingue.<\/strong><\/h3>\n\n<p class=\"has-black-color has-text-color\">Nous entendons faire tout ce qui est en notre pouvoir pour surmonter les barri\u00e8res linguistiques et rendre la communication avec les citoyennes et citoyens aussi simple et compr\u00e9hensible que possible. Cela pr\u00e9suppose notamment que les sites Internet des communes soient accessibles \u00e0 tous et disponibles en plusieurs langues. Il importe de surcro\u00eet que la communication corresponde \u00e0 la r\u00e9alit\u00e9 d\u00e9mographique des communes. Nous nous engageons \u00e0 r\u00e9unir des panels pour tester cette offre de communication. Nous allons r\u00e9former Mamer TV de mani\u00e8re \u00e0 ce que les citoyennes et citoyens aient plus de temps de parole \u00e0 c\u00f4t\u00e9 des responsables politiques. L\u00e0 aussi, nous pr\u00e9conisons une approche multilingue qui devrait int\u00e9grer le nouveau concept.<\/p>\n\n<h3 class=\"wp-block-heading\"><strong>Promouvoir la diversification de la communication.<\/strong><\/h3>\n\n<p class=\"has-black-color has-text-color\">Le DP continue \u00e0 se mobiliser en faveur d\u2019une communication moderne, num\u00e9rique, inclusive, interactive et cibl\u00e9e au sein des communes. Nous estimons indipensable que toute personne d\u00e9sireuse de s\u2019informer ait acc\u00e8s \u00e0 toutes les nouveaut\u00e9s et soit inform\u00e9e le plus rapidement possible. Le DP compte promouvoir toutes les formes de communication, comme les SMS2Citizen, les newsletters, les r\u00e9seaux sociaux, le site web, l\u2019application de la commune et l\u2019application du quartier, et adapter ces canaux aux exigences num\u00e9riques. Mais la communication ne passe pas seulement par Internet. C\u2019est pourquoi nous installerons de grands \u00e9crans sur lesquels on pourra lire les actualit\u00e9s essentielles de la commune et des \u00e9v\u00e9nements \u00e0 venir \u00e0 des endroits strat\u00e9giques.<\/p>\n\n<h3 class=\"wp-block-heading\"><strong>Renforcer la participation des r\u00e9sidents \u00e9trangers aux \u00e9lections communales.<\/strong><\/h3>\n\n<p class=\"has-black-color has-text-color\">Le DP Gemeng Mamer proposera aux r\u00e9sidents \u00e9trangers, d\u00e8s leur enregistrement, de les inscrire sur les listes \u00e9lectorales communales ou europ\u00e9ennes, en les informant quant aux droits et obligations qui en d\u00e9coulent.<\/p>\n\n<h3 class=\"wp-block-heading\"><strong>Promouvoir les services administratifs en ligne.<\/strong><strong><\/strong><\/h3>\n\n<p class=\"has-black-color has-text-color\">Ces derni\u00e8res ann\u00e9es, de nombreuses mesures ont d\u00e9j\u00e0 \u00e9t\u00e9 entreprises pour que la plupart des demandes administratives adress\u00e9es \u00e0 une commune puissent s\u2019effectuer en ligne. Le DP entend poursuivre et acc\u00e9l\u00e9rer le d\u00e9veloppement des services administratifs num\u00e9riques, ainsi qu\u2019\u00e0 les rendre accessibles en tous lieux. En outre, il importe que les citoyens puissent avoir acc\u00e8s \u00e0 tout type de document administratif non priv\u00e9 et aux d\u00e9cisions politiques sur le site Internet de la commune. Par ailleurs, l\u2019ensemble des paiements (factures, timbres fiscaux, etc.) doivent pouvoir se faire par carte de cr\u00e9dit ou via des applications de paiement mobile. Nous allons proc\u00e9der dans cet esprit \u00e0 une refonte compl\u00e8te du site <a href=\"http:\/\/www.mamer.lu\">www.mamer.lu<\/a> et l\u2019\u00e9riger en plateforme moderne accessible \u00e0 tous. En m\u00eame temps, nous d\u00e9velopperons l\u2019appli Mamer de fa\u00e7on \u00e0 ce que toutes les informations et d\u00e9marches soient aussi accessibles par ce biais. Les citoyennes et citoyens devront avoir la possibilit\u00e9 d\u2019\u00eatre automatiquement tenus au courant des nouveaut\u00e9s administratives, des d\u00e9cisions politiques ou des agendas de manifestations. Les citoyennes et citoyens devront pouvoir choisir s\u2019ils souhaitent obtenir le bulletin communal sous forme digitale ou sous forme imprim\u00e9e.<\/p>\n\n<figure class=\"wp-block-image size-large\"><img decoding=\"async\" width=\"1024\" height=\"768\" src=\"https:\/\/www.dp.lu\/mamer\/wp-content\/uploads\/sites\/20\/2023\/05\/Website-Mamer-1024x768.jpg\" alt=\"\" class=\"wp-image-2349\" srcset=\"https:\/\/www.dp.lu\/mamer\/wp-content\/uploads\/sites\/20\/2023\/05\/Website-Mamer-1024x768.jpg 1024w, https:\/\/www.dp.lu\/mamer\/wp-content\/uploads\/sites\/20\/2023\/05\/Website-Mamer-300x225.jpg 300w, https:\/\/www.dp.lu\/mamer\/wp-content\/uploads\/sites\/20\/2023\/05\/Website-Mamer-768x576.jpg 768w, https:\/\/www.dp.lu\/mamer\/wp-content\/uploads\/sites\/20\/2023\/05\/Website-Mamer-1536x1152.jpg 1536w, https:\/\/www.dp.lu\/mamer\/wp-content\/uploads\/sites\/20\/2023\/05\/Website-Mamer-2048x1536.jpg 2048w\" sizes=\"(max-width: 1024px) 100vw, 1024px\" \/><\/figure>\n\n<h3 class=\"wp-block-heading\"><strong>Une commune \u00e0 l\u2019\u00e9coute.<\/strong><\/h3>\n\n<p class=\"has-black-color has-text-color\">Le DP Gemeng Mamer accorde une importance primordiale \u00e0 ce que le coll\u00e8ge des bourgmestre et \u00e9chevins fasse preuve de transparence et d\u2019accessibilit\u00e9 \u00e0 l\u2019\u00e9gard des citoyens. Nous nous engageons \u00e0 organiser r\u00e9guli\u00e8rement des consultations citoyennes avec le conseil des \u00e9chevins et des assembl\u00e9es au cours desquelles les citoyens pourront faire part de leurs inqui\u00e9tudes, pr\u00e9occupations et suggestions. Nous veillerons \u00e0 ce que chaque question soulev\u00e9e soit prise en charge de mani\u00e8re professionnelle et \u00e0 bref d\u00e9lai par l\u2019administration.<\/p>\n\n<h3 class=\"wp-block-heading\"><strong>\u00c9tendre la participation citoyenne.<\/strong><\/h3>\n\n<p class=\"has-black-color has-text-color\">Le DP Gemeng Mamer entend poursuivre la promotion de la participation citoyenne et, de cette fa\u00e7on, renforcer la d\u00e9mocratie participative. Dans cette optique, il importe de donner la possibilit\u00e9 aux citoyens de proposer de nouveaux projets et de s\u2019entretenir avec les responsables communaux. Il est \u00e0 la port\u00e9e de chaque habitant de pr\u00e9senter, \u00e0 titre individuel, collectif, ou pour le compte d\u2019une association, un projet ayant grosso modo pour objectif de contribuer \u00e0 l\u2019embellissement et \u00e0 l\u2019am\u00e9lioration de la vie dans la commune.<\/p>\n\n<h3 class=\"wp-block-heading\"><strong>Cours d\u2019appui en technologies num\u00e9riques.<\/strong><\/h3>\n\n<p class=\"has-black-color has-text-color\">Nombreux sont nos concitoyennes et concitoyens qui peinent \u00e0 s\u2019adapter aux nouvelles technologies. Pour leur \u00e9viter de rester sur le carreau, les communes devraient familiariser ces personnes avec le monde num\u00e9rique en organisant des cours \u00e0 leur attention ou des rencontres citoyennes. La commune devra aussi offrir une plateforme pour mettre en relation des personnes ayant besoin d\u2019aide dans le monde digitale et des personnes capables d\u2019en fournir.<\/p>\n\n<h3 class=\"wp-block-heading\"><strong>Une administration professionnelle.<\/strong><\/h3>\n\n<p class=\"has-black-color has-text-color\">Le DP consid\u00e8re la commune comme une entit\u00e9 de contact et de service fiable. Pour faire face \u00e0 la multitude de t\u00e2ches qui lui incombent, le DP Gemeng Mamer compte investir dans la professionnalisation et la formation continue de l\u2019ensemble du personnel communal.<\/p>\n\n<h3 class=\"wp-block-heading\"><strong>Promouvoir des mod\u00e8les de travail flexibles en tant qu\u2019employeur.<\/strong><\/h3>\n\n<p class=\"has-black-color has-text-color\">Soucieux de tenir compte des \u00e9volutions dans le monde du travail, le DP Gemeng Mamer entend r\u00e9pondre au souhait de nombreux fonctionnaires communaux quant \u00e0 des mod\u00e8les de travail plus flexibles et \u00e0 un meilleur \u00e9quilibre entre vies professionnelle et familiale. Il y a lieu de permettre, lorsque les circonstances le justifient, le travail temporaire \u00e0 domicile.<\/p>\n\n<h3 class=\"wp-block-heading\"><strong>Transmission vid\u00e9o des r\u00e9unions du conseil communal.<\/strong><\/h3>\n\n<p class=\"has-black-color has-text-color\">Le DP estime que toute citoyenne et tout citoyen qui le souhaite devrait avoir la possibilit\u00e9 de suivre les r\u00e9unions du conseil communal. C\u2019est la raison pour laquelle nous nous engageons \u00e0 ce que chaque s\u00e9ance du conseil communal soit film\u00e9e et retransmise en direct ou en diff\u00e9r\u00e9 sur Internet.<\/p>\n\n<figure class=\"wp-block-image size-large\"><img decoding=\"async\" width=\"1024\" height=\"531\" src=\"https:\/\/www.dp.lu\/mamer\/wp-content\/uploads\/sites\/20\/2022\/12\/Conseil-communal-Mamer-1024x531.jpg\" alt=\"\" class=\"wp-image-330\" srcset=\"https:\/\/www.dp.lu\/mamer\/wp-content\/uploads\/sites\/20\/2022\/12\/Conseil-communal-Mamer-1024x531.jpg 1024w, https:\/\/www.dp.lu\/mamer\/wp-content\/uploads\/sites\/20\/2022\/12\/Conseil-communal-Mamer-300x156.jpg 300w, https:\/\/www.dp.lu\/mamer\/wp-content\/uploads\/sites\/20\/2022\/12\/Conseil-communal-Mamer-768x398.jpg 768w, https:\/\/www.dp.lu\/mamer\/wp-content\/uploads\/sites\/20\/2022\/12\/Conseil-communal-Mamer-1536x796.jpg 1536w, https:\/\/www.dp.lu\/mamer\/wp-content\/uploads\/sites\/20\/2022\/12\/Conseil-communal-Mamer-2048x1062.jpg 2048w\" sizes=\"(max-width: 1024px) 100vw, 1024px\" \/><\/figure>\n\n<h1 class=\"wp-block-heading\">Entreprises<\/h1>\n\n<p class=\"has-black-color has-text-color\"><em>Les petites et moyennes entreprises forment le pilier de communes saines et contribuent de mani\u00e8re significative \u00e0 l\u2019attractivit\u00e9 et \u00e0 l\u2019animation des villages et des villes. Ainsi, le maintien et l\u2019implantation d\u2019entreprises artisanales et commerciales m\u00e9ritent la plus grande attention de la part des d\u00e9cideurs communaux. Le DP plaide avec force en faveur de la promotion du commerce de d\u00e9tail, y compris en zone rurale.<\/em><\/p>\n\n<h3 class=\"wp-block-heading\"><strong>Maintien des commerces de d\u00e9tail.<\/strong><strong><\/strong><\/h3>\n\n<p class=\"has-black-color has-text-color\">Le DP s\u2019engage \u00e0 garantir aux citoyens le maintien de la plus grande proximit\u00e9 possible avec les achats et services de base. Nous continuerons \u00e0 pr\u00f4ner le maintien des commerces de d\u00e9tail au sein des localit\u00e9s. L\u00e0 o\u00f9 les conditions \u00e9conomiques ne permettent pas ce maintien, nous nous engagerons, en concertation avec les prestataires de services, \u00e0 d\u00e9velopper des mod\u00e8les alternatifs (antenne mobile, vente ambulante). Nous allons tester l\u2019acceptation par les citoyennes et citoyens de distributeurs s\u00e9curis\u00e9s de marchandises essentielles de production locale et r\u00e9gionale \u00e0 des endroits strat\u00e9giques dans la commune et p\u00e9renniser l\u2019offre en cas de retours positifs. Les march\u00e9s locaux doivent pouvoir se tenir dans les centres des villages.<\/p>\n\n<h3 class=\"wp-block-heading\"><strong>Cr\u00e9ation d\u2019un forum local des entrepreneurs.<\/strong><\/h3>\n\n<p class=\"has-black-color has-text-color\">Nous souhaitons organiser au sein de la commune un forum r\u00e9unissant les entreprises et les commerces, et \u00e9ventuellement l\u2019union commerciale, leur permettant d\u2019\u00e9changer leurs souhaits et aspirations. Nous allons introduire une \u00ab Journ\u00e9e de l\u2019emploi \u00bb &#8211; ou \u00ab Jobdag \u00bb &#8211; r\u00e9guli\u00e8re afin de mettre en relation directe les entreprises locales et les demandeurs d\u2019emploi de la commune et de la r\u00e9gion.<\/p>\n\n<h3 class=\"wp-block-heading\"><strong>Continuer \u00e0 promouvoir les zones industrielles et commerciales.<\/strong><\/h3>\n\n<p class=\"has-black-color has-text-color\">Le DP d\u00e9sire continuer \u00e0 miser, \u00e0 l\u2019\u00e9chelle communale et r\u00e9gionale, sur les zones industrielles et commerciales, dans lesquelles des entreprises d\u00e9j\u00e0 \u00e9tablies peuvent se d\u00e9velopper et attirer de nouvelles activit\u00e9s. Nous tenons \u00e0 ce que ces zones soient reli\u00e9es efficacement (r\u00e9seau routier existant, bus, train, etc.) et \u00e0 emp\u00eacher le d\u00e9veloppement d\u2019un trafic pendulaire au sein des localit\u00e9s.<\/p>\n\n<h3 class=\"wp-block-heading\"><strong>Soutenir les start-up.<\/strong><\/h3>\n\n<p class=\"has-black-color has-text-color\">Lancer une start-up est un parcours sem\u00e9 d\u2019emb\u00fbches. Souvent, le capital et l\u2019espace n\u00e9cessaires font d\u00e9faut. C\u2019est la raison pour laquelle nous voulons mettre des parties de zones d\u2019activit\u00e9 communales et des surfaces de bureaux \u00e0 la disposition de jeunes start-up innovantes et d\u2019entreprises artisanales locales \u00e0 un prix avantageux.<\/p>\n\n<h3 class=\"wp-block-heading\"><strong>\u00ab Sharing economy \u00bb.<\/strong><strong><\/strong><\/h3>\n\n<p class=\"has-black-color has-text-color\">Le DP envisage de cr\u00e9er, le cas \u00e9ch\u00e9ant en collaboration avec des communes voisines, des structures permettant aux citoyens d\u2019emprunter diff\u00e9rents objets m\u00e9nagers en cas de besoin, tels que des tondeuses, des perceuses ou autres appareils similaires, ou de proposer les leurs \u00e0 la location. Le DP Gemeng Mamer soutiendra \u00e9galement les initiatives locales en ce sens.<\/p>\n\n<h3 class=\"wp-block-heading\"><strong>Promouvoir les<\/strong> <strong>\u00ab repair caf\u00e9s \u00bb.<\/strong><\/h3>\n\n<p class=\"has-black-color has-text-color\">Dans un souci de pr\u00e9servation des ressources et conform\u00e9ment aux principes de l\u2019\u00e9conomie circulaire, il y a lieu d\u2019encourager la r\u00e9paration d\u2019appareils et d\u2019objets usuels. Le DP soutiendra ces ateliers, appel\u00e9s \u00ab repair caf\u00e9s \u00bb, dans le cadre desquels les citoyens pourront non seulement faire r\u00e9parer leurs objets, mais \u00e9galement acqu\u00e9rir un certain savoir-faire en la mati\u00e8re. De tels ateliers sont \u00e9galement de nature \u00e0 favoriser le vivre-ensemble au sein de nos communes.<\/p>\n\n<h3 class=\"wp-block-heading\"><strong>D\u00e9velopper l\u2019offre d\u2019espaces<\/strong> <strong>de co-working.<\/strong><\/h3>\n\n<p class=\"has-black-color has-text-color\">Les espaces de co-working sont consid\u00e9r\u00e9s comme des lieux \u00e0 fort potentiel d\u2019innovation, dont l\u2019importance en tant qu\u2019alternative au travail \u00e0 domicile ou au lieu de travail classique va en grandissant. Ces espaces permettent en outre une r\u00e9duction drastique du trafic pendulaire. Le DP Gemeng Mamer a l\u2019intention d\u2019exploiter pleinement le potentiel de cette nouvelle forme de collaboration et de la d\u00e9velopper. Nous allons analyser de suite comment mettre rapidement \u00e0 disposition des espaces de co-working.<\/p>\n\n<h3 class=\"wp-block-heading\"><strong>Pop-up stores<\/strong><strong>.<\/strong><\/h3>\n\n<p class=\"has-black-color has-text-color\">Afin de lutter contre la vacance de locaux, d\u2019attirer de nouveaux commerces et de dynamiser les centres des villages, le DP Gemeng Mamer misera davantage sur l\u2019affectation temporaire de surfaces commerciales.<\/p>\n\n<h1 class=\"wp-block-heading\">Finances communales<\/h1>\n\n<p class=\"has-black-color has-text-color\"><em>Le DP est favorable \u00e0 une politique financi\u00e8re pr\u00e9voyante sous la forme d\u2019une planification financi\u00e8re \u00e0 moyen terme.<\/em><\/p>\n\n<h3 class=\"wp-block-heading\"><strong>Une gestion budg\u00e9taire efficace.<\/strong><\/h3>\n\n<p class=\"has-black-color has-text-color\">Le DP pr\u00e9conise une politique en mati\u00e8re de d\u00e9penses plus efficace au sein des communes ; en ce sens, il a l\u2019intention de cr\u00e9er des moyens suppl\u00e9mentaires en faveur de nouvelles initiatives et de nouveaux investissements par le biais de screenings et de centrales d\u2019achat (inter)communales. Nous revendiquons une politique d\u2019endettement responsable au sein des communes. Il conviendrait de ne recourir \u00e0 l\u2019endettement qu\u2019en cas d\u2019investissements ax\u00e9s sur les besoins et requis pour l\u2019avenir de la commune et de ses citoyens, sans pour autant perdre de vue les co\u00fbts qui s\u2019en suivront pour le budget communal.<\/p>\n\n<h3 class=\"wp-block-heading\"><strong>Des mod\u00e8les de financement alternatifs.<\/strong><\/h3>\n\n<p class=\"has-black-color has-text-color\">Als DP si mir dovunner iwwerzeegt, datt vill Potenzial an der \u00ebffentlech-privater Le DP est convaincu du grand potentiel que repr\u00e9sente le financement public-priv\u00e9 de projets d\u2019investissement avec des entreprises priv\u00e9es et tous citoyens int\u00e9ress\u00e9s. Il y a lieu d\u2019examiner la faisabilit\u00e9 de concepts de financement alternatifs, tels que le partenariat public-priv\u00e9 (Public Private Partnership) ou le crowdfunding pour les installations solaires ou les \u00e9oliennes, et le cas \u00e9ch\u00e9ant, de proc\u00e9der \u00e0 leur mise en oeuvre.<\/p>\n\n<h3 class=\"wp-block-heading\"><strong>Des audits r\u00e9guliers.<\/strong><strong><\/strong><\/h3>\n\n<p class=\"has-black-color has-text-color\">Le DP d\u00e9fend l\u2019id\u00e9e que chaque commune doit se soumettre \u00e0 un audit financier r\u00e9alis\u00e9 par un cabinet d\u2019audit tous les 12 ans (deux l\u00e9gislatures). Les r\u00e9sultats devront ensuite \u00eatre communiqu\u00e9s aux citoyens.<\/p>\n\n<figure class=\"wp-block-image size-large\"><img loading=\"lazy\" decoding=\"async\" width=\"1024\" height=\"576\" src=\"https:\/\/www.dp.lu\/mamer\/wp-content\/uploads\/sites\/20\/2023\/05\/Short-movie-Mamer-Schlass-1024x576.jpg\" alt=\"\" class=\"wp-image-2235\" srcset=\"https:\/\/www.dp.lu\/mamer\/wp-content\/uploads\/sites\/20\/2023\/05\/Short-movie-Mamer-Schlass-1024x576.jpg 1024w, https:\/\/www.dp.lu\/mamer\/wp-content\/uploads\/sites\/20\/2023\/05\/Short-movie-Mamer-Schlass-300x169.jpg 300w, https:\/\/www.dp.lu\/mamer\/wp-content\/uploads\/sites\/20\/2023\/05\/Short-movie-Mamer-Schlass-768x432.jpg 768w, https:\/\/www.dp.lu\/mamer\/wp-content\/uploads\/sites\/20\/2023\/05\/Short-movie-Mamer-Schlass-1536x864.jpg 1536w, https:\/\/www.dp.lu\/mamer\/wp-content\/uploads\/sites\/20\/2023\/05\/Short-movie-Mamer-Schlass.jpg 1920w\" sizes=\"(max-width: 1024px) 100vw, 1024px\" \/><\/figure>\n\n<h3 class=\"wp-block-heading\"><strong>Soutenir la collaboration intercommunale.<\/strong><\/h3>\n\n<p class=\"has-black-color has-text-color\">Tr\u00e8s peu de communes ont la possibilit\u00e9 de mettre \u00e0 la disposition de leurs citoyens toutes les infrastructures et tous les services. C\u2019est la raison pour laquelle le DP entend miser davantage sur une coop\u00e9ration intercommunale. Une telle d\u00e9marche permettrait d\u2019exploiter les synergies entre les structures existantes, les services, les nouveaux projets d\u2019infrastructure (piscines, courts de tennis), etc. et l\u2019acquisition d\u2019engins, ce qui entra\u00eenerait une r\u00e9duction des co\u00fbts.<\/p>\n\n<p><a href=\"https:\/\/www.dp.lu\/mamer\/notre-programme-electoral-pour-une-commune-moderne-et-innovante\/?lang=fr\">Retour au sommaire.<\/a><\/p>\n","protected":false},"excerpt":{"rendered":"<p>Une commune num\u00e9rique, proche des citoyens et transparente Le DP entend exploiter le potentiel de la digitalisation et mettre ce progr\u00e8s au service des citoyens. Une commune intelligente. Le DP souhaite promouvoir le concept de ville intelligente et exploiter le plein potentiel d\u2019une ville connect\u00e9e, sans pour autant faire de compromis en ce qui concerne [&hellip;]<\/p>\n","protected":false},"author":376,"featured_media":0,"parent":0,"menu_order":0,"comment_status":"closed","ping_status":"closed","template":"","meta":{"footnotes":""},"class_list":["post-2462","page","type-page","status-publish","hentry","wpbf-post"],"_links":{"self":[{"href":"https:\/\/www.dp.lu\/mamer\/wp-json\/wp\/v2\/pages\/2462","targetHints":{"allow":["GET"]}}],"collection":[{"href":"https:\/\/www.dp.lu\/mamer\/wp-json\/wp\/v2\/pages"}],"about":[{"href":"https:\/\/www.dp.lu\/mamer\/wp-json\/wp\/v2\/types\/page"}],"author":[{"embeddable":true,"href":"https:\/\/www.dp.lu\/mamer\/wp-json\/wp\/v2\/users\/376"}],"replies":[{"embeddable":true,"href":"https:\/\/www.dp.lu\/mamer\/wp-json\/wp\/v2\/comments?post=2462"}],"version-history":[{"count":1,"href":"https:\/\/www.dp.lu\/mamer\/wp-json\/wp\/v2\/pages\/2462\/revisions"}],"predecessor-version":[{"id":2463,"href":"https:\/\/www.dp.lu\/mamer\/wp-json\/wp\/v2\/pages\/2462\/revisions\/2463"}],"wp:attachment":[{"href":"https:\/\/www.dp.lu\/mamer\/wp-json\/wp\/v2\/media?parent=2462"}],"curies":[{"name":"wp","href":"https:\/\/api.w.org\/{rel}","templated":true}]}}