{"id":2477,"date":"2023-05-16T17:39:02","date_gmt":"2023-05-16T17:39:02","guid":{"rendered":"https:\/\/www.dp.lu\/mamer\/sylvie-zangerle-epouse-klopp\/"},"modified":"2023-05-16T17:42:33","modified_gmt":"2023-05-16T17:42:33","slug":"sylvie-zangerle-epouse-klopp","status":"publish","type":"page","link":"https:\/\/www.dp.lu\/mamer\/sylvie-zangerle-epouse-klopp\/?lang=fr","title":{"rendered":"Sylvie Zangerl\u00e9, \u00e9pouse Klopp"},"content":{"rendered":"\n<p>Toujours le sourire et une attitude positive: facile d\u2019entrer en discussion avec Sylvie Klopp-Zangerl\u00e9, 63 ans, de Mamer. Sa devise: mieux vaut retrousser les manches que r\u00e2ler! C\u2019est ainsi qu\u2019elle se d\u00e9voue aux citoyens de la commune de Mamer, o\u00f9 elle vit depuis 40 ans. L\u2019\u00e9galit\u00e9 des chances \u00e0 tous les niveaux est un domaine qui lui tient particuli\u00e8rement \u00e0 coeur. Sylvie est ainsi membre de la Commission communale de l\u2019\u00e9galit\u00e9 des chances et s\u2019est engag\u00e9e de mani\u00e8re cons\u00e9quente pour la r\u00e9alisation de la \u00ab Maison Citoyenne \u00bb au sein de la maison natale de l\u2019ancien athl\u00e8te de haut niveau et homme politique Josy Barthel.<\/p>\n\n<figure class=\"wp-block-embed is-type-video is-provider-youtube wp-block-embed-youtube wp-embed-aspect-16-9 wp-has-aspect-ratio\"><div class=\"wp-block-embed__wrapper\">\n<div class=\"wpbf-responsive-embed\"><iframe title=\"DP Gemeng Mamer Sylvie Klopp-Zangerl\u00e9\" width=\"1200\" height=\"675\" src=\"https:\/\/www.youtube.com\/embed\/N72PF743-E0?feature=oembed\" frameborder=\"0\" allow=\"accelerometer; autoplay; clipboard-write; encrypted-media; gyroscope; picture-in-picture; web-share\" allowfullscreen><\/iframe><\/div>\n<\/div><\/figure>\n","protected":false},"excerpt":{"rendered":"<p>Toujours le sourire et une attitude positive: facile d\u2019entrer en discussion avec Sylvie Klopp-Zangerl\u00e9, 63 ans, de Mamer. Sa devise: mieux vaut retrousser les manches que r\u00e2ler! C\u2019est ainsi qu\u2019elle se d\u00e9voue aux citoyens de la commune de Mamer, o\u00f9 elle vit depuis 40 ans. L\u2019\u00e9galit\u00e9 des chances \u00e0 tous les niveaux est un domaine [&hellip;]<\/p>\n","protected":false},"author":376,"featured_media":0,"parent":0,"menu_order":0,"comment_status":"closed","ping_status":"closed","template":"","meta":{"footnotes":""},"class_list":["post-2477","page","type-page","status-publish","hentry","wpbf-post"],"_links":{"self":[{"href":"https:\/\/www.dp.lu\/mamer\/wp-json\/wp\/v2\/pages\/2477","targetHints":{"allow":["GET"]}}],"collection":[{"href":"https:\/\/www.dp.lu\/mamer\/wp-json\/wp\/v2\/pages"}],"about":[{"href":"https:\/\/www.dp.lu\/mamer\/wp-json\/wp\/v2\/types\/page"}],"author":[{"embeddable":true,"href":"https:\/\/www.dp.lu\/mamer\/wp-json\/wp\/v2\/users\/376"}],"replies":[{"embeddable":true,"href":"https:\/\/www.dp.lu\/mamer\/wp-json\/wp\/v2\/comments?post=2477"}],"version-history":[{"count":1,"href":"https:\/\/www.dp.lu\/mamer\/wp-json\/wp\/v2\/pages\/2477\/revisions"}],"predecessor-version":[{"id":2478,"href":"https:\/\/www.dp.lu\/mamer\/wp-json\/wp\/v2\/pages\/2477\/revisions\/2478"}],"wp:attachment":[{"href":"https:\/\/www.dp.lu\/mamer\/wp-json\/wp\/v2\/media?parent=2477"}],"curies":[{"name":"wp","href":"https:\/\/api.w.org\/{rel}","templated":true}]}}