{"id":513,"date":"2023-03-20T16:34:56","date_gmt":"2023-03-20T16:34:56","guid":{"rendered":"https:\/\/www.dp.lu\/miersch\/?page_id=513"},"modified":"2023-06-07T12:48:14","modified_gmt":"2023-06-07T12:48:14","slug":"eis-kandidaten-fir-dgemengewalen-2023","status":"publish","type":"page","link":"https:\/\/www.dp.lu\/miersch\/eis-kandidaten-fir-dgemengewalen-2023\/","title":{"rendered":"Eis Kandidaten fir d&#8217;Gemengewalen 2023"},"content":{"rendered":"\t\t<div data-elementor-type=\"wp-page\" data-elementor-id=\"513\" class=\"elementor elementor-513\" data-elementor-post-type=\"page\">\n\t\t\t\t\t\t<section class=\"elementor-section elementor-top-section elementor-element elementor-element-e1ec223 elementor-section-full_width elementor-section-height-default elementor-section-height-default\" data-id=\"e1ec223\" data-element_type=\"section\" data-e-type=\"section\">\n\t\t\t\t\t\t<div class=\"elementor-container elementor-column-gap-default\">\n\t\t\t\t\t<div class=\"elementor-column elementor-col-100 elementor-top-column elementor-element elementor-element-a6cb48e\" data-id=\"a6cb48e\" data-element_type=\"column\" data-e-type=\"column\">\n\t\t\t<div class=\"elementor-widget-wrap elementor-element-populated\">\n\t\t\t\t\t\t<div class=\"elementor-element elementor-element-ea7f735 elementor-widget elementor-widget-image\" data-id=\"ea7f735\" data-element_type=\"widget\" data-e-type=\"widget\" data-widget_type=\"image.default\">\n\t\t\t\t<div class=\"elementor-widget-container\">\n\t\t\t\t\t\t\t\t\t\t\t\t\t\t\t<img fetchpriority=\"high\" decoding=\"async\" width=\"2500\" height=\"1100\" src=\"https:\/\/www.dp.lu\/miersch\/wp-content\/uploads\/sites\/45\/2023\/06\/Kandidaten-Miersch2.jpg\" class=\"attachment-full size-full wp-image-649\" alt=\"\" srcset=\"https:\/\/www.dp.lu\/miersch\/wp-content\/uploads\/sites\/45\/2023\/06\/Kandidaten-Miersch2.jpg 2500w, https:\/\/www.dp.lu\/miersch\/wp-content\/uploads\/sites\/45\/2023\/06\/Kandidaten-Miersch2-300x132.jpg 300w, https:\/\/www.dp.lu\/miersch\/wp-content\/uploads\/sites\/45\/2023\/06\/Kandidaten-Miersch2-1024x451.jpg 1024w, https:\/\/www.dp.lu\/miersch\/wp-content\/uploads\/sites\/45\/2023\/06\/Kandidaten-Miersch2-768x338.jpg 768w, https:\/\/www.dp.lu\/miersch\/wp-content\/uploads\/sites\/45\/2023\/06\/Kandidaten-Miersch2-1536x676.jpg 1536w, https:\/\/www.dp.lu\/miersch\/wp-content\/uploads\/sites\/45\/2023\/06\/Kandidaten-Miersch2-2048x901.jpg 2048w\" sizes=\"(max-width: 2500px) 100vw, 2500px\" \/>\t\t\t\t\t\t\t\t\t\t\t\t\t\t\t<\/div>\n\t\t\t\t<\/div>\n\t\t\t\t\t<\/div>\n\t\t<\/div>\n\t\t\t\t\t<\/div>\n\t\t<\/section>\n\t\t\t\t<section class=\"elementor-section elementor-top-section elementor-element elementor-element-407843b elementor-section-boxed elementor-section-height-default elementor-section-height-default\" data-id=\"407843b\" data-element_type=\"section\" data-e-type=\"section\" data-settings=\"{&quot;background_background&quot;:&quot;classic&quot;}\">\n\t\t\t\t\t\t<div class=\"elementor-container elementor-column-gap-default\">\n\t\t\t\t\t<div class=\"elementor-column elementor-col-100 elementor-top-column elementor-element elementor-element-1ea2ba7\" data-id=\"1ea2ba7\" data-element_type=\"column\" data-e-type=\"column\">\n\t\t\t<div class=\"elementor-widget-wrap elementor-element-populated\">\n\t\t\t\t\t\t<div class=\"elementor-element elementor-element-327f3ad elementor-widget elementor-widget-ucaddon_team_member_grid\" data-id=\"327f3ad\" data-element_type=\"widget\" data-e-type=\"widget\" data-widget_type=\"ucaddon_team_member_grid.default\">\n\t\t\t\t<div class=\"elementor-widget-container\">\n\t\t\t\t\t\n<!-- start Team Member Grid -->\n\t\t<link id='font-awesome-css' href='https:\/\/www.dp.lu\/miersch\/wp-content\/plugins\/unlimited-elements-for-elementor-premium\/assets_libraries\/font-awesome6\/fontawesome-all.min.css' type='text\/css' rel='stylesheet' >\n\t\t<link id='font-awesome-4-shim-css' href='https:\/\/www.dp.lu\/miersch\/wp-content\/plugins\/unlimited-elements-for-elementor-premium\/assets_libraries\/font-awesome6\/fontawesome-v4-shims.min.css' type='text\/css' rel='stylesheet' >\n\n<style>\/* widget: Team Member Grid *\/\n\n#uc_team_member_grid_elementor_327f3ad *{\n  box-sizing:border-box;\n}\n#uc_team_member_grid_elementor_327f3ad\n{\n  position:relative;\n  display:grid;\n}\n\n\n#uc_team_member_grid_elementor_327f3ad .team_member_grid_image_container\n{\n  display:inline-block;\n  overflow:hidden;\n  position:relative;\n  vertical-align:bottom;\n}\n\n\n#uc_team_member_grid_elementor_327f3ad .team_member_grid_image\n{\n  vertical-align:bottom;\n}\n\n#uc_team_member_grid_elementor_327f3ad .team_member_grid_image img\n{\n  object-fit:cover;\n  width:100%;\n  display:block;\n  transition:0.5s;\n  vertical-align:bottom;\n}\n#uc_team_member_grid_elementor_327f3ad .ue_grid_item\n{\n  overflow:hidden;\n  display:flex;\n  flex-direction:column;\n\n}\n.team_member_grid_title\n{\n  font-size:18px;\n}\n\n#uc_team_member_grid_elementor_327f3ad .team_member_grid_icons a\n{\n  display:inline-flex;\n  text-decoration:none;\n  align-items:center;\n  justify-content:center;\n  line-height:1em;\n  transition:0.3s;\n}\n\n#uc_team_member_grid_elementor_327f3ad .team_member_grid_icons a svg\n{\n  width:1em;\n  height:1em;\n}\n\n#uc_team_member_grid_elementor_327f3ad .uc_more_btn\n{\n  transition:0.3s;\n  text-align:center;\n  text-decoration:none;\n}\n\n#uc_team_member_grid_elementor_327f3ad .team_member_grid_image_overlay\n{\n  position:absolute;\n  top:0;\n  left:0;\n  transition:0.3s;\n  display:flex;\n  flex-direction:column;\n  justify-content:center;\n  align-items:center;\n}\n\n#uc_team_member_grid_elementor_327f3ad .team_member_grid_content\n{\n  display:flex;\n  flex-direction:column;\n  flex-grow: 1;\n}\n\n\n#uc_team_member_grid_elementor_327f3ad .team_member_grid_content .team_member_grid_text\n{\nflex-grow: 1;\n}\n\n#uc_team_member_grid_elementor_327f3ad .team_member_grid_content .team_member_grid_icons\n{\n  margin-top:auto;\n}\n\n#uc_team_member_grid_elementor_327f3ad .ue-company-logo img\n{\n  width:100%;\n}\n\n<\/style>\n\n<div id=\"uc_team_member_grid_elementor_327f3ad\" class=\"team_member_grid\">\n   \t\t<div class=\"ue_grid_item\">\n  <div class=\"team_member_grid_header\">\n    <div class=\"team_member_grid_image\">\n     <div class=\"team_member_grid_image_container\">\n       <img decoding=\"async\" src=\"https:\/\/www.dp.lu\/miersch\/wp-content\/uploads\/sites\/45\/2023\/03\/Miersch-Malherbe-Michel1.jpg\" alt=\"Miersch - Malherbe Michel1\"  src=\"https:\/\/www.dp.lu\/miersch\/wp-content\/uploads\/sites\/45\/2023\/03\/Miersch-Malherbe-Michel1.jpg\" alt=\"Miersch - Malherbe Michel1\" width=\"1448\" height=\"1448\">\n       <div class=\"team_member_grid_image_overlay\">\n         \t\n         \t\n    \n                <\/div>\n     <\/div>\n    <\/div>\n    \t\n  \t\n    \n    \n    \n  <\/div>\n  \n  <div class=\"team_member_grid_content\">\n        \n    <div class=\"team_member_grid_title\">Michel Malherbe<\/div>\t\n    <div class=\"team_member_grid_subtitle\">Sp\u00ebtzekandidat<\/div>        \n    \n    <div class=\"team_member_grid_text\"><p class=\"p1\">Buergermeeschter<br \/>Consultant ind\u00e9pendant<br \/>65 Joer<br \/>Sch\u00ebndels<\/p><\/div>\t\n        <div class=\"team_member_grid_icons\">\n      \t\n      \t\n      \t\n      \t\n    <\/div>\n        \n      <\/div>\n<\/div>\n<div class=\"ue_grid_item\">\n  <div class=\"team_member_grid_header\">\n    <div class=\"team_member_grid_image\">\n     <div class=\"team_member_grid_image_container\">\n       <img decoding=\"async\" src=\"https:\/\/www.dp.lu\/miersch\/wp-content\/uploads\/sites\/45\/2023\/03\/Miersch-Betz-Christophe1.jpg\" alt=\"Miersch - Betz Christophe1\"  src=\"https:\/\/www.dp.lu\/miersch\/wp-content\/uploads\/sites\/45\/2023\/03\/Miersch-Betz-Christophe1.jpg\" alt=\"Miersch - Betz Christophe1\" width=\"1448\" height=\"1448\">\n       <div class=\"team_member_grid_image_overlay\">\n         \t\n         \t\n    \n                <\/div>\n     <\/div>\n    <\/div>\n    \t\n  \t\n    \n    \n    \n  <\/div>\n  \n  <div class=\"team_member_grid_content\">\n        \n    <div class=\"team_member_grid_title\">Christophe Betz<\/div>\t\n    <div class=\"team_member_grid_subtitle\"><\/div>        \n    \n    <div class=\"team_member_grid_text\"><p class=\"p1\">Beruffspompjee<br \/>36 Joer<br \/>Miersch<\/p><\/div>\t\n        <div class=\"team_member_grid_icons\">\n      \t\n      \t\n      \t\n      \t\n    <\/div>\n        \n      <\/div>\n<\/div>\n<div class=\"ue_grid_item\">\n  <div class=\"team_member_grid_header\">\n    <div class=\"team_member_grid_image\">\n     <div class=\"team_member_grid_image_container\">\n       <img loading=\"lazy\" decoding=\"async\" src=\"https:\/\/www.dp.lu\/miersch\/wp-content\/uploads\/sites\/45\/2023\/03\/Miersch-Fantin-Halsdorf-Line1.jpg\" alt=\"Miersch - Fantin-Halsdorf Line1\"  src=\"https:\/\/www.dp.lu\/miersch\/wp-content\/uploads\/sites\/45\/2023\/03\/Miersch-Fantin-Halsdorf-Line1.jpg\" alt=\"Miersch - Fantin-Halsdorf Line1\" width=\"1448\" height=\"1448\">\n       <div class=\"team_member_grid_image_overlay\">\n         \t\n         \t\n    \n                <\/div>\n     <\/div>\n    <\/div>\n    \t\n  \t\n    \n    \n    \n  <\/div>\n  \n  <div class=\"team_member_grid_content\">\n        \n    <div class=\"team_member_grid_title\">Line Fantin-Halsdorf<\/div>\t\n    <div class=\"team_member_grid_subtitle\"><\/div>        \n    \n    <div class=\"team_member_grid_text\"><p class=\"p1\">Diplom\u00e9iert Educatrice<br \/>44 Joer<br \/>Miersch<\/p><\/div>\t\n        <div class=\"team_member_grid_icons\">\n      \t\n      \t\n      \t\n      \t\n    <\/div>\n        \n      <\/div>\n<\/div>\n<div class=\"ue_grid_item\">\n  <div class=\"team_member_grid_header\">\n    <div class=\"team_member_grid_image\">\n     <div class=\"team_member_grid_image_container\">\n       <img loading=\"lazy\" decoding=\"async\" src=\"https:\/\/www.dp.lu\/miersch\/wp-content\/uploads\/sites\/45\/2023\/03\/Miersch-Feller-Wilmes-Joelle1.jpg\" alt=\"Miersch - Feller-Wilmes Joe\u0308lle1\"  src=\"https:\/\/www.dp.lu\/miersch\/wp-content\/uploads\/sites\/45\/2023\/03\/Miersch-Feller-Wilmes-Joelle1.jpg\" alt=\"Miersch - Feller-Wilmes Joe\u0308lle1\" width=\"1448\" height=\"1448\">\n       <div class=\"team_member_grid_image_overlay\">\n         \t\n         \t\n    \n                <\/div>\n     <\/div>\n    <\/div>\n    \t\n  \t\n    \n    \n    \n  <\/div>\n  \n  <div class=\"team_member_grid_content\">\n        \n    <div class=\"team_member_grid_title\">Jo\u00eblle Feller-Wilmes<\/div>\t\n    <div class=\"team_member_grid_subtitle\"><\/div>        \n    \n    <div class=\"team_member_grid_text\"><p class=\"p1\">Gemengeconseill\u00e8re<br \/>Hausfra<br \/>58 Joer<br \/>Miersch<\/p><\/div>\t\n        <div class=\"team_member_grid_icons\">\n      \t\n      \t\n      \t\n      \t\n    <\/div>\n        \n      <\/div>\n<\/div>\n<div class=\"ue_grid_item\">\n  <div class=\"team_member_grid_header\">\n    <div class=\"team_member_grid_image\">\n     <div class=\"team_member_grid_image_container\">\n       <img loading=\"lazy\" decoding=\"async\" src=\"https:\/\/www.dp.lu\/miersch\/wp-content\/uploads\/sites\/45\/2023\/03\/Miersch-Hubsch-Max1.jpg\" alt=\"Miersch - Hu\u0308bsch Max1\"  src=\"https:\/\/www.dp.lu\/miersch\/wp-content\/uploads\/sites\/45\/2023\/03\/Miersch-Hubsch-Max1.jpg\" alt=\"Miersch - Hu\u0308bsch Max1\" width=\"1448\" height=\"1448\">\n       <div class=\"team_member_grid_image_overlay\">\n         \t\n         \t\n    \n                <\/div>\n     <\/div>\n    <\/div>\n    \t\n  \t\n    \n    \n    \n  <\/div>\n  \n  <div class=\"team_member_grid_content\">\n        \n    <div class=\"team_member_grid_title\">Max H\u00fcbsch<\/div>\t\n    <div class=\"team_member_grid_subtitle\"><\/div>        \n    \n    <div class=\"team_member_grid_text\"><p class=\"p1\">Techneschen Zeechner<br \/>33 Joer<br \/>Rolleng<\/p><\/div>\t\n        <div class=\"team_member_grid_icons\">\n      \t\n      \t\n      \t\n      \t\n    <\/div>\n        \n      <\/div>\n<\/div>\n<div class=\"ue_grid_item\">\n  <div class=\"team_member_grid_header\">\n    <div class=\"team_member_grid_image\">\n     <div class=\"team_member_grid_image_container\">\n       <img loading=\"lazy\" decoding=\"async\" src=\"https:\/\/www.dp.lu\/miersch\/wp-content\/uploads\/sites\/45\/2023\/03\/Miersch-Kass-Franz1.jpg\" alt=\"Miersch - Kass Fra\u0308nz1\"  src=\"https:\/\/www.dp.lu\/miersch\/wp-content\/uploads\/sites\/45\/2023\/03\/Miersch-Kass-Franz1.jpg\" alt=\"Miersch - Kass Fra\u0308nz1\" width=\"1448\" height=\"1448\">\n       <div class=\"team_member_grid_image_overlay\">\n         \t\n         \t\n    \n                <\/div>\n     <\/div>\n    <\/div>\n    \t\n  \t\n    \n    \n    \n  <\/div>\n  \n  <div class=\"team_member_grid_content\">\n        \n    <div class=\"team_member_grid_title\">Fr\u00e4nz Kass<\/div>\t\n    <div class=\"team_member_grid_subtitle\"><\/div>        \n    \n    <div class=\"team_member_grid_text\"><p class=\"p1\">Bauer<br \/>28 Joer<br \/>Rolleng<\/p><\/div>\t\n        <div class=\"team_member_grid_icons\">\n      \t\n      \t\n      \t\n      \t\n    <\/div>\n        \n      <\/div>\n<\/div>\n<div class=\"ue_grid_item\">\n  <div class=\"team_member_grid_header\">\n    <div class=\"team_member_grid_image\">\n     <div class=\"team_member_grid_image_container\">\n       <img loading=\"lazy\" decoding=\"async\" src=\"https:\/\/www.dp.lu\/miersch\/wp-content\/uploads\/sites\/45\/2023\/03\/Miersch-Krier-Henri1.jpg\" alt=\"Miersch - Krier Henri1\"  src=\"https:\/\/www.dp.lu\/miersch\/wp-content\/uploads\/sites\/45\/2023\/03\/Miersch-Krier-Henri1.jpg\" alt=\"Miersch - Krier Henri1\" width=\"1448\" height=\"1448\">\n       <div class=\"team_member_grid_image_overlay\">\n         \t\n         \t\n    \n                <\/div>\n     <\/div>\n    <\/div>\n    \t\n  \t\n    \n    \n    \n  <\/div>\n  \n  <div class=\"team_member_grid_content\">\n        \n    <div class=\"team_member_grid_title\">Henri Krier<\/div>\t\n    <div class=\"team_member_grid_subtitle\"><\/div>        \n    \n    <div class=\"team_member_grid_text\"><p class=\"p1\">Sch\u00e4ffen<br \/>Pensionaire<br \/>66 Joer<br \/>Biereng<\/p><\/div>\t\n        <div class=\"team_member_grid_icons\">\n      \t\n      \t\n      \t\n      \t\n    <\/div>\n        \n      <\/div>\n<\/div>\n<div class=\"ue_grid_item\">\n  <div class=\"team_member_grid_header\">\n    <div class=\"team_member_grid_image\">\n     <div class=\"team_member_grid_image_container\">\n       <img loading=\"lazy\" decoding=\"async\" src=\"https:\/\/www.dp.lu\/miersch\/wp-content\/uploads\/sites\/45\/2023\/03\/Miersch-Marques-Daniel1.jpg\" alt=\"Miersch - Marques Daniel1\"  src=\"https:\/\/www.dp.lu\/miersch\/wp-content\/uploads\/sites\/45\/2023\/03\/Miersch-Marques-Daniel1.jpg\" alt=\"Miersch - Marques Daniel1\" width=\"1448\" height=\"1448\">\n       <div class=\"team_member_grid_image_overlay\">\n         \t\n         \t\n    \n                <\/div>\n     <\/div>\n    <\/div>\n    \t\n  \t\n    \n    \n    \n  <\/div>\n  \n  <div class=\"team_member_grid_content\">\n        \n    <div class=\"team_member_grid_title\">Daniel Marques<\/div>\t\n    <div class=\"team_member_grid_subtitle\"><\/div>        \n    \n    <div class=\"team_member_grid_text\"><p class=\"p1\">Gemengeconseiller<br \/>Ma\u00eetre d\u2018enseignement technique<br \/>40 Joer<br \/>Recken<\/p><\/div>\t\n        <div class=\"team_member_grid_icons\">\n      \t\n      \t\n      \t\n      \t\n    <\/div>\n        \n      <\/div>\n<\/div>\n<div class=\"ue_grid_item\">\n  <div class=\"team_member_grid_header\">\n    <div class=\"team_member_grid_image\">\n     <div class=\"team_member_grid_image_container\">\n       <img loading=\"lazy\" decoding=\"async\" src=\"https:\/\/www.dp.lu\/miersch\/wp-content\/uploads\/sites\/45\/2023\/03\/Miersch-Pinto-Sandra1.jpg\" alt=\"Miersch - Pinto Sandra1\"  src=\"https:\/\/www.dp.lu\/miersch\/wp-content\/uploads\/sites\/45\/2023\/03\/Miersch-Pinto-Sandra1.jpg\" alt=\"Miersch - Pinto Sandra1\" width=\"1448\" height=\"1448\">\n       <div class=\"team_member_grid_image_overlay\">\n         \t\n         \t\n    \n                <\/div>\n     <\/div>\n    <\/div>\n    \t\n  \t\n    \n    \n    \n  <\/div>\n  \n  <div class=\"team_member_grid_content\">\n        \n    <div class=\"team_member_grid_title\">Sandra Pinto<\/div>\t\n    <div class=\"team_member_grid_subtitle\"><\/div>        \n    \n    <div class=\"team_member_grid_text\"><p class=\"p1\">Professesch<br \/>45 Joer<br \/>Miersch<\/p><\/div>\t\n        <div class=\"team_member_grid_icons\">\n      \t\n      \t\n      \t\n      \t\n    <\/div>\n        \n      <\/div>\n<\/div>\n<div class=\"ue_grid_item\">\n  <div class=\"team_member_grid_header\">\n    <div class=\"team_member_grid_image\">\n     <div class=\"team_member_grid_image_container\">\n       <img loading=\"lazy\" decoding=\"async\" src=\"https:\/\/www.dp.lu\/miersch\/wp-content\/uploads\/sites\/45\/2023\/03\/Miersch-Prickaerts-Pierre1.jpg\" alt=\"Miersch - Prickaerts Pierre1\"  src=\"https:\/\/www.dp.lu\/miersch\/wp-content\/uploads\/sites\/45\/2023\/03\/Miersch-Prickaerts-Pierre1.jpg\" alt=\"Miersch - Prickaerts Pierre1\" width=\"1448\" height=\"1448\">\n       <div class=\"team_member_grid_image_overlay\">\n         \t\n         \t\n    \n                <\/div>\n     <\/div>\n    <\/div>\n    \t\n  \t\n    \n    \n    \n  <\/div>\n  \n  <div class=\"team_member_grid_content\">\n        \n    <div class=\"team_member_grid_title\">Pierre Prickaerts<\/div>\t\n    <div class=\"team_member_grid_subtitle\"><\/div>        \n    \n    <div class=\"team_member_grid_text\"><p class=\"p1\">Bauer<br \/>23 Joer<br \/>P\u00ebtten<\/p><\/div>\t\n        <div class=\"team_member_grid_icons\">\n      \t\n      \t\n      \t\n      \t\n    <\/div>\n        \n      <\/div>\n<\/div>\n<div class=\"ue_grid_item\">\n  <div class=\"team_member_grid_header\">\n    <div class=\"team_member_grid_image\">\n     <div class=\"team_member_grid_image_container\">\n       <img loading=\"lazy\" decoding=\"async\" src=\"https:\/\/www.dp.lu\/miersch\/wp-content\/uploads\/sites\/45\/2023\/03\/Miersch-Radziszewska-Kasia1.jpg\" alt=\"Miersch - Radziszewska Kasia1\"  src=\"https:\/\/www.dp.lu\/miersch\/wp-content\/uploads\/sites\/45\/2023\/03\/Miersch-Radziszewska-Kasia1.jpg\" alt=\"Miersch - Radziszewska Kasia1\" width=\"1448\" height=\"1448\">\n       <div class=\"team_member_grid_image_overlay\">\n         \t\n         \t\n    \n                <\/div>\n     <\/div>\n    <\/div>\n    \t\n  \t\n    \n    \n    \n  <\/div>\n  \n  <div class=\"team_member_grid_content\">\n        \n    <div class=\"team_member_grid_title\">Kasia Radziszewska<\/div>\t\n    <div class=\"team_member_grid_subtitle\"><\/div>        \n    \n    <div class=\"team_member_grid_text\"><p class=\"p1\">Gestionnaire Cr\u00e8che<br \/>50 Joer<br \/>Miersch<\/p><\/div>\t\n        <div class=\"team_member_grid_icons\">\n      \t\n      \t\n      \t\n      \t\n    <\/div>\n        \n      <\/div>\n<\/div>\n<div class=\"ue_grid_item\">\n  <div class=\"team_member_grid_header\">\n    <div class=\"team_member_grid_image\">\n     <div class=\"team_member_grid_image_container\">\n       <img loading=\"lazy\" decoding=\"async\" src=\"https:\/\/www.dp.lu\/miersch\/wp-content\/uploads\/sites\/45\/2023\/03\/Miersch-Reding-Pierre1.jpg\" alt=\"Miersch - Reding Pierre1\"  src=\"https:\/\/www.dp.lu\/miersch\/wp-content\/uploads\/sites\/45\/2023\/03\/Miersch-Reding-Pierre1.jpg\" alt=\"Miersch - Reding Pierre1\" width=\"1448\" height=\"1448\">\n       <div class=\"team_member_grid_image_overlay\">\n         \t\n         \t\n    \n                <\/div>\n     <\/div>\n    <\/div>\n    \t\n  \t\n    \n    \n    \n  <\/div>\n  \n  <div class=\"team_member_grid_content\">\n        \n    <div class=\"team_member_grid_title\">Pierre Reding<\/div>\t\n    <div class=\"team_member_grid_subtitle\"><\/div>        \n    \n    <div class=\"team_member_grid_text\"><p class=\"p1\">Conseiller CSSF<br \/>59 Joer<br \/>Miersch<\/p><\/div>\t\n        <div class=\"team_member_grid_icons\">\n      \t\n      \t\n      \t\n      \t\n    <\/div>\n        \n      <\/div>\n<\/div>\n<div class=\"ue_grid_item\">\n  <div class=\"team_member_grid_header\">\n    <div class=\"team_member_grid_image\">\n     <div class=\"team_member_grid_image_container\">\n       <img loading=\"lazy\" decoding=\"async\" src=\"https:\/\/www.dp.lu\/miersch\/wp-content\/uploads\/sites\/45\/2023\/03\/Miersch-SIEBENALLER-Isabelle1.jpg\" alt=\"Miersch - SIEBENALLER Isabelle1\"  src=\"https:\/\/www.dp.lu\/miersch\/wp-content\/uploads\/sites\/45\/2023\/03\/Miersch-SIEBENALLER-Isabelle1.jpg\" alt=\"Miersch - SIEBENALLER Isabelle1\" width=\"1448\" height=\"1448\">\n       <div class=\"team_member_grid_image_overlay\">\n         \t\n         \t\n    \n                <\/div>\n     <\/div>\n    <\/div>\n    \t\n  \t\n    \n    \n    \n  <\/div>\n  \n  <div class=\"team_member_grid_content\">\n        \n    <div class=\"team_member_grid_title\">Isabelle Siebenaller<\/div>\t\n    <div class=\"team_member_grid_subtitle\"><\/div>        \n    \n    <div class=\"team_member_grid_text\"><p class=\"p1\">Diplom\u00e9iert Assistante sociale<br \/>32 Joer<br \/>Recken<\/p><\/div>\t\n        <div class=\"team_member_grid_icons\">\n      \t\n      \t\n      \t\n      \t\n    <\/div>\n        \n      <\/div>\n<\/div>\n<div class=\"ue_grid_item\">\n  <div class=\"team_member_grid_header\">\n    <div class=\"team_member_grid_image\">\n     <div class=\"team_member_grid_image_container\">\n       <img loading=\"lazy\" decoding=\"async\" src=\"https:\/\/www.dp.lu\/miersch\/wp-content\/uploads\/sites\/45\/2023\/03\/Miersch-Vullers-Willy1.jpg\" alt=\"Miersch - Vullers Willy1\"  src=\"https:\/\/www.dp.lu\/miersch\/wp-content\/uploads\/sites\/45\/2023\/03\/Miersch-Vullers-Willy1.jpg\" alt=\"Miersch - Vullers Willy1\" width=\"1448\" height=\"1448\">\n       <div class=\"team_member_grid_image_overlay\">\n         \t\n         \t\n    \n                <\/div>\n     <\/div>\n    <\/div>\n    \t\n  \t\n    \n    \n    \n  <\/div>\n  \n  <div class=\"team_member_grid_content\">\n        \n    <div class=\"team_member_grid_title\">Willy Vullers<\/div>\t\n    <div class=\"team_member_grid_subtitle\"><\/div>        \n    \n    <div class=\"team_member_grid_text\"><p class=\"p1\">Gemengeconseiller<br \/>pension\u00e9ierten Apdikter<br \/>68 Joer<br \/>Miersch<\/p><\/div>\t\n        <div class=\"team_member_grid_icons\">\n      \t\n      \t\n      \t\n      \t\n    <\/div>\n        \n      <\/div>\n<\/div>\n<div class=\"ue_grid_item\">\n  <div class=\"team_member_grid_header\">\n    <div class=\"team_member_grid_image\">\n     <div class=\"team_member_grid_image_container\">\n       <img loading=\"lazy\" decoding=\"async\" src=\"https:\/\/www.dp.lu\/miersch\/wp-content\/uploads\/sites\/45\/2023\/03\/miersch-weis-corinne1_52751924808_o.jpg\" alt=\"miersch---weis-corinne1_52751924808_o\"  src=\"https:\/\/www.dp.lu\/miersch\/wp-content\/uploads\/sites\/45\/2023\/03\/miersch-weis-corinne1_52751924808_o.jpg\" alt=\"miersch---weis-corinne1_52751924808_o\" width=\"1448\" height=\"1448\">\n       <div class=\"team_member_grid_image_overlay\">\n         \t\n         \t\n    \n                <\/div>\n     <\/div>\n    <\/div>\n    \t\n  \t\n    \n    \n    \n  <\/div>\n  \n  <div class=\"team_member_grid_content\">\n        \n    <div class=\"team_member_grid_title\">Corinne Weis<\/div>\t\n    <div class=\"team_member_grid_subtitle\"><\/div>        \n    \n    <div class=\"team_member_grid_text\"><p class=\"p1\">M\u00e9diatrice<br \/>Employ\u00e9e am Ausseminist\u00e8re<br \/>36 Joer<br \/>Sch\u00ebndels<\/p><\/div>\t\n        <div class=\"team_member_grid_icons\">\n      \t\n      \t\n      \t\n      \t\n    <\/div>\n        \n      <\/div>\n<\/div>\n\n<\/div>\n<!-- end Team Member Grid -->\t\t\t\t<\/div>\n\t\t\t\t<\/div>\n\t\t\t\t\t<\/div>\n\t\t<\/div>\n\t\t\t\t\t<\/div>\n\t\t<\/section>\n\t\t\t\t<\/div>\n\t\t","protected":false},"excerpt":{"rendered":"<p>Michel Malherbe Sp\u00ebtzekandidat BuergermeeschterConsultant ind\u00e9pendant65 JoerSch\u00ebndels Christophe Betz Beruffspompjee36 JoerMiersch Line Fantin-Halsdorf Diplom\u00e9iert Educatrice44 JoerMiersch Jo\u00eblle Feller-Wilmes Gemengeconseill\u00e8reHausfra58 JoerMiersch Max H\u00fcbsch Techneschen Zeechner33 JoerRolleng Fr\u00e4nz Kass Bauer28 JoerRolleng Henri Krier Sch\u00e4ffenPensionaire66 JoerBiereng Daniel Marques GemengeconseillerMa\u00eetre d\u2018enseignement technique40 JoerRecken Sandra Pinto Professesch45 JoerMiersch Pierre Prickaerts Bauer23 JoerP\u00ebtten Kasia Radziszewska Gestionnaire Cr\u00e8che50 JoerMiersch Pierre Reding Conseiller CSSF59 [&hellip;]<\/p>\n","protected":false},"author":2,"featured_media":0,"parent":0,"menu_order":0,"comment_status":"closed","ping_status":"closed","template":"","meta":{"footnotes":""},"class_list":["post-513","page","type-page","status-publish","hentry","wpbf-post"],"_links":{"self":[{"href":"https:\/\/www.dp.lu\/miersch\/wp-json\/wp\/v2\/pages\/513","targetHints":{"allow":["GET"]}}],"collection":[{"href":"https:\/\/www.dp.lu\/miersch\/wp-json\/wp\/v2\/pages"}],"about":[{"href":"https:\/\/www.dp.lu\/miersch\/wp-json\/wp\/v2\/types\/page"}],"author":[{"embeddable":true,"href":"https:\/\/www.dp.lu\/miersch\/wp-json\/wp\/v2\/users\/2"}],"replies":[{"embeddable":true,"href":"https:\/\/www.dp.lu\/miersch\/wp-json\/wp\/v2\/comments?post=513"}],"version-history":[{"count":23,"href":"https:\/\/www.dp.lu\/miersch\/wp-json\/wp\/v2\/pages\/513\/revisions"}],"predecessor-version":[{"id":655,"href":"https:\/\/www.dp.lu\/miersch\/wp-json\/wp\/v2\/pages\/513\/revisions\/655"}],"wp:attachment":[{"href":"https:\/\/www.dp.lu\/miersch\/wp-json\/wp\/v2\/media?parent=513"}],"curies":[{"name":"wp","href":"https:\/\/api.w.org\/{rel}","templated":true}]}}