{"id":78,"date":"2022-08-05T12:21:01","date_gmt":"2022-08-05T12:21:01","guid":{"rendered":"https:\/\/www.dp.lu\/munneref\/?page_id=78"},"modified":"2026-01-26T13:44:30","modified_gmt":"2026-01-26T13:44:30","slug":"comite","status":"publish","type":"page","link":"https:\/\/www.dp.lu\/munneref\/comite\/","title":{"rendered":"Comit\u00e9"},"content":{"rendered":"\t\t<div data-elementor-type=\"wp-page\" data-elementor-id=\"78\" class=\"elementor elementor-78\" data-elementor-post-type=\"page\">\n\t\t\t\t\t\t<section class=\"elementor-section elementor-top-section elementor-element elementor-element-4e32718 elementor-section-full_width elementor-section-height-default elementor-section-height-default\" data-id=\"4e32718\" data-element_type=\"section\" data-e-type=\"section\">\n\t\t\t\t\t\t<div class=\"elementor-container elementor-column-gap-default\">\n\t\t\t\t\t<div class=\"elementor-column elementor-col-100 elementor-top-column elementor-element elementor-element-13595c6\" data-id=\"13595c6\" data-element_type=\"column\" data-e-type=\"column\">\n\t\t\t<div class=\"elementor-widget-wrap elementor-element-populated\">\n\t\t\t\t\t\t<div class=\"elementor-element elementor-element-991fab8 elementor-widget elementor-widget-image\" data-id=\"991fab8\" data-element_type=\"widget\" data-e-type=\"widget\" data-widget_type=\"image.default\">\n\t\t\t\t<div class=\"elementor-widget-container\">\n\t\t\t\t\t\t\t\t\t\t\t\t\t\t\t<img fetchpriority=\"high\" decoding=\"async\" width=\"720\" height=\"480\" src=\"https:\/\/www.dp.lu\/munneref\/wp-content\/uploads\/sites\/36\/2026\/01\/P1000467.jpeg\" class=\"attachment-full size-full wp-image-408\" alt=\"\" srcset=\"https:\/\/www.dp.lu\/munneref\/wp-content\/uploads\/sites\/36\/2026\/01\/P1000467.jpeg 720w, https:\/\/www.dp.lu\/munneref\/wp-content\/uploads\/sites\/36\/2026\/01\/P1000467-300x200.jpeg 300w\" sizes=\"(max-width: 720px) 100vw, 720px\" \/>\t\t\t\t\t\t\t\t\t\t\t\t\t\t\t<\/div>\n\t\t\t\t<\/div>\n\t\t\t\t\t<\/div>\n\t\t<\/div>\n\t\t\t\t\t<\/div>\n\t\t<\/section>\n\t\t\t\t<section class=\"elementor-section elementor-top-section elementor-element elementor-element-67a9637 elementor-section-boxed elementor-section-height-default elementor-section-height-default\" data-id=\"67a9637\" data-element_type=\"section\" data-e-type=\"section\" data-settings=\"{&quot;background_background&quot;:&quot;classic&quot;}\">\n\t\t\t\t\t\t<div class=\"elementor-container elementor-column-gap-default\">\n\t\t\t\t\t<div class=\"elementor-column elementor-col-100 elementor-top-column elementor-element elementor-element-89fabd9\" data-id=\"89fabd9\" data-element_type=\"column\" data-e-type=\"column\">\n\t\t\t<div class=\"elementor-widget-wrap elementor-element-populated\">\n\t\t\t\t\t\t<div class=\"elementor-element elementor-element-584caa2 elementor-widget elementor-widget-ucaddon_team_member_grid\" data-id=\"584caa2\" data-element_type=\"widget\" data-e-type=\"widget\" data-widget_type=\"ucaddon_team_member_grid.default\">\n\t\t\t\t<div class=\"elementor-widget-container\">\n\t\t\t\t\t\n<!-- start Team Member Grid -->\n\t\t<link id='font-awesome-css' href='https:\/\/www.dp.lu\/munneref\/wp-content\/plugins\/unlimited-elements-for-elementor-premium\/assets_libraries\/font-awesome6\/fontawesome-all.min.css' type='text\/css' rel='stylesheet' >\n\t\t<link id='font-awesome-4-shim-css' href='https:\/\/www.dp.lu\/munneref\/wp-content\/plugins\/unlimited-elements-for-elementor-premium\/assets_libraries\/font-awesome6\/fontawesome-v4-shims.min.css' type='text\/css' rel='stylesheet' >\n\n<style>\/* widget: Team Member Grid *\/\n\n#uc_team_member_grid_elementor_584caa2 *{\n  box-sizing:border-box;\n}\n#uc_team_member_grid_elementor_584caa2\n{\n  position:relative;\n  display:grid;\n}\n\n\n#uc_team_member_grid_elementor_584caa2 .team_member_grid_image_container\n{\n  display:inline-block;\n  overflow:hidden;\n  position:relative;\n  vertical-align:bottom;\n}\n\n\n#uc_team_member_grid_elementor_584caa2 .team_member_grid_image\n{\n  vertical-align:bottom;\n}\n\n#uc_team_member_grid_elementor_584caa2 .team_member_grid_image img\n{\n  object-fit:cover;\n  width:100%;\n  display:block;\n  transition:0.5s;\n  vertical-align:bottom;\n}\n#uc_team_member_grid_elementor_584caa2 .ue_grid_item\n{\n  overflow:hidden;\n  display:flex;\n  flex-direction:column;\n\n}\n.team_member_grid_title\n{\n  font-size:18px;\n}\n\n#uc_team_member_grid_elementor_584caa2 .team_member_grid_icons a\n{\n  display:inline-flex;\n  text-decoration:none;\n  align-items:center;\n  justify-content:center;\n  line-height:1em;\n  transition:0.3s;\n}\n\n#uc_team_member_grid_elementor_584caa2 .team_member_grid_icons a svg\n{\n  width:1em;\n  height:1em;\n}\n\n#uc_team_member_grid_elementor_584caa2 .uc_more_btn\n{\n  transition:0.3s;\n  text-align:center;\n  text-decoration:none;\n}\n\n#uc_team_member_grid_elementor_584caa2 .team_member_grid_image_overlay\n{\n  position:absolute;\n  top:0;\n  left:0;\n  transition:0.3s;\n  display:flex;\n  flex-direction:column;\n  justify-content:center;\n  align-items:center;\n}\n\n#uc_team_member_grid_elementor_584caa2 .team_member_grid_content\n{\n  display:flex;\n  flex-direction:column;\n  flex-grow: 1;\n}\n\n\n#uc_team_member_grid_elementor_584caa2 .team_member_grid_content .team_member_grid_text\n{\nflex-grow: 1;\n}\n\n#uc_team_member_grid_elementor_584caa2 .team_member_grid_content .team_member_grid_icons\n{\n  margin-top:auto;\n}\n\n#uc_team_member_grid_elementor_584caa2 .ue-company-logo img\n{\n  width:100%;\n}\n\n<\/style>\n\n<div id=\"uc_team_member_grid_elementor_584caa2\" class=\"team_member_grid\">\n   \t\t<div class=\"ue_grid_item\">\n  <div class=\"team_member_grid_header\">\n    <div class=\"team_member_grid_image\">\n     <div class=\"team_member_grid_image_container\">\n       <img decoding=\"async\" src=\"https:\/\/www.dp.lu\/munneref\/wp-content\/uploads\/sites\/36\/2026\/01\/202311231646_schommer_claude.jpg\" alt=\"202311231646_schommer_claude\"  src=\"https:\/\/www.dp.lu\/munneref\/wp-content\/uploads\/sites\/36\/2026\/01\/202311231646_schommer_claude.jpg\" alt=\"202311231646_schommer_claude\" width=\"800\" height=\"600\">\n       <div class=\"team_member_grid_image_overlay\">\n         \t\n         \t\n    \n                <\/div>\n     <\/div>\n    <\/div>\n    \t\n  \t\n    \n    \n    \n  <\/div>\n  \n  <div class=\"team_member_grid_content\">\n        \n    <div class=\"team_member_grid_title\">Claude Schommer<\/div>\t\n    <div class=\"team_member_grid_subtitle\">President, 1. Sch\u00e4ffen<\/div>        \n    \n    \t\n        <div class=\"team_member_grid_icons\">\n      <a class=\"\" href=\"mailto:claude.schommer@outlook.com\" ><i class='far fa-envelope'><\/i><\/a>\t\n      <a class=\"\" href=\"https:\/\/facebook.com\/claude.schommer\" ><i class='fab fa-facebook-f'><\/i><\/a>\t\n      <a class=\"\" href=\"https:\/\/twitter.com\/ClaudeSchommer\" ><i class='fab fa-x-twitter'><\/i><\/a>\t\n      \t\n    <\/div>\n        \n      <\/div>\n<\/div>\n<div class=\"ue_grid_item\">\n  <div class=\"team_member_grid_header\">\n    <div class=\"team_member_grid_image\">\n     <div class=\"team_member_grid_image_container\">\n       <img decoding=\"async\" src=\"https:\/\/www.dp.lu\/munneref\/wp-content\/uploads\/sites\/36\/2026\/01\/202107201446_leo_schaus.jpg\" alt=\"202107201446_leo_schaus\"  src=\"https:\/\/www.dp.lu\/munneref\/wp-content\/uploads\/sites\/36\/2026\/01\/202107201446_leo_schaus.jpg\" alt=\"202107201446_leo_schaus\" width=\"480\" height=\"360\">\n       <div class=\"team_member_grid_image_overlay\">\n         \t\n         \t\n    \n                <\/div>\n     <\/div>\n    <\/div>\n    \t\n  \t\n    \n    \n    \n  <\/div>\n  \n  <div class=\"team_member_grid_content\">\n        \n    <div class=\"team_member_grid_title\">L\u00e9o Schaus<\/div>\t\n    <div class=\"team_member_grid_subtitle\">Tresorier<\/div>        \n    \n    \t\n        <div class=\"team_member_grid_icons\">\n      \t\n      \t\n      \t\n      \t\n    <\/div>\n        \n      <\/div>\n<\/div>\n<div class=\"ue_grid_item\">\n  <div class=\"team_member_grid_header\">\n    <div class=\"team_member_grid_image\">\n     <div class=\"team_member_grid_image_container\">\n       <img loading=\"lazy\" decoding=\"async\" src=\"https:\/\/www.dp.lu\/munneref\/wp-content\/uploads\/sites\/36\/2026\/01\/202311231646_altmann_tessy.jpg\" alt=\"202311231646_altmann_tessy\"  src=\"https:\/\/www.dp.lu\/munneref\/wp-content\/uploads\/sites\/36\/2026\/01\/202311231646_altmann_tessy.jpg\" alt=\"202311231646_altmann_tessy\" width=\"800\" height=\"600\">\n       <div class=\"team_member_grid_image_overlay\">\n         \t\n         \t\n    \n                <\/div>\n     <\/div>\n    <\/div>\n    \t\n  \t\n    \n    \n    \n  <\/div>\n  \n  <div class=\"team_member_grid_content\">\n        \n    <div class=\"team_member_grid_title\">Tessy Altmann<\/div>\t\n    <div class=\"team_member_grid_subtitle\">Sch\u00e4ffen, Member<\/div>        \n    \n    \t\n        <div class=\"team_member_grid_icons\">\n      <a class=\"\" href=\"mailto:tessy.altmann@mondorf-les-bains.lu\" ><i class='far fa-envelope'><\/i><\/a>\t\n      <a class=\"\" href=\"https:\/\/facebook.com\/tessy.altmann\" ><i class='fab fa-facebook-f'><\/i><\/a>\t\n      \t\n      \t\n    <\/div>\n        \n      <\/div>\n<\/div>\n<div class=\"ue_grid_item\">\n  <div class=\"team_member_grid_header\">\n    <div class=\"team_member_grid_image\">\n     <div class=\"team_member_grid_image_container\">\n       <img loading=\"lazy\" decoding=\"async\" src=\"https:\/\/www.dp.lu\/munneref\/wp-content\/uploads\/sites\/36\/2026\/01\/202311231646_bichler_marc.jpg\" alt=\"202311231646_bichler_marc\"  src=\"https:\/\/www.dp.lu\/munneref\/wp-content\/uploads\/sites\/36\/2026\/01\/202311231646_bichler_marc.jpg\" alt=\"202311231646_bichler_marc\" width=\"800\" height=\"600\">\n       <div class=\"team_member_grid_image_overlay\">\n         \t\n         \t\n    \n                <\/div>\n     <\/div>\n    <\/div>\n    \t\n  \t\n    \n    \n    \n  <\/div>\n  \n  <div class=\"team_member_grid_content\">\n        \n    <div class=\"team_member_grid_title\">Marc Bichler<\/div>\t\n    <div class=\"team_member_grid_subtitle\">Gemengeconseiller, Member<\/div>        \n    \n    \t\n        <div class=\"team_member_grid_icons\">\n      <a class=\"\" href=\"mailto:marc.bichler@pt.lu\" ><i class='far fa-envelope'><\/i><\/a>\t\n      \t\n      \t\n      \t\n    <\/div>\n        \n      <\/div>\n<\/div>\n<div class=\"ue_grid_item\">\n  <div class=\"team_member_grid_header\">\n    <div class=\"team_member_grid_image\">\n     <div class=\"team_member_grid_image_container\">\n       <img loading=\"lazy\" decoding=\"async\" src=\"https:\/\/www.dp.lu\/munneref\/wp-content\/uploads\/sites\/36\/2026\/01\/202107201438_lex_delles.jpg\" alt=\"202107201438_lex_delles\"  src=\"https:\/\/www.dp.lu\/munneref\/wp-content\/uploads\/sites\/36\/2026\/01\/202107201438_lex_delles.jpg\" alt=\"202107201438_lex_delles\" width=\"480\" height=\"360\">\n       <div class=\"team_member_grid_image_overlay\">\n         \t\n         \t\n    \n                <\/div>\n     <\/div>\n    <\/div>\n    \t\n  \t\n    \n    \n    \n  <\/div>\n  \n  <div class=\"team_member_grid_content\">\n        \n    <div class=\"team_member_grid_title\">Lex Delles<\/div>\t\n    <div class=\"team_member_grid_subtitle\">Minister fir d\u2019Ekonomie, M\u00ebttelstand, Energie an Tourismus, Member<\/div>        \n    \n    \t\n        <div class=\"team_member_grid_icons\">\n      <a class=\"\" href=\"mailto:lex.delles@gouv.etat.lu\" ><i class='far fa-envelope'><\/i><\/a>\t\n      <a class=\"\" href=\"https:\/\/facebook.com\/lex.delles\" ><i class='fab fa-facebook-f'><\/i><\/a>\t\n      <a class=\"\" href=\"https:\/\/twitter.com\/LexDelles\" ><i class='fab fa-x-twitter'><\/i><\/a>\t\n      \t\n    <\/div>\n        \n      <\/div>\n<\/div>\n<div class=\"ue_grid_item\">\n  <div class=\"team_member_grid_header\">\n    <div class=\"team_member_grid_image\">\n     <div class=\"team_member_grid_image_container\">\n       <img loading=\"lazy\" decoding=\"async\" src=\"https:\/\/www.dp.lu\/munneref\/wp-content\/uploads\/sites\/36\/2026\/01\/202107201438_candida_esteves.jpg\" alt=\"202107201438_candida_esteves\"  src=\"https:\/\/www.dp.lu\/munneref\/wp-content\/uploads\/sites\/36\/2026\/01\/202107201438_candida_esteves.jpg\" alt=\"202107201438_candida_esteves\" width=\"480\" height=\"360\">\n       <div class=\"team_member_grid_image_overlay\">\n         \t\n         \t\n    \n                <\/div>\n     <\/div>\n    <\/div>\n    \t\n  \t\n    \n    \n    \n  <\/div>\n  \n  <div class=\"team_member_grid_content\">\n        \n    <div class=\"team_member_grid_title\">Candida Esteves<\/div>\t\n    <div class=\"team_member_grid_subtitle\">Member<\/div>        \n    \n    \t\n        <div class=\"team_member_grid_icons\">\n      <a class=\"\" href=\"mailto:candidaa54@gmail.com\" ><i class='far fa-envelope'><\/i><\/a>\t\n      \t\n      \t\n      \t\n    <\/div>\n        \n      <\/div>\n<\/div>\n<div class=\"ue_grid_item\">\n  <div class=\"team_member_grid_header\">\n    <div class=\"team_member_grid_image\">\n     <div class=\"team_member_grid_image_container\">\n       <img loading=\"lazy\" decoding=\"async\" src=\"https:\/\/www.dp.lu\/munneref\/wp-content\/uploads\/sites\/36\/2026\/01\/202107201448_tun_hiltgen.jpg\" alt=\"202107201448_tun_hiltgen\"  src=\"https:\/\/www.dp.lu\/munneref\/wp-content\/uploads\/sites\/36\/2026\/01\/202107201448_tun_hiltgen.jpg\" alt=\"202107201448_tun_hiltgen\" width=\"480\" height=\"360\">\n       <div class=\"team_member_grid_image_overlay\">\n         \t\n         \t\n    \n                <\/div>\n     <\/div>\n    <\/div>\n    \t\n  \t\n    \n    \n    \n  <\/div>\n  \n  <div class=\"team_member_grid_content\">\n        \n    <div class=\"team_member_grid_title\">Antoine dit Tun Hiltgen<\/div>\t\n    <div class=\"team_member_grid_subtitle\">Member<\/div>        \n    \n    \t\n        <div class=\"team_member_grid_icons\">\n      \t\n      \t\n      \t\n      \t\n    <\/div>\n        \n      <\/div>\n<\/div>\n<div class=\"ue_grid_item\">\n  <div class=\"team_member_grid_header\">\n    <div class=\"team_member_grid_image\">\n     <div class=\"team_member_grid_image_container\">\n       <img loading=\"lazy\" decoding=\"async\" src=\"https:\/\/www.dp.lu\/munneref\/wp-content\/uploads\/sites\/36\/2026\/01\/202107201444_david_pires.jpg\" alt=\"202107201444_david_pires\"  src=\"https:\/\/www.dp.lu\/munneref\/wp-content\/uploads\/sites\/36\/2026\/01\/202107201444_david_pires.jpg\" alt=\"202107201444_david_pires\" width=\"480\" height=\"360\">\n       <div class=\"team_member_grid_image_overlay\">\n         \t\n         \t\n    \n                <\/div>\n     <\/div>\n    <\/div>\n    \t\n  \t\n    \n    \n    \n  <\/div>\n  \n  <div class=\"team_member_grid_content\">\n        \n    <div class=\"team_member_grid_title\">David Pires T\u00e9<\/div>\t\n    <div class=\"team_member_grid_subtitle\">Member<\/div>        \n    \n    \t\n        <div class=\"team_member_grid_icons\">\n      \t\n      \t\n      \t\n      \t\n    <\/div>\n        \n      <\/div>\n<\/div>\n<div class=\"ue_grid_item\">\n  <div class=\"team_member_grid_header\">\n    <div class=\"team_member_grid_image\">\n     <div class=\"team_member_grid_image_container\">\n       <img loading=\"lazy\" decoding=\"async\" src=\"https:\/\/www.dp.lu\/munneref\/wp-content\/uploads\/sites\/36\/2026\/01\/202107201447_michel_raguet.jpg\" alt=\"202107201447_michel_raguet\"  src=\"https:\/\/www.dp.lu\/munneref\/wp-content\/uploads\/sites\/36\/2026\/01\/202107201447_michel_raguet.jpg\" alt=\"202107201447_michel_raguet\" width=\"480\" height=\"360\">\n       <div class=\"team_member_grid_image_overlay\">\n         \t\n         \t\n    \n                <\/div>\n     <\/div>\n    <\/div>\n    \t\n  \t\n    \n    \n    \n  <\/div>\n  \n  <div class=\"team_member_grid_content\">\n        \n    <div class=\"team_member_grid_title\">Michel Raguet Walentiny<\/div>\t\n    <div class=\"team_member_grid_subtitle\">Member<\/div>        \n    \n    \t\n        <div class=\"team_member_grid_icons\">\n      <a class=\"\" href=\"mailto:mraguet@pt.lu\" ><i class='far fa-envelope'><\/i><\/a>\t\n      \t\n      \t\n      \t\n    <\/div>\n        \n      <\/div>\n<\/div>\n<div class=\"ue_grid_item\">\n  <div class=\"team_member_grid_header\">\n    <div class=\"team_member_grid_image\">\n     <div class=\"team_member_grid_image_container\">\n       <img loading=\"lazy\" decoding=\"async\" src=\"https:\/\/www.dp.lu\/munneref\/wp-content\/uploads\/sites\/36\/2026\/01\/202311231645_reckel_steve.jpg\" alt=\"202311231645_reckel_steve\"  src=\"https:\/\/www.dp.lu\/munneref\/wp-content\/uploads\/sites\/36\/2026\/01\/202311231645_reckel_steve.jpg\" alt=\"202311231645_reckel_steve\" width=\"800\" height=\"600\">\n       <div class=\"team_member_grid_image_overlay\">\n         \t\n         \t\n    \n                <\/div>\n     <\/div>\n    <\/div>\n    \t\n  \t\n    \n    \n    \n  <\/div>\n  \n  <div class=\"team_member_grid_content\">\n        \n    <div class=\"team_member_grid_title\">Steve Reckel<\/div>\t\n    <div class=\"team_member_grid_subtitle\">Buergermeeschter, Member<\/div>        \n    \n    \t\n        <div class=\"team_member_grid_icons\">\n      <a class=\"\" href=\"mailto:steve.reckel@mondorf-les-bains.lu\" ><i class='far fa-envelope'><\/i><\/a>\t\n      <a class=\"\" href=\"https:\/\/facebook.com\/steve.reckel\" ><i class='fab fa-facebook-f'><\/i><\/a>\t\n      \t\n      \t\n    <\/div>\n        \n      <\/div>\n<\/div>\n<div class=\"ue_grid_item\">\n  <div class=\"team_member_grid_header\">\n    <div class=\"team_member_grid_image\">\n     <div class=\"team_member_grid_image_container\">\n       <img loading=\"lazy\" decoding=\"async\" src=\"https:\/\/www.dp.lu\/munneref\/wp-content\/uploads\/sites\/36\/2026\/01\/202311231647_lafleur-rennel_nicole.jpg\" alt=\"202311231647_lafleur-rennel_nicole\"  src=\"https:\/\/www.dp.lu\/munneref\/wp-content\/uploads\/sites\/36\/2026\/01\/202311231647_lafleur-rennel_nicole.jpg\" alt=\"202311231647_lafleur-rennel_nicole\" width=\"800\" height=\"600\">\n       <div class=\"team_member_grid_image_overlay\">\n         \t\n         \t\n    \n                <\/div>\n     <\/div>\n    <\/div>\n    \t\n  \t\n    \n    \n    \n  <\/div>\n  \n  <div class=\"team_member_grid_content\">\n        \n    <div class=\"team_member_grid_title\">Nicole Lafleur Rennel<\/div>\t\n    <div class=\"team_member_grid_subtitle\">Gemengeconseiller, Member<\/div>        \n    \n    \t\n        <div class=\"team_member_grid_icons\">\n      <a class=\"\" href=\"mailto:lafleurr@pt.lu\" ><i class='far fa-envelope'><\/i><\/a>\t\n      \t\n      \t\n      \t\n    <\/div>\n        \n      <\/div>\n<\/div>\n<div class=\"ue_grid_item\">\n  <div class=\"team_member_grid_header\">\n    <div class=\"team_member_grid_image\">\n     <div class=\"team_member_grid_image_container\">\n       <img loading=\"lazy\" decoding=\"async\" src=\"https:\/\/www.dp.lu\/munneref\/wp-content\/uploads\/sites\/36\/2026\/01\/202107201445_guy_schadeck.jpg\" alt=\"202107201445_guy_schadeck\"  src=\"https:\/\/www.dp.lu\/munneref\/wp-content\/uploads\/sites\/36\/2026\/01\/202107201445_guy_schadeck.jpg\" alt=\"202107201445_guy_schadeck\" width=\"480\" height=\"360\">\n       <div class=\"team_member_grid_image_overlay\">\n         \t\n         \t\n    \n                <\/div>\n     <\/div>\n    <\/div>\n    \t\n  \t\n    \n    \n    \n  <\/div>\n  \n  <div class=\"team_member_grid_content\">\n        \n    <div class=\"team_member_grid_title\">Guy Schadeck<\/div>\t\n    <div class=\"team_member_grid_subtitle\">Member<\/div>        \n    \n    \t\n        <div class=\"team_member_grid_icons\">\n      \t\n      \t\n      \t\n      \t\n    <\/div>\n        \n      <\/div>\n<\/div>\n<div class=\"ue_grid_item\">\n  <div class=\"team_member_grid_header\">\n    <div class=\"team_member_grid_image\">\n     <div class=\"team_member_grid_image_container\">\n       <img loading=\"lazy\" decoding=\"async\" src=\"https:\/\/www.dp.lu\/munneref\/wp-content\/uploads\/sites\/36\/2026\/01\/202107201439_claude_stephany.jpg\" alt=\"202107201439_claude_stephany\"  src=\"https:\/\/www.dp.lu\/munneref\/wp-content\/uploads\/sites\/36\/2026\/01\/202107201439_claude_stephany.jpg\" alt=\"202107201439_claude_stephany\" width=\"480\" height=\"360\">\n       <div class=\"team_member_grid_image_overlay\">\n         \t\n         \t\n    \n                <\/div>\n     <\/div>\n    <\/div>\n    \t\n  \t\n    \n    \n    \n  <\/div>\n  \n  <div class=\"team_member_grid_content\">\n        \n    <div class=\"team_member_grid_title\">Claude Stephany<\/div>\t\n    <div class=\"team_member_grid_subtitle\">Member<\/div>        \n    \n    \t\n        <div class=\"team_member_grid_icons\">\n      <a class=\"\" href=\"mailto:steps@vo.lu\" ><i class='far fa-envelope'><\/i><\/a>\t\n      <a class=\"\" href=\"https:\/\/facebook.com\/claude.stephany\" ><i class='fab fa-facebook-f'><\/i><\/a>\t\n      \t\n      \t\n    <\/div>\n        \n      <\/div>\n<\/div>\n<div class=\"ue_grid_item\">\n  <div class=\"team_member_grid_header\">\n    <div class=\"team_member_grid_image\">\n     <div class=\"team_member_grid_image_container\">\n       <img loading=\"lazy\" decoding=\"async\" src=\"https:\/\/www.dp.lu\/munneref\/wp-content\/uploads\/sites\/36\/2026\/01\/202311231646_strasser_charlotte.jpg\" alt=\"202311231646_strasser_charlotte\"  src=\"https:\/\/www.dp.lu\/munneref\/wp-content\/uploads\/sites\/36\/2026\/01\/202311231646_strasser_charlotte.jpg\" alt=\"202311231646_strasser_charlotte\" width=\"800\" height=\"600\">\n       <div class=\"team_member_grid_image_overlay\">\n         \t\n         \t\n    \n                <\/div>\n     <\/div>\n    <\/div>\n    \t\n  \t\n    \n    \n    \n  <\/div>\n  \n  <div class=\"team_member_grid_content\">\n        \n    <div class=\"team_member_grid_title\">Charlotte Strasser Beining<\/div>\t\n    <div class=\"team_member_grid_subtitle\">Gemengeconseill\u00e8re, Member<\/div>        \n    \n    \t\n        <div class=\"team_member_grid_icons\">\n      <a class=\"\" href=\"mailto:strasser.charlotte@gmail.com\" ><i class='far fa-envelope'><\/i><\/a>\t\n      \t\n      \t\n      \t\n    <\/div>\n        \n      <\/div>\n<\/div>\n<div class=\"ue_grid_item\">\n  <div class=\"team_member_grid_header\">\n    <div class=\"team_member_grid_image\">\n     <div class=\"team_member_grid_image_container\">\n       <img loading=\"lazy\" decoding=\"async\" src=\"https:\/\/www.dp.lu\/munneref\/wp-content\/uploads\/sites\/36\/2026\/01\/202107201442_daniel_wagner.jpg\" alt=\"202107201442_daniel_wagner\"  src=\"https:\/\/www.dp.lu\/munneref\/wp-content\/uploads\/sites\/36\/2026\/01\/202107201442_daniel_wagner.jpg\" alt=\"202107201442_daniel_wagner\" width=\"480\" height=\"360\">\n       <div class=\"team_member_grid_image_overlay\">\n         \t\n         \t\n    \n                <\/div>\n     <\/div>\n    <\/div>\n    \t\n  \t\n    \n    \n    \n  <\/div>\n  \n  <div class=\"team_member_grid_content\">\n        \n    <div class=\"team_member_grid_title\">Daniel Wagner<\/div>\t\n    <div class=\"team_member_grid_subtitle\">Member<\/div>        \n    \n    \t\n        <div class=\"team_member_grid_icons\">\n      <a class=\"\" href=\"mailto:wagnerdani@live.com\" ><i class='far fa-envelope'><\/i><\/a>\t\n      \t\n      \t\n      \t\n    <\/div>\n        \n      <\/div>\n<\/div>\n\n<\/div>\n<!-- end Team Member Grid -->\t\t\t\t<\/div>\n\t\t\t\t<\/div>\n\t\t\t\t\t<\/div>\n\t\t<\/div>\n\t\t\t\t\t<\/div>\n\t\t<\/section>\n\t\t\t\t<\/div>\n\t\t","protected":false},"excerpt":{"rendered":"<p>Claude Schommer President, 1. Sch\u00e4ffen L\u00e9o Schaus Tresorier Tessy Altmann Sch\u00e4ffen, Member Marc Bichler Gemengeconseiller, Member Lex Delles Minister fir d\u2019Ekonomie, M\u00ebttelstand, Energie an Tourismus, Member Candida Esteves Member Antoine dit Tun Hiltgen Member David Pires T\u00e9 Member Michel Raguet Walentiny Member Steve Reckel Buergermeeschter, Member Nicole Lafleur Rennel Gemengeconseiller, Member Guy Schadeck Member Claude [&hellip;]<\/p>\n","protected":false},"author":2,"featured_media":0,"parent":0,"menu_order":0,"comment_status":"closed","ping_status":"closed","template":"","meta":{"footnotes":""},"class_list":["post-78","page","type-page","status-publish","hentry","wpbf-post"],"_links":{"self":[{"href":"https:\/\/www.dp.lu\/munneref\/wp-json\/wp\/v2\/pages\/78","targetHints":{"allow":["GET"]}}],"collection":[{"href":"https:\/\/www.dp.lu\/munneref\/wp-json\/wp\/v2\/pages"}],"about":[{"href":"https:\/\/www.dp.lu\/munneref\/wp-json\/wp\/v2\/types\/page"}],"author":[{"embeddable":true,"href":"https:\/\/www.dp.lu\/munneref\/wp-json\/wp\/v2\/users\/2"}],"replies":[{"embeddable":true,"href":"https:\/\/www.dp.lu\/munneref\/wp-json\/wp\/v2\/comments?post=78"}],"version-history":[{"count":39,"href":"https:\/\/www.dp.lu\/munneref\/wp-json\/wp\/v2\/pages\/78\/revisions"}],"predecessor-version":[{"id":466,"href":"https:\/\/www.dp.lu\/munneref\/wp-json\/wp\/v2\/pages\/78\/revisions\/466"}],"wp:attachment":[{"href":"https:\/\/www.dp.lu\/munneref\/wp-json\/wp\/v2\/media?parent=78"}],"curies":[{"name":"wp","href":"https:\/\/api.w.org\/{rel}","templated":true}]}}