{"id":18,"date":"2022-08-04T13:24:31","date_gmt":"2022-08-04T13:24:31","guid":{"rendered":"https:\/\/www.dp.lu\/nidderaanwen\/?page_id=18"},"modified":"2023-06-12T09:04:25","modified_gmt":"2023-06-12T09:04:25","slug":"home","status":"publish","type":"page","link":"https:\/\/www.dp.lu\/nidderaanwen\/","title":{"rendered":"Home"},"content":{"rendered":"<p><img loading=\"lazy\" decoding=\"async\" width=\"2500\" height=\"1100\" src=\"https:\/\/www.dp.lu\/nidderaanwen\/wp-content\/uploads\/sites\/38\/2023\/06\/Kandidaten-Ndderaanwen2.jpg\" alt=\"\" loading=\"lazy\"><br \/>\n<a href=\"https:\/\/www.dp.lu\/nidderaanwen\/news\/\" role=\"button\"><br \/>\nM\u00e9i Aktualit\u00e9iten<br \/>\n<\/a><\/p>\n<h2>Dossier S\u00e9cherheet<\/h2>\n<p><a href=\"https:\/\/www.dp.lu\/nidderaanwen\/secherheet-an-der-gemeng\/\"><br \/>\n<img loading=\"lazy\" decoding=\"async\" width=\"1024\" height=\"683\" src=\"https:\/\/www.dp.lu\/nidderaanwen\/wp-content\/uploads\/sites\/38\/2023\/06\/secherheet1-1024x683.jpg\" alt=\"\" loading=\"lazy\">\t\t\t\t\t\t\t\t<\/a><\/p>\n<h2>Liberalix Archive<\/h2>\n<p><a href=\"https:\/\/www.dp.lu\/nidderaanwen\/tag\/liberalix\/\"><br \/>\n<img loading=\"lazy\" decoding=\"async\" width=\"1000\" height=\"667\" src=\"https:\/\/www.dp.lu\/nidderaanwen\/wp-content\/uploads\/sites\/38\/2023\/06\/liberalix.jpg\" alt=\"\" loading=\"lazy\">\t\t\t\t\t\t\t\t<\/a><br \/>\n<a href=\"https:\/\/www.dp.lu\/nidderaanwen\/eis-kandidate-fir-dgemengewalen\/\"><br \/>\n<img loading=\"lazy\" decoding=\"async\" width=\"2500\" height=\"1406\" src=\"https:\/\/www.dp.lu\/nidderaanwen\/wp-content\/uploads\/sites\/38\/2023\/06\/Kandidaten-Ndderaanwen1.jpg\" alt=\"\" loading=\"lazy\">\t\t\t\t\t\t\t\t<\/a><\/p>\n<h1>Eis Kandidate fir d&#8217;Gemengewalen 2023<\/h1>\n<p><a href=\"https:\/\/www.dp.lu\/nidderaanwen\/eis-kandidate-fir-dgemengewalen\/\"><br \/>\n<img loading=\"lazy\" decoding=\"async\" width=\"2500\" height=\"1406\" src=\"https:\/\/www.dp.lu\/nidderaanwen\/wp-content\/uploads\/sites\/38\/2023\/06\/Kandidaten-Ndderaanwen1.jpg\" alt=\"\" loading=\"lazy\">\t\t\t\t\t\t\t\t<\/a><br \/>\n<a href=\"https:\/\/www.dp.lu\/nidderaanwen\/eis-kandidate-fir-dgemengewalen\/\" role=\"button\"><br \/>\nM\u00e9i&#8230;<br \/>\n<\/a><\/p>\n<h1>Eis Memberen am Gemengerot<\/h1>\n<p><a href=\"https:\/\/www.dp.lu\/nidderaanwen\/gemengerot\/\"><br \/>\n<img loading=\"lazy\" decoding=\"async\" width=\"2560\" height=\"1219\" src=\"https:\/\/www.dp.lu\/nidderaanwen\/wp-content\/uploads\/sites\/38\/2023\/05\/Gemeng_crop-scaled.jpg\" alt=\"\" loading=\"lazy\">\t\t\t\t\t\t\t\t<\/a><\/p>\n<p>Eis Vertrieder am Gemengerot<\/p>\n<p><a href=\"https:\/\/www.dp.lu\/nidderaanwen\/gemengerot\/\" role=\"button\"><br \/>\nM\u00e9i&#8230;<br \/>\n<\/a><br \/>\n<a href=\"https:\/\/www.dp.lu\/nidderaanwen\/gemengerot\/\"><br \/>\n<img loading=\"lazy\" decoding=\"async\" width=\"2560\" height=\"1707\" src=\"https:\/\/www.dp.lu\/nidderaanwen\/wp-content\/uploads\/sites\/38\/2023\/05\/Gemeng6-scaled.jpg\" alt=\"\" loading=\"lazy\">\t\t\t\t\t\t\t\t<\/a><br \/>\n<a href=\"https:\/\/www.dp.lu\/nidderaanwen\/comite\/\"><br \/>\n<img loading=\"lazy\" decoding=\"async\" width=\"2500\" height=\"1406\" src=\"https:\/\/www.dp.lu\/nidderaanwen\/wp-content\/uploads\/sites\/38\/2023\/04\/Titelbild-Nidderaanwen-Web.jpg\" alt=\"\" loading=\"lazy\">\t\t\t\t\t\t\t\t<\/a><\/p>\n<h1>Eise Comit\u00e9<\/h1>\n<p><a href=\"https:\/\/www.dp.lu\/nidderaanwen\/comite\/\"><br \/>\n<img loading=\"lazy\" decoding=\"async\" width=\"2500\" height=\"1667\" src=\"https:\/\/www.dp.lu\/nidderaanwen\/wp-content\/uploads\/sites\/38\/2022\/08\/comite\u0301.jpg\" alt=\"\" loading=\"lazy\">\t\t\t\t\t\t\t\t<\/a><\/p>\n<p>Eis Kandidate fir d&#8217;Gemeng Nidderaanwen<\/p>\n<p><a href=\"https:\/\/www.dp.lu\/nidderaanwen\/comite\/\" role=\"button\"><br \/>\nM\u00e9i&#8230;<br \/>\n<\/a><\/p>\n","protected":false},"excerpt":{"rendered":"<p>M\u00e9i Aktualit\u00e9iten Dossier S\u00e9cherheet Liberalix Archive Eis Kandidate fir d&#8217;Gemengewalen 2023 M\u00e9i&#8230; Eis Memberen am Gemengerot Eis Vertrieder am Gemengerot M\u00e9i&#8230; Eise Comit\u00e9 Eis Kandidate fir d&#8217;Gemeng Nidderaanwen M\u00e9i&#8230;<\/p>\n","protected":false},"author":2,"featured_media":0,"parent":0,"menu_order":0,"comment_status":"closed","ping_status":"closed","template":"","meta":{"footnotes":""},"class_list":["post-18","page","type-page","status-publish","hentry","wpbf-post"],"_links":{"self":[{"href":"https:\/\/www.dp.lu\/nidderaanwen\/wp-json\/wp\/v2\/pages\/18","targetHints":{"allow":["GET"]}}],"collection":[{"href":"https:\/\/www.dp.lu\/nidderaanwen\/wp-json\/wp\/v2\/pages"}],"about":[{"href":"https:\/\/www.dp.lu\/nidderaanwen\/wp-json\/wp\/v2\/types\/page"}],"author":[{"embeddable":true,"href":"https:\/\/www.dp.lu\/nidderaanwen\/wp-json\/wp\/v2\/users\/2"}],"replies":[{"embeddable":true,"href":"https:\/\/www.dp.lu\/nidderaanwen\/wp-json\/wp\/v2\/comments?post=18"}],"version-history":[{"count":83,"href":"https:\/\/www.dp.lu\/nidderaanwen\/wp-json\/wp\/v2\/pages\/18\/revisions"}],"predecessor-version":[{"id":625,"href":"https:\/\/www.dp.lu\/nidderaanwen\/wp-json\/wp\/v2\/pages\/18\/revisions\/625"}],"wp:attachment":[{"href":"https:\/\/www.dp.lu\/nidderaanwen\/wp-json\/wp\/v2\/media?parent=18"}],"curies":[{"name":"wp","href":"https:\/\/api.w.org\/{rel}","templated":true}]}}