{"id":236,"date":"2023-04-17T13:05:48","date_gmt":"2023-04-17T13:05:48","guid":{"rendered":"https:\/\/www.dp.lu\/nidderaanwen\/?page_id=236"},"modified":"2024-04-23T20:42:18","modified_gmt":"2024-04-23T20:42:18","slug":"news","status":"publish","type":"page","link":"https:\/\/www.dp.lu\/nidderaanwen\/news\/","title":{"rendered":"News"},"content":{"rendered":"\t\t<div data-elementor-type=\"wp-page\" data-elementor-id=\"236\" class=\"elementor elementor-236\" data-elementor-post-type=\"page\">\n\t\t\t\t\t\t<section class=\"elementor-section elementor-top-section elementor-element elementor-element-fa42c76 elementor-section-boxed elementor-section-height-default elementor-section-height-default\" data-id=\"fa42c76\" data-element_type=\"section\" data-e-type=\"section\">\n\t\t\t\t\t\t<div class=\"elementor-container elementor-column-gap-default\">\n\t\t\t\t\t<div class=\"elementor-column elementor-col-100 elementor-top-column elementor-element elementor-element-87c0b79\" data-id=\"87c0b79\" data-element_type=\"column\" data-e-type=\"column\">\n\t\t\t<div class=\"elementor-widget-wrap elementor-element-populated\">\n\t\t\t\t\t\t<div class=\"elementor-element elementor-element-223a66b result-list elementor-hidden-mobile elementor-widget elementor-widget-ucaddon_post_grid\" data-id=\"223a66b\" data-element_type=\"widget\" data-e-type=\"widget\" data-widget_type=\"ucaddon_post_grid.default\">\n\t\t\t\t<div class=\"elementor-widget-container\">\n\t\t\t\t\t\n<!-- start Post Grid -->\n\t\t<link id='font-awesome-css' href='https:\/\/www.dp.lu\/nidderaanwen\/wp-content\/plugins\/unlimited-elements-for-elementor-premium\/assets_libraries\/font-awesome6\/fontawesome-all.min.css' type='text\/css' rel='stylesheet' >\n\t\t<link id='font-awesome-4-shim-css' href='https:\/\/www.dp.lu\/nidderaanwen\/wp-content\/plugins\/unlimited-elements-for-elementor-premium\/assets_libraries\/font-awesome6\/fontawesome-v4-shims.min.css' type='text\/css' rel='stylesheet' >\n\n<style>\/* widget: Post Grid *\/\n\n#uc_post_grid_elementor_223a66b.ue-post-grid {\n   display:grid;\n}\n\n\n\n#uc_post_grid_elementor_223a66b .ue-item\n{\n  overflow:hidden;\n  position:relative;\n}\n\n#uc_post_grid_elementor_223a66b .uc_post_image\n{\n  transition:0.3s;\n  position:relative;\n  overflow:hidden;\n}\n\n#uc_post_grid_elementor_223a66b .uc_post_image img\n{\n  width:100%;\n  display:block;\n  transition:0.3s;\n}\n\n\n\t\n\n\n\n\n\n\n#uc_post_grid_elementor_223a66b .uc_post_image_overlay\n{\n  position:absolute;\n  top:0px;\n  left:0px;\n  height:100%;\n  width:100%;\n  transition:0.3s;\n}\n\n#uc_post_grid_elementor_223a66b .uc_more_btn{\n\n  display:inline-block;\n  text-align:center;\n  text-decoration:none;\n  transition:0.3s;\n}\n\n.ue-grid-item-category a\n{\n  display:inline-block;\n  font-size:10px;\n  \n}\n\n.uc_post_title\n{\n  font-size:21px;\n}\n\n\n\n\n\n\n\n\n\n\n\n\t#uc_post_grid_elementor_223a66b .ue-item\n    {\n      display:flex;\n    }\n\n\t#uc_post_grid_elementor_223a66b .uc_content\n    {\n      display:flex;\n      justify-content:center;\n      flex-direction:column;\n    }\n\n    #uc_post_grid_elementor_223a66b .uc_content \n    {\n\n      flex-shrink:0;\n      flex-grow:0;\n    }\n    #uc_post_grid_elementor_223a66b .ue-post-image-wrapper\n    {\n      flex-grow:1;\n    }\n\t\n\n\n\n\n\n\n\n\n\n\n#uc_post_grid_elementor_223a66b .ue-meta-data\n{\n  \n  display:flex;\n\n  flex-wrap: wrap;\n  line-height:1em;\n}\n\n#uc_post_grid_elementor_223a66b .ue-grid-item-meta-data\n{\n      display:inline-flex;\n      align-items:center;\n}\n\n.ue-grid-item-meta-data\n{\n  font-size:12px;\n}\n\n#uc_post_grid_elementor_223a66b .ue-grid-item-meta-data-icon\n{\n  line-height:1em;\n}\n\n#uc_post_grid_elementor_223a66b .ue-grid-item-meta-data-icon svg\n{\n  width:1em;\n  height:1em;\n}\n\n#uc_post_grid_elementor_223a66b .ue-debug-meta\n{\n  padding:10px;\n  border:1px solid red;\n  position:relative;\n  line-height:1.5em;\n  font-size:11px;\n  width:100%;\n}\n\n.uc-remote-parent .ue-item{\n\tcursor:pointer;\n}\n\n<\/style>\n\n<div class=\"ue-post-grid uc-items-wrapper  \" id=\"uc_post_grid_elementor_223a66b\"  >\n\t\t\t<div class=\"ue-item \">\n  \n   <a class=\"ue-post-image-wrapper\" href=\"https:\/\/www.dp.lu\/nidderaanwen\/quizowend-vun-der-dp\/\" target=\"_self\">\n   <div class=\"uc_post_image\">\n   <img loading=\"lazy\" decoding=\"async\" src=\"https:\/\/www.dp.lu\/nidderaanwen\/wp-content\/uploads\/sites\/38\/2025\/09\/Flyer-768x971.jpg\"  src=\"https:\/\/www.dp.lu\/nidderaanwen\/wp-content\/uploads\/sites\/38\/2025\/09\/Flyer-768x971.jpg\" alt=\"Flyer\" width=\"768\" height=\"971\">\n   <div class=\"uc_post_image_overlay\"><\/div>\n   <\/div>\n  <\/a>\n   \n <div class=\"uc_content\">\n    <div>\n      \n           \n    \n  \n      \n      \n    <div class=\"uc_post_title\"><a href=\"https:\/\/www.dp.lu\/nidderaanwen\/quizowend-vun-der-dp\/\" target=\"_self\"><div>Quizowend vun der DP<\/div><\/a><\/div>\t\n    \n     \n     \n          <div class=\"ue-meta-data\">\n            <div class=\"ue-grid-item-meta-data\"><span class=\"ue-grid-item-meta-data-icon\"><i class='fas fa-calendar-week'><\/i><\/span>  15 September, 2025<\/div>            \n                        \n        \n\t\t\t\n\n\n\n\n\n\n\n\n\n\n\n\n            \n                        \n                        \n                        \n                        \n                        \n            \t\t\t\n              \n            \n          <\/div>\n     \n      \n      \n      \n     <div class=\"uc_post_text\">E Samschdeg 27. September um 19 Auer am Loisi zu Nidderaanwen<\/div>    <div class=\"uc_post_button\"><a class=\"uc_more_btn\" href=\"https:\/\/www.dp.lu\/nidderaanwen\/quizowend-vun-der-dp\/\" target=\"_self\">weiderliesen...<\/a><\/div> \t<\/div>\n  <\/div>\n<\/div>\n<div class=\"ue-item \">\n  \n   <a class=\"ue-post-image-wrapper\" href=\"https:\/\/www.dp.lu\/nidderaanwen\/liberalix-01-2025\/\" target=\"_self\">\n   <div class=\"uc_post_image\">\n   <img loading=\"lazy\" decoding=\"async\" src=\"https:\/\/www.dp.lu\/nidderaanwen\/wp-content\/uploads\/sites\/38\/2023\/06\/liberalix-title-768x338.jpg\"  src=\"https:\/\/www.dp.lu\/nidderaanwen\/wp-content\/uploads\/sites\/38\/2023\/06\/liberalix-title-768x338.jpg\" alt=\"liberalix-title\" width=\"768\" height=\"338\">\n   <div class=\"uc_post_image_overlay\"><\/div>\n   <\/div>\n  <\/a>\n   \n <div class=\"uc_content\">\n    <div>\n      \n           \n    \n  \n      \n      \n    <div class=\"uc_post_title\"><a href=\"https:\/\/www.dp.lu\/nidderaanwen\/liberalix-01-2025\/\" target=\"_self\"><div>Liberalix 01\/2025<\/div><\/a><\/div>\t\n    \n     \n     \n          <div class=\"ue-meta-data\">\n            <div class=\"ue-grid-item-meta-data\"><span class=\"ue-grid-item-meta-data-icon\"><i class='fas fa-calendar-week'><\/i><\/span>  24 January, 2025<\/div>            \n                        \n        \n\t\t\t\n\n\n\n\n\n\n\n\n\n\n\n\n            \n                        \n                        \n                        \n                        \n                        \n            \t\t\t\n              \n            \n          <\/div>\n     \n      \n      \n      \n     <div class=\"uc_post_text\">Fr\u00e9ijoer 2025<\/div>    <div class=\"uc_post_button\"><a class=\"uc_more_btn\" href=\"https:\/\/www.dp.lu\/nidderaanwen\/liberalix-01-2025\/\" target=\"_self\">weiderliesen...<\/a><\/div> \t<\/div>\n  <\/div>\n<\/div>\n<div class=\"ue-item \">\n  \n   <a class=\"ue-post-image-wrapper\" href=\"https:\/\/www.dp.lu\/nidderaanwen\/liberalix-01-2024\/\" target=\"_self\">\n   <div class=\"uc_post_image\">\n   <img loading=\"lazy\" decoding=\"async\" src=\"https:\/\/www.dp.lu\/nidderaanwen\/wp-content\/uploads\/sites\/38\/2023\/06\/liberalix-title-768x338.jpg\"  src=\"https:\/\/www.dp.lu\/nidderaanwen\/wp-content\/uploads\/sites\/38\/2023\/06\/liberalix-title-768x338.jpg\" alt=\"liberalix-title\" width=\"768\" height=\"338\">\n   <div class=\"uc_post_image_overlay\"><\/div>\n   <\/div>\n  <\/a>\n   \n <div class=\"uc_content\">\n    <div>\n      \n           \n    \n  \n      \n      \n    <div class=\"uc_post_title\"><a href=\"https:\/\/www.dp.lu\/nidderaanwen\/liberalix-01-2024\/\" target=\"_self\"><div>Liberalix 01\/2024<\/div><\/a><\/div>\t\n    \n     \n     \n          <div class=\"ue-meta-data\">\n            <div class=\"ue-grid-item-meta-data\"><span class=\"ue-grid-item-meta-data-icon\"><i class='fas fa-calendar-week'><\/i><\/span>  23 April, 2024<\/div>            \n                        \n        \n\t\t\t\n\n\n\n\n\n\n\n\n\n\n\n\n            \n                        \n                        \n                        \n                        \n                        \n            \t\t\t\n              \n            \n          <\/div>\n     \n      \n      \n      \n     <div class=\"uc_post_text\">Fr\u00e9ijoer 2024<\/div>    <div class=\"uc_post_button\"><a class=\"uc_more_btn\" href=\"https:\/\/www.dp.lu\/nidderaanwen\/liberalix-01-2024\/\" target=\"_self\">weiderliesen...<\/a><\/div> \t<\/div>\n  <\/div>\n<\/div>\n<div class=\"ue-item \">\n  \n   <a class=\"ue-post-image-wrapper\" href=\"https:\/\/www.dp.lu\/nidderaanwen\/generalversammlung-2024-vun-eiser-sektioun\/\" target=\"_self\">\n   <div class=\"uc_post_image\">\n   <img loading=\"lazy\" decoding=\"async\" src=\"https:\/\/www.dp.lu\/nidderaanwen\/wp-content\/uploads\/sites\/38\/2024\/02\/5e38d864-de17-4d7d-b14c-fcaa44b72acb-1-768x576.jpg\"  src=\"https:\/\/www.dp.lu\/nidderaanwen\/wp-content\/uploads\/sites\/38\/2024\/02\/5e38d864-de17-4d7d-b14c-fcaa44b72acb-1-768x576.jpg\" alt=\"5e38d864-de17-4d7d-b14c-fcaa44b72acb-1\" width=\"768\" height=\"576\">\n   <div class=\"uc_post_image_overlay\"><\/div>\n   <\/div>\n  <\/a>\n   \n <div class=\"uc_content\">\n    <div>\n      \n           \n    \n  \n      \n      \n    <div class=\"uc_post_title\"><a href=\"https:\/\/www.dp.lu\/nidderaanwen\/generalversammlung-2024-vun-eiser-sektioun\/\" target=\"_self\"><div>Generalversammlung 2024 vun eiser Sektioun<\/div><\/a><\/div>\t\n    \n     \n     \n          <div class=\"ue-meta-data\">\n            <div class=\"ue-grid-item-meta-data\"><span class=\"ue-grid-item-meta-data-icon\"><i class='fas fa-calendar-week'><\/i><\/span>  22 February, 2024<\/div>            \n                        \n        \n\t\t\t\n\n\n\n\n\n\n\n\n\n\n\n\n            \n                        \n                        \n                        \n                        \n                        \n            \t\t\t\n              \n            \n          <\/div>\n     \n      \n      \n      \n     <div class=\"uc_post_text\">Photos : Nathalie Heinen<\/div>    <div class=\"uc_post_button\"><a class=\"uc_more_btn\" href=\"https:\/\/www.dp.lu\/nidderaanwen\/generalversammlung-2024-vun-eiser-sektioun\/\" target=\"_self\">weiderliesen...<\/a><\/div> \t<\/div>\n  <\/div>\n<\/div>\n<div class=\"ue-item \">\n  \n   <a class=\"ue-post-image-wrapper\" href=\"https:\/\/www.dp.lu\/nidderaanwen\/eise-walprogramm-fir-dgemengewalen-2023\/\" target=\"_self\">\n   <div class=\"uc_post_image\">\n   <img loading=\"lazy\" decoding=\"async\" src=\"https:\/\/www.dp.lu\/nidderaanwen\/wp-content\/uploads\/sites\/38\/2023\/06\/walprogramm-nidderaanwen-1-768x338.jpg\"  src=\"https:\/\/www.dp.lu\/nidderaanwen\/wp-content\/uploads\/sites\/38\/2023\/06\/walprogramm-nidderaanwen-1-768x338.jpg\" alt=\"walprogramm-nidderaanwen\" width=\"768\" height=\"338\">\n   <div class=\"uc_post_image_overlay\"><\/div>\n   <\/div>\n  <\/a>\n   \n <div class=\"uc_content\">\n    <div>\n      \n           \n    \n  \n      \n      \n    <div class=\"uc_post_title\"><a href=\"https:\/\/www.dp.lu\/nidderaanwen\/eise-walprogramm-fir-dgemengewalen-2023\/\" target=\"_self\"><div>Eise Walprogramm fir d'Gemengewalen 2023<\/div><\/a><\/div>\t\n    \n     \n     \n          <div class=\"ue-meta-data\">\n            <div class=\"ue-grid-item-meta-data\"><span class=\"ue-grid-item-meta-data-icon\"><i class='fas fa-calendar-week'><\/i><\/span>  05 June, 2023<\/div>            \n                        \n        \n\t\t\t\n\n\n\n\n\n\n\n\n\n\n\n\n            \n                        \n                        \n                        \n                        \n                        \n            \t\t\t\n              \n            \n          <\/div>\n     \n      \n      \n      \n     <div class=\"uc_post_text\">Unser Wahlprogramm f\u00fcr die Gemeindewahlen 2023\nNotre programme \u00e9lectoral pour les \u00e9lections communales 2023\nOur electoral programme for the 2023 municipal elections\nIl nostro programma elettorale per le elezioni comunali del 2023\nO nosso programa eleitoral para as elei\u00e7\u00f5es aut\u00e1rquicas de 2023\nNuestro programa electoral para las elecciones municipales de 2023\n<\/div>    <div class=\"uc_post_button\"><a class=\"uc_more_btn\" href=\"https:\/\/www.dp.lu\/nidderaanwen\/eise-walprogramm-fir-dgemengewalen-2023\/\" target=\"_self\">weiderliesen...<\/a><\/div> \t<\/div>\n  <\/div>\n<\/div>\n<div class=\"ue-item \">\n  \n   <a class=\"ue-post-image-wrapper\" href=\"https:\/\/www.dp.lu\/nidderaanwen\/walveranstaltung-a-schommesch\/\" target=\"_self\">\n   <div class=\"uc_post_image\">\n   <img loading=\"lazy\" decoding=\"async\" src=\"https:\/\/www.dp.lu\/nidderaanwen\/wp-content\/uploads\/sites\/38\/2023\/05\/Sall2-768x576.jpg\"  src=\"https:\/\/www.dp.lu\/nidderaanwen\/wp-content\/uploads\/sites\/38\/2023\/05\/Sall2-768x576.jpg\" alt=\"Sall2\" width=\"768\" height=\"576\">\n   <div class=\"uc_post_image_overlay\"><\/div>\n   <\/div>\n  <\/a>\n   \n <div class=\"uc_content\">\n    <div>\n      \n           \n    \n  \n      \n      \n    <div class=\"uc_post_title\"><a href=\"https:\/\/www.dp.lu\/nidderaanwen\/walveranstaltung-a-schommesch\/\" target=\"_self\"><div>Walveranstaltung \"a Schommesch\"<\/div><\/a><\/div>\t\n    \n     \n     \n          <div class=\"ue-meta-data\">\n            <div class=\"ue-grid-item-meta-data\"><span class=\"ue-grid-item-meta-data-icon\"><i class='fas fa-calendar-week'><\/i><\/span>  05 May, 2023<\/div>            \n                        \n        \n\t\t\t\n\n\n\n\n\n\n\n\n\n\n\n\n            \n                        \n                        \n                        \n                        \n                        \n            \t\t\t\n              \n            \n          <\/div>\n     \n      \n      \n      \n     <div class=\"uc_post_text\"><\/div>    <div class=\"uc_post_button\"><a class=\"uc_more_btn\" href=\"https:\/\/www.dp.lu\/nidderaanwen\/walveranstaltung-a-schommesch\/\" target=\"_self\">weiderliesen...<\/a><\/div> \t<\/div>\n  <\/div>\n<\/div>\n<div class=\"ue-item \">\n  \n   <a class=\"ue-post-image-wrapper\" href=\"https:\/\/www.dp.lu\/nidderaanwen\/liberalix-01-2023\/\" target=\"_self\">\n   <div class=\"uc_post_image\">\n   <img loading=\"lazy\" decoding=\"async\" src=\"https:\/\/www.dp.lu\/nidderaanwen\/wp-content\/uploads\/sites\/38\/2023\/06\/liberalix-title-768x338.jpg\"  src=\"https:\/\/www.dp.lu\/nidderaanwen\/wp-content\/uploads\/sites\/38\/2023\/06\/liberalix-title-768x338.jpg\" alt=\"liberalix-title\" width=\"768\" height=\"338\">\n   <div class=\"uc_post_image_overlay\"><\/div>\n   <\/div>\n  <\/a>\n   \n <div class=\"uc_content\">\n    <div>\n      \n           \n    \n  \n      \n      \n    <div class=\"uc_post_title\"><a href=\"https:\/\/www.dp.lu\/nidderaanwen\/liberalix-01-2023\/\" target=\"_self\"><div>Liberalix 01\/2023<\/div><\/a><\/div>\t\n    \n     \n     \n          <div class=\"ue-meta-data\">\n            <div class=\"ue-grid-item-meta-data\"><span class=\"ue-grid-item-meta-data-icon\"><i class='fas fa-calendar-week'><\/i><\/span>  05 May, 2023<\/div>            \n                        \n        \n\t\t\t\n\n\n\n\n\n\n\n\n\n\n\n\n            \n                        \n                        \n                        \n                        \n                        \n            \t\t\t\n              \n            \n          <\/div>\n     \n      \n      \n      \n     <div class=\"uc_post_text\">Fr\u00e9ijoer 2023<\/div>    <div class=\"uc_post_button\"><a class=\"uc_more_btn\" href=\"https:\/\/www.dp.lu\/nidderaanwen\/liberalix-01-2023\/\" target=\"_self\">weiderliesen...<\/a><\/div> \t<\/div>\n  <\/div>\n<\/div>\n<div class=\"ue-item \">\n  \n   <a class=\"ue-post-image-wrapper\" href=\"https:\/\/www.dp.lu\/nidderaanwen\/secherheet-an-der-gemeng\/\" target=\"_self\">\n   <div class=\"uc_post_image\">\n   <img loading=\"lazy\" decoding=\"async\" src=\"https:\/\/www.dp.lu\/nidderaanwen\/wp-content\/uploads\/sites\/38\/2023\/06\/secherheet-title-768x338.jpg\"  src=\"https:\/\/www.dp.lu\/nidderaanwen\/wp-content\/uploads\/sites\/38\/2023\/06\/secherheet-title-768x338.jpg\" alt=\"secherheet-title\" width=\"768\" height=\"338\">\n   <div class=\"uc_post_image_overlay\"><\/div>\n   <\/div>\n  <\/a>\n   \n <div class=\"uc_content\">\n    <div>\n      \n           \n    \n  \n      \n      \n    <div class=\"uc_post_title\"><a href=\"https:\/\/www.dp.lu\/nidderaanwen\/secherheet-an-der-gemeng\/\" target=\"_self\"><div>Secherheet an der Gemeng<\/div><\/a><\/div>\t\n    \n     \n     \n          <div class=\"ue-meta-data\">\n            <div class=\"ue-grid-item-meta-data\"><span class=\"ue-grid-item-meta-data-icon\"><i class='fas fa-calendar-week'><\/i><\/span>  25 April, 2023<\/div>            \n                        \n        \n\t\t\t\n\n\n\n\n\n\n\n\n\n\n\n\n            \n                        \n                        \n                        \n                        \n                        \n            \t\t\t\n              \n            \n          <\/div>\n     \n      \n      \n      \n     <div class=\"uc_post_text\">Hei drenner fannt Dir de kompletten Dossier betreffend d'Secherheet \nCi-dessous le dossier complet concernant la s\u00e9curit\u00e9 routi\u00e8re\nHier drunter finden Sie die komplette Akte zur Strassensicherheit \nFind hereafter the complete file concerning the street-security<\/div>    <div class=\"uc_post_button\"><a class=\"uc_more_btn\" href=\"https:\/\/www.dp.lu\/nidderaanwen\/secherheet-an-der-gemeng\/\" target=\"_self\">weiderliesen...<\/a><\/div> \t<\/div>\n  <\/div>\n<\/div>\n<div class=\"ue-item \">\n  \n   <a class=\"ue-post-image-wrapper\" href=\"https:\/\/www.dp.lu\/nidderaanwen\/liberalix-archive\/\" target=\"_self\">\n   <div class=\"uc_post_image\">\n   <img loading=\"lazy\" decoding=\"async\" src=\"https:\/\/www.dp.lu\/nidderaanwen\/wp-content\/uploads\/sites\/38\/2023\/06\/liberalix-title-768x338.jpg\"  src=\"https:\/\/www.dp.lu\/nidderaanwen\/wp-content\/uploads\/sites\/38\/2023\/06\/liberalix-title-768x338.jpg\" alt=\"liberalix-title\" width=\"768\" height=\"338\">\n   <div class=\"uc_post_image_overlay\"><\/div>\n   <\/div>\n  <\/a>\n   \n <div class=\"uc_content\">\n    <div>\n      \n           \n    \n  \n      \n      \n    <div class=\"uc_post_title\"><a href=\"https:\/\/www.dp.lu\/nidderaanwen\/liberalix-archive\/\" target=\"_self\"><div>Liberalix Archive<\/div><\/a><\/div>\t\n    \n     \n     \n          <div class=\"ue-meta-data\">\n            <div class=\"ue-grid-item-meta-data\"><span class=\"ue-grid-item-meta-data-icon\"><i class='fas fa-calendar-week'><\/i><\/span>  15 April, 2023<\/div>            \n                        \n        \n\t\t\t\n\n\n\n\n\n\n\n\n\n\n\n\n            \n                        \n                        \n                        \n                        \n                        \n            \t\t\t\n              \n            \n          <\/div>\n     \n      \n      \n      \n     <div class=\"uc_post_text\">Hei drenner fannt Dir d\u00e9i vergaangen Editioune vum Liberalix Nidderaanwen\nCi-dessous les liens vers les Liberalix parus\nHier unten die fr\u00fcheren Ausgaben des Liberalix\nFind hereafter the Links to former Liberalix editions<\/div>    <div class=\"uc_post_button\"><a class=\"uc_more_btn\" href=\"https:\/\/www.dp.lu\/nidderaanwen\/liberalix-archive\/\" target=\"_self\">weiderliesen...<\/a><\/div> \t<\/div>\n  <\/div>\n<\/div>\n\n<\/div>\n\n\n\n  <div id=\"uc_post_grid_elementor_223a66b_empty_message\" class=\"ue-no-posts-found\"  style=\"display:none\" >No posts found<\/div>\n\n\n<!-- end Post Grid -->\t\t\t\t<\/div>\n\t\t\t\t<\/div>\n\t\t\t\t\t<\/div>\n\t\t<\/div>\n\t\t\t\t\t<\/div>\n\t\t<\/section>\n\t\t\t\t<\/div>\n\t\t","protected":false},"excerpt":{"rendered":"<p>\/* widget: Post Grid *\/ #uc_post_grid_elementor_223a66b.ue-post-grid { display:grid; } #uc_post_grid_elementor_223a66b .ue-item { overflow:hidden; position:relative; } #uc_post_grid_elementor_223a66b .uc_post_image { transition:0.3s; position:relative; overflow:hidden; } #uc_post_grid_elementor_223a66b .uc_post_image img { width:100%; display:block; transition:0.3s; } #uc_post_grid_elementor_223a66b .uc_post_image_overlay { position:absolute; top:0px; left:0px; height:100%; width:100%; transition:0.3s; } #uc_post_grid_elementor_223a66b .uc_more_btn{ display:inline-block; text-align:center; text-decoration:none; transition:0.3s; } .ue-grid-item-category a { display:inline-block; font-size:10px; } .uc_post_title { [&hellip;]<\/p>\n","protected":false},"author":2,"featured_media":0,"parent":0,"menu_order":0,"comment_status":"closed","ping_status":"closed","template":"","meta":{"footnotes":""},"class_list":["post-236","page","type-page","status-publish","hentry","wpbf-post"],"_links":{"self":[{"href":"https:\/\/www.dp.lu\/nidderaanwen\/wp-json\/wp\/v2\/pages\/236","targetHints":{"allow":["GET"]}}],"collection":[{"href":"https:\/\/www.dp.lu\/nidderaanwen\/wp-json\/wp\/v2\/pages"}],"about":[{"href":"https:\/\/www.dp.lu\/nidderaanwen\/wp-json\/wp\/v2\/types\/page"}],"author":[{"embeddable":true,"href":"https:\/\/www.dp.lu\/nidderaanwen\/wp-json\/wp\/v2\/users\/2"}],"replies":[{"embeddable":true,"href":"https:\/\/www.dp.lu\/nidderaanwen\/wp-json\/wp\/v2\/comments?post=236"}],"version-history":[{"count":6,"href":"https:\/\/www.dp.lu\/nidderaanwen\/wp-json\/wp\/v2\/pages\/236\/revisions"}],"predecessor-version":[{"id":666,"href":"https:\/\/www.dp.lu\/nidderaanwen\/wp-json\/wp\/v2\/pages\/236\/revisions\/666"}],"wp:attachment":[{"href":"https:\/\/www.dp.lu\/nidderaanwen\/wp-json\/wp\/v2\/media?parent=236"}],"curies":[{"name":"wp","href":"https:\/\/api.w.org\/{rel}","templated":true}]}}