{"id":241,"date":"2023-04-17T13:07:39","date_gmt":"2023-04-17T13:07:39","guid":{"rendered":"https:\/\/www.dp.lu\/nidderaanwen\/?page_id=241"},"modified":"2023-06-07T12:23:12","modified_gmt":"2023-06-07T12:23:12","slug":"eis-kandidate-fir-dgemengewalen","status":"publish","type":"page","link":"https:\/\/www.dp.lu\/nidderaanwen\/eis-kandidate-fir-dgemengewalen\/","title":{"rendered":"Eis Kandidate fir d&#8217;Gemengewalen"},"content":{"rendered":"\t\t<div data-elementor-type=\"wp-page\" data-elementor-id=\"241\" class=\"elementor elementor-241\" data-elementor-post-type=\"page\">\n\t\t\t\t\t\t<section class=\"elementor-section elementor-top-section elementor-element elementor-element-4e32718 elementor-section-full_width elementor-section-height-default elementor-section-height-default\" data-id=\"4e32718\" data-element_type=\"section\" data-e-type=\"section\">\n\t\t\t\t\t\t<div class=\"elementor-container elementor-column-gap-default\">\n\t\t\t\t\t<div class=\"elementor-column elementor-col-100 elementor-top-column elementor-element elementor-element-13595c6\" data-id=\"13595c6\" data-element_type=\"column\" data-e-type=\"column\">\n\t\t\t<div class=\"elementor-widget-wrap elementor-element-populated\">\n\t\t\t\t\t\t<div class=\"elementor-element elementor-element-991fab8 elementor-widget elementor-widget-image\" data-id=\"991fab8\" data-element_type=\"widget\" data-e-type=\"widget\" data-widget_type=\"image.default\">\n\t\t\t\t<div class=\"elementor-widget-container\">\n\t\t\t\t\t\t\t\t\t\t\t\t\t\t\t<img fetchpriority=\"high\" decoding=\"async\" width=\"2500\" height=\"1100\" src=\"https:\/\/www.dp.lu\/nidderaanwen\/wp-content\/uploads\/sites\/38\/2023\/06\/Kandidaten-Ndderaanwen2.jpg\" class=\"attachment-full size-full wp-image-615\" alt=\"\" srcset=\"https:\/\/www.dp.lu\/nidderaanwen\/wp-content\/uploads\/sites\/38\/2023\/06\/Kandidaten-Ndderaanwen2.jpg 2500w, https:\/\/www.dp.lu\/nidderaanwen\/wp-content\/uploads\/sites\/38\/2023\/06\/Kandidaten-Ndderaanwen2-300x132.jpg 300w, https:\/\/www.dp.lu\/nidderaanwen\/wp-content\/uploads\/sites\/38\/2023\/06\/Kandidaten-Ndderaanwen2-1024x451.jpg 1024w, https:\/\/www.dp.lu\/nidderaanwen\/wp-content\/uploads\/sites\/38\/2023\/06\/Kandidaten-Ndderaanwen2-768x338.jpg 768w, https:\/\/www.dp.lu\/nidderaanwen\/wp-content\/uploads\/sites\/38\/2023\/06\/Kandidaten-Ndderaanwen2-1536x676.jpg 1536w, https:\/\/www.dp.lu\/nidderaanwen\/wp-content\/uploads\/sites\/38\/2023\/06\/Kandidaten-Ndderaanwen2-2048x901.jpg 2048w\" sizes=\"(max-width: 2500px) 100vw, 2500px\" \/>\t\t\t\t\t\t\t\t\t\t\t\t\t\t\t<\/div>\n\t\t\t\t<\/div>\n\t\t\t\t\t<\/div>\n\t\t<\/div>\n\t\t\t\t\t<\/div>\n\t\t<\/section>\n\t\t\t\t<section class=\"elementor-section elementor-top-section elementor-element elementor-element-67a9637 elementor-section-boxed elementor-section-height-default elementor-section-height-default\" data-id=\"67a9637\" data-element_type=\"section\" data-e-type=\"section\" data-settings=\"{&quot;background_background&quot;:&quot;classic&quot;}\">\n\t\t\t\t\t\t<div class=\"elementor-container elementor-column-gap-default\">\n\t\t\t\t\t<div class=\"elementor-column elementor-col-100 elementor-top-column elementor-element elementor-element-89fabd9\" data-id=\"89fabd9\" data-element_type=\"column\" data-e-type=\"column\">\n\t\t\t<div class=\"elementor-widget-wrap elementor-element-populated\">\n\t\t\t\t\t\t<div class=\"elementor-element elementor-element-584caa2 elementor-widget elementor-widget-ucaddon_team_member_grid\" data-id=\"584caa2\" data-element_type=\"widget\" data-e-type=\"widget\" data-widget_type=\"ucaddon_team_member_grid.default\">\n\t\t\t\t<div class=\"elementor-widget-container\">\n\t\t\t\t\t\n<!-- start Team Member Grid -->\n\t\t<link id='font-awesome-css' href='https:\/\/www.dp.lu\/nidderaanwen\/wp-content\/plugins\/unlimited-elements-for-elementor-premium\/assets_libraries\/font-awesome6\/fontawesome-all.min.css' type='text\/css' rel='stylesheet' >\n\t\t<link id='font-awesome-4-shim-css' href='https:\/\/www.dp.lu\/nidderaanwen\/wp-content\/plugins\/unlimited-elements-for-elementor-premium\/assets_libraries\/font-awesome6\/fontawesome-v4-shims.min.css' type='text\/css' rel='stylesheet' >\n\n<style>\/* widget: Team Member Grid *\/\n\n#uc_team_member_grid_elementor_584caa2 *{\n  box-sizing:border-box;\n}\n#uc_team_member_grid_elementor_584caa2\n{\n  position:relative;\n  display:grid;\n}\n\n\n#uc_team_member_grid_elementor_584caa2 .team_member_grid_image_container\n{\n  display:inline-block;\n  overflow:hidden;\n  position:relative;\n  vertical-align:bottom;\n}\n\n\n#uc_team_member_grid_elementor_584caa2 .team_member_grid_image\n{\n  vertical-align:bottom;\n}\n\n#uc_team_member_grid_elementor_584caa2 .team_member_grid_image img\n{\n  object-fit:cover;\n  width:100%;\n  display:block;\n  transition:0.5s;\n  vertical-align:bottom;\n}\n#uc_team_member_grid_elementor_584caa2 .ue_grid_item\n{\n  overflow:hidden;\n  display:flex;\n  flex-direction:column;\n\n}\n.team_member_grid_title\n{\n  font-size:18px;\n}\n\n#uc_team_member_grid_elementor_584caa2 .team_member_grid_icons a\n{\n  display:inline-flex;\n  text-decoration:none;\n  align-items:center;\n  justify-content:center;\n  line-height:1em;\n  transition:0.3s;\n}\n\n#uc_team_member_grid_elementor_584caa2 .team_member_grid_icons a svg\n{\n  width:1em;\n  height:1em;\n}\n\n#uc_team_member_grid_elementor_584caa2 .uc_more_btn\n{\n  transition:0.3s;\n  text-align:center;\n  text-decoration:none;\n}\n\n#uc_team_member_grid_elementor_584caa2 .team_member_grid_image_overlay\n{\n  position:absolute;\n  top:0;\n  left:0;\n  transition:0.3s;\n  display:flex;\n  flex-direction:column;\n  justify-content:center;\n  align-items:center;\n}\n\n#uc_team_member_grid_elementor_584caa2 .team_member_grid_content\n{\n  display:flex;\n  flex-direction:column;\n  flex-grow: 1;\n}\n\n\n#uc_team_member_grid_elementor_584caa2 .team_member_grid_content .team_member_grid_text\n{\nflex-grow: 1;\n}\n\n#uc_team_member_grid_elementor_584caa2 .team_member_grid_content .team_member_grid_icons\n{\n  margin-top:auto;\n}\n\n#uc_team_member_grid_elementor_584caa2 .ue-company-logo img\n{\n  width:100%;\n}\n\n<\/style>\n\n<div id=\"uc_team_member_grid_elementor_584caa2\" class=\"team_member_grid\">\n   \t\t<div class=\"ue_grid_item\">\n  <div class=\"team_member_grid_header\">\n    <div class=\"team_member_grid_image\">\n     <div class=\"team_member_grid_image_container\">\n       <img decoding=\"async\" src=\"https:\/\/www.dp.lu\/nidderaanwen\/wp-content\/uploads\/sites\/38\/2023\/04\/Nidderaanwen-Storn-Debbie1.jpg\" alt=\"Nidderaanwen - Storn Debbie1\"  src=\"https:\/\/www.dp.lu\/nidderaanwen\/wp-content\/uploads\/sites\/38\/2023\/04\/Nidderaanwen-Storn-Debbie1.jpg\" alt=\"Nidderaanwen - Storn Debbie1\" width=\"500\" height=\"500\">\n       <div class=\"team_member_grid_image_overlay\">\n         \t\n         \t\n    \n                <\/div>\n     <\/div>\n    <\/div>\n    \t\n  \t\n    \n    \n    \n  <\/div>\n  \n  <div class=\"team_member_grid_content\">\n        \n    <div class=\"team_member_grid_title\">Deborah Storn<\/div>\t\n    <div class=\"team_member_grid_subtitle\">Sp\u00ebtzekandidatin<\/div>        \n    \n    <div class=\"team_member_grid_text\"><p class=\"p1\">Diplom\u00e9iert Bibliothecaire<br \/>39 Joer<br \/>Iernster<\/p><\/div>\t\n        <div class=\"team_member_grid_icons\">\n      \t\n      \t\n      \t\n      \t\n    <\/div>\n        \n      <\/div>\n<\/div>\n<div class=\"ue_grid_item\">\n  <div class=\"team_member_grid_header\">\n    <div class=\"team_member_grid_image\">\n     <div class=\"team_member_grid_image_container\">\n       <img decoding=\"async\" src=\"https:\/\/www.dp.lu\/nidderaanwen\/wp-content\/uploads\/sites\/38\/2023\/04\/Nidderaanwen-van-der-Zande-Conny1.jpg\" alt=\"Nidderaanwen - van der Zande Conny1\"  src=\"https:\/\/www.dp.lu\/nidderaanwen\/wp-content\/uploads\/sites\/38\/2023\/04\/Nidderaanwen-van-der-Zande-Conny1.jpg\" alt=\"Nidderaanwen - van der Zande Conny1\" width=\"500\" height=\"500\">\n       <div class=\"team_member_grid_image_overlay\">\n         \t\n         \t\n    \n                <\/div>\n     <\/div>\n    <\/div>\n    \t\n  \t\n    \n    \n    \n  <\/div>\n  \n  <div class=\"team_member_grid_content\">\n        \n    <div class=\"team_member_grid_title\">Conny van der Zande<\/div>\t\n    <div class=\"team_member_grid_subtitle\">Sp\u00ebtzekandidat<\/div>        \n    \n    <div class=\"team_member_grid_text\"><p class=\"p1\">Gemengeconseiller<br \/>Pensionaire<br \/>68 Joer<br \/>Iernster<\/p><\/div>\t\n        <div class=\"team_member_grid_icons\">\n      \t\n      \t\n      \t\n      \t\n    <\/div>\n        \n      <\/div>\n<\/div>\n<div class=\"ue_grid_item\">\n  <div class=\"team_member_grid_header\">\n    <div class=\"team_member_grid_image\">\n     <div class=\"team_member_grid_image_container\">\n       <img loading=\"lazy\" decoding=\"async\" src=\"https:\/\/www.dp.lu\/nidderaanwen\/wp-content\/uploads\/sites\/38\/2023\/04\/Nidderaanwen-Bamberg-Sara1.jpg\" alt=\"Nidderaanwen - Bamberg Sara1\"  src=\"https:\/\/www.dp.lu\/nidderaanwen\/wp-content\/uploads\/sites\/38\/2023\/04\/Nidderaanwen-Bamberg-Sara1.jpg\" alt=\"Nidderaanwen - Bamberg Sara1\" width=\"500\" height=\"500\">\n       <div class=\"team_member_grid_image_overlay\">\n         \t\n         \t\n    \n                <\/div>\n     <\/div>\n    <\/div>\n    \t\n  \t\n    \n    \n    \n  <\/div>\n  \n  <div class=\"team_member_grid_content\">\n        \n    <div class=\"team_member_grid_title\">Sara Bamberg<\/div>\t\n    <div class=\"team_member_grid_subtitle\"><\/div>        \n    \n    <div class=\"team_member_grid_text\"><p class=\"p1\">Encadrante Rout-Kr\u00e4iz<br \/>35 Joer<br \/>Ueweraanwen<\/p><\/div>\t\n        <div class=\"team_member_grid_icons\">\n      \t\n      \t\n      \t\n      \t\n    <\/div>\n        \n      <\/div>\n<\/div>\n<div class=\"ue_grid_item\">\n  <div class=\"team_member_grid_header\">\n    <div class=\"team_member_grid_image\">\n     <div class=\"team_member_grid_image_container\">\n       <img loading=\"lazy\" decoding=\"async\" src=\"https:\/\/www.dp.lu\/nidderaanwen\/wp-content\/uploads\/sites\/38\/2023\/04\/Nidderaanwen-Faber-Nicoline1.jpg\" alt=\"Nidderaanwen - Faber Nicoline1\"  src=\"https:\/\/www.dp.lu\/nidderaanwen\/wp-content\/uploads\/sites\/38\/2023\/04\/Nidderaanwen-Faber-Nicoline1.jpg\" alt=\"Nidderaanwen - Faber Nicoline1\" width=\"500\" height=\"500\">\n       <div class=\"team_member_grid_image_overlay\">\n         \t\n         \t\n    \n                <\/div>\n     <\/div>\n    <\/div>\n    \t\n  \t\n    \n    \n    \n  <\/div>\n  \n  <div class=\"team_member_grid_content\">\n        \n    <div class=\"team_member_grid_title\">Nicoline Faber<\/div>\t\n    <div class=\"team_member_grid_subtitle\"><\/div>        \n    \n    <div class=\"team_member_grid_text\"><p class=\"p1\">ELP Examiner<br \/>46 Joer<br \/>Rammeldang<\/p><\/div>\t\n        <div class=\"team_member_grid_icons\">\n      \t\n      \t\n      \t\n      \t\n    <\/div>\n        \n      <\/div>\n<\/div>\n<div class=\"ue_grid_item\">\n  <div class=\"team_member_grid_header\">\n    <div class=\"team_member_grid_image\">\n     <div class=\"team_member_grid_image_container\">\n       <img loading=\"lazy\" decoding=\"async\" src=\"https:\/\/www.dp.lu\/nidderaanwen\/wp-content\/uploads\/sites\/38\/2023\/04\/Nidderaanwen-Felke-Joe1.jpg\" alt=\"Nidderaanwen - Felke Joe1\"  src=\"https:\/\/www.dp.lu\/nidderaanwen\/wp-content\/uploads\/sites\/38\/2023\/04\/Nidderaanwen-Felke-Joe1.jpg\" alt=\"Nidderaanwen - Felke Joe1\" width=\"500\" height=\"500\">\n       <div class=\"team_member_grid_image_overlay\">\n         \t\n         \t\n    \n                <\/div>\n     <\/div>\n    <\/div>\n    \t\n  \t\n    \n    \n    \n  <\/div>\n  \n  <div class=\"team_member_grid_content\">\n        \n    <div class=\"team_member_grid_title\">Joe Felke<\/div>\t\n    <div class=\"team_member_grid_subtitle\"><\/div>        \n    \n    <div class=\"team_member_grid_text\"><p class=\"p1\">Responsablen fir Investiounsfongen<br \/>59 Joer<br \/>Rammeldang<\/p><\/div>\t\n        <div class=\"team_member_grid_icons\">\n      \t\n      \t\n      \t\n      \t\n    <\/div>\n        \n      <\/div>\n<\/div>\n<div class=\"ue_grid_item\">\n  <div class=\"team_member_grid_header\">\n    <div class=\"team_member_grid_image\">\n     <div class=\"team_member_grid_image_container\">\n       <img loading=\"lazy\" decoding=\"async\" src=\"https:\/\/www.dp.lu\/nidderaanwen\/wp-content\/uploads\/sites\/38\/2023\/04\/Nidderaanwen-Heinen-Nathalie1.jpg\" alt=\"Nidderaanwen - Heinen Nathalie1\"  src=\"https:\/\/www.dp.lu\/nidderaanwen\/wp-content\/uploads\/sites\/38\/2023\/04\/Nidderaanwen-Heinen-Nathalie1.jpg\" alt=\"Nidderaanwen - Heinen Nathalie1\" width=\"500\" height=\"500\">\n       <div class=\"team_member_grid_image_overlay\">\n         \t\n         \t\n    \n                <\/div>\n     <\/div>\n    <\/div>\n    \t\n  \t\n    \n    \n    \n  <\/div>\n  \n  <div class=\"team_member_grid_content\">\n        \n    <div class=\"team_member_grid_title\">Nathalie Heinen<\/div>\t\n    <div class=\"team_member_grid_subtitle\"><\/div>        \n    \n    <div class=\"team_member_grid_text\"><p class=\"p1\">Enseignante an der Ekonomie<br \/>34 Joer<br \/>Nidderaanwen<\/p><\/div>\t\n        <div class=\"team_member_grid_icons\">\n      \t\n      \t\n      \t\n      \t\n    <\/div>\n        \n      <\/div>\n<\/div>\n<div class=\"ue_grid_item\">\n  <div class=\"team_member_grid_header\">\n    <div class=\"team_member_grid_image\">\n     <div class=\"team_member_grid_image_container\">\n       <img loading=\"lazy\" decoding=\"async\" src=\"https:\/\/www.dp.lu\/nidderaanwen\/wp-content\/uploads\/sites\/38\/2023\/04\/Nidderaanwen-Hulzebos-Hanny1.jpg\" alt=\"Nidderaanwen - Hulzebos Hanny1\"  src=\"https:\/\/www.dp.lu\/nidderaanwen\/wp-content\/uploads\/sites\/38\/2023\/04\/Nidderaanwen-Hulzebos-Hanny1.jpg\" alt=\"Nidderaanwen - Hulzebos Hanny1\" width=\"500\" height=\"500\">\n       <div class=\"team_member_grid_image_overlay\">\n         \t\n         \t\n    \n                <\/div>\n     <\/div>\n    <\/div>\n    \t\n  \t\n    \n    \n    \n  <\/div>\n  \n  <div class=\"team_member_grid_content\">\n        \n    <div class=\"team_member_grid_title\">Hanny Hulzebos Vredenberg<\/div>\t\n    <div class=\"team_member_grid_subtitle\"><\/div>        \n    \n    <div class=\"team_member_grid_text\"><p class=\"p1\">Pensionairin<br \/>71 Joer<br \/>Ueweraanwen<\/p><\/div>\t\n        <div class=\"team_member_grid_icons\">\n      \t\n      \t\n      \t\n      \t\n    <\/div>\n        \n      <\/div>\n<\/div>\n<div class=\"ue_grid_item\">\n  <div class=\"team_member_grid_header\">\n    <div class=\"team_member_grid_image\">\n     <div class=\"team_member_grid_image_container\">\n       <img loading=\"lazy\" decoding=\"async\" src=\"https:\/\/www.dp.lu\/nidderaanwen\/wp-content\/uploads\/sites\/38\/2023\/04\/Nidderaanwen-Koegel-Armin1.jpg\" alt=\"Nidderaanwen - Koegel Armin1\"  src=\"https:\/\/www.dp.lu\/nidderaanwen\/wp-content\/uploads\/sites\/38\/2023\/04\/Nidderaanwen-Koegel-Armin1.jpg\" alt=\"Nidderaanwen - Koegel Armin1\" width=\"500\" height=\"500\">\n       <div class=\"team_member_grid_image_overlay\">\n         \t\n         \t\n    \n                <\/div>\n     <\/div>\n    <\/div>\n    \t\n  \t\n    \n    \n    \n  <\/div>\n  \n  <div class=\"team_member_grid_content\">\n        \n    <div class=\"team_member_grid_title\">Armin Koegel (Dr.)<\/div>\t\n    <div class=\"team_member_grid_subtitle\"><\/div>        \n    \n    <div class=\"team_member_grid_text\"><p class=\"p1\">M\u00e9decin-Fonctionnaire<br \/>63 Joer<br \/>Rammeldang<\/p><\/div>\t\n        <div class=\"team_member_grid_icons\">\n      \t\n      \t\n      \t\n      \t\n    <\/div>\n        \n      <\/div>\n<\/div>\n<div class=\"ue_grid_item\">\n  <div class=\"team_member_grid_header\">\n    <div class=\"team_member_grid_image\">\n     <div class=\"team_member_grid_image_container\">\n       <img loading=\"lazy\" decoding=\"async\" src=\"https:\/\/www.dp.lu\/nidderaanwen\/wp-content\/uploads\/sites\/38\/2023\/04\/Nidderaanwen-Liebaert-Claude1.jpg\" alt=\"Nidderaanwen - Lie\u0301baert Claude1\"  src=\"https:\/\/www.dp.lu\/nidderaanwen\/wp-content\/uploads\/sites\/38\/2023\/04\/Nidderaanwen-Liebaert-Claude1.jpg\" alt=\"Nidderaanwen - Lie\u0301baert Claude1\" width=\"500\" height=\"500\">\n       <div class=\"team_member_grid_image_overlay\">\n         \t\n         \t\n    \n                <\/div>\n     <\/div>\n    <\/div>\n    \t\n  \t\n    \n    \n    \n  <\/div>\n  \n  <div class=\"team_member_grid_content\">\n        \n    <div class=\"team_member_grid_title\">Claude Li\u00e9baert<\/div>\t\n    <div class=\"team_member_grid_subtitle\"><\/div>        \n    \n    <div class=\"team_member_grid_text\"><p class=\"p1\">Independant<br \/>62 Joer<br \/>Sennengerbierg<\/p><\/div>\t\n        <div class=\"team_member_grid_icons\">\n      \t\n      \t\n      \t\n      \t\n    <\/div>\n        \n      <\/div>\n<\/div>\n<div class=\"ue_grid_item\">\n  <div class=\"team_member_grid_header\">\n    <div class=\"team_member_grid_image\">\n     <div class=\"team_member_grid_image_container\">\n       <img loading=\"lazy\" decoding=\"async\" src=\"https:\/\/www.dp.lu\/nidderaanwen\/wp-content\/uploads\/sites\/38\/2023\/04\/Nidderaanwen-Pampa-Anika1.jpg\" alt=\"Nidderaanwen - Pampa Anika1\"  src=\"https:\/\/www.dp.lu\/nidderaanwen\/wp-content\/uploads\/sites\/38\/2023\/04\/Nidderaanwen-Pampa-Anika1.jpg\" alt=\"Nidderaanwen - Pampa Anika1\" width=\"500\" height=\"500\">\n       <div class=\"team_member_grid_image_overlay\">\n         \t\n         \t\n    \n                <\/div>\n     <\/div>\n    <\/div>\n    \t\n  \t\n    \n    \n    \n  <\/div>\n  \n  <div class=\"team_member_grid_content\">\n        \n    <div class=\"team_member_grid_title\">Anika Pampa (Dr.)<\/div>\t\n    <div class=\"team_member_grid_subtitle\"><\/div>        \n    \n    <div class=\"team_member_grid_text\"><p class=\"p1\">Enseignante an D\u00e4itsch a Frans\u00e9isch<br \/>42 Joer<br \/>Sennengerbierg<\/p><\/div>\t\n        <div class=\"team_member_grid_icons\">\n      \t\n      \t\n      \t\n      \t\n    <\/div>\n        \n      <\/div>\n<\/div>\n<div class=\"ue_grid_item\">\n  <div class=\"team_member_grid_header\">\n    <div class=\"team_member_grid_image\">\n     <div class=\"team_member_grid_image_container\">\n       <img loading=\"lazy\" decoding=\"async\" src=\"https:\/\/www.dp.lu\/nidderaanwen\/wp-content\/uploads\/sites\/38\/2023\/04\/Nidderaanwen-Reuter-Jeff1.jpg\" alt=\"Nidderaanwen - Reuter Jeff1\"  src=\"https:\/\/www.dp.lu\/nidderaanwen\/wp-content\/uploads\/sites\/38\/2023\/04\/Nidderaanwen-Reuter-Jeff1.jpg\" alt=\"Nidderaanwen - Reuter Jeff1\" width=\"500\" height=\"500\">\n       <div class=\"team_member_grid_image_overlay\">\n         \t\n         \t\n    \n                <\/div>\n     <\/div>\n    <\/div>\n    \t\n  \t\n    \n    \n    \n  <\/div>\n  \n  <div class=\"team_member_grid_content\">\n        \n    <div class=\"team_member_grid_title\">Jeff Reuter<\/div>\t\n    <div class=\"team_member_grid_subtitle\"><\/div>        \n    \n    <div class=\"team_member_grid_text\"><p class=\"p1\">Informatiker<br \/>47 Joer<br \/>Nidderaanwen<\/p><\/div>\t\n        <div class=\"team_member_grid_icons\">\n      \t\n      \t\n      \t\n      \t\n    <\/div>\n        \n      <\/div>\n<\/div>\n<div class=\"ue_grid_item\">\n  <div class=\"team_member_grid_header\">\n    <div class=\"team_member_grid_image\">\n     <div class=\"team_member_grid_image_container\">\n       <img loading=\"lazy\" decoding=\"async\" src=\"https:\/\/www.dp.lu\/nidderaanwen\/wp-content\/uploads\/sites\/38\/2023\/04\/Nidderaanwen-Schmit-Georges1.jpg\" alt=\"Nidderaanwen - Schmit Georges1\"  src=\"https:\/\/www.dp.lu\/nidderaanwen\/wp-content\/uploads\/sites\/38\/2023\/04\/Nidderaanwen-Schmit-Georges1.jpg\" alt=\"Nidderaanwen - Schmit Georges1\" width=\"500\" height=\"500\">\n       <div class=\"team_member_grid_image_overlay\">\n         \t\n         \t\n    \n                <\/div>\n     <\/div>\n    <\/div>\n    \t\n  \t\n    \n    \n    \n  <\/div>\n  \n  <div class=\"team_member_grid_content\">\n        \n    <div class=\"team_member_grid_title\">Georges Schmit (dit Gummi)<\/div>\t\n    <div class=\"team_member_grid_subtitle\"><\/div>        \n    \n    <div class=\"team_member_grid_text\"><p class=\"p1\">Gemengeconseiller<br \/>Pension\u00e9ierte Banker<br \/>68 Joer<br \/>Rammeldang<\/p><\/div>\t\n        <div class=\"team_member_grid_icons\">\n      \t\n      \t\n      \t\n      \t\n    <\/div>\n        \n      <\/div>\n<\/div>\n<div class=\"ue_grid_item\">\n  <div class=\"team_member_grid_header\">\n    <div class=\"team_member_grid_image\">\n     <div class=\"team_member_grid_image_container\">\n       <img loading=\"lazy\" decoding=\"async\" src=\"https:\/\/www.dp.lu\/nidderaanwen\/wp-content\/uploads\/sites\/38\/2023\/04\/Nidderaanwen-Welter-Pierre1.jpg\" alt=\"Nidderaanwen - Welter Pierre1\"  src=\"https:\/\/www.dp.lu\/nidderaanwen\/wp-content\/uploads\/sites\/38\/2023\/04\/Nidderaanwen-Welter-Pierre1.jpg\" alt=\"Nidderaanwen - Welter Pierre1\" width=\"500\" height=\"500\">\n       <div class=\"team_member_grid_image_overlay\">\n         \t\n         \t\n    \n                <\/div>\n     <\/div>\n    <\/div>\n    \t\n  \t\n    \n    \n    \n  <\/div>\n  \n  <div class=\"team_member_grid_content\">\n        \n    <div class=\"team_member_grid_title\">Pierre Welter<\/div>\t\n    <div class=\"team_member_grid_subtitle\"><\/div>        \n    \n    <div class=\"team_member_grid_text\"><p class=\"p1\">Elektriker<br \/>45 Joer<br \/>Hueschtert<\/p><\/div>\t\n        <div class=\"team_member_grid_icons\">\n      \t\n      \t\n      \t\n      \t\n    <\/div>\n        \n      <\/div>\n<\/div>\n\n<\/div>\n<!-- end Team Member Grid -->\t\t\t\t<\/div>\n\t\t\t\t<\/div>\n\t\t\t\t\t<\/div>\n\t\t<\/div>\n\t\t\t\t\t<\/div>\n\t\t<\/section>\n\t\t\t\t<\/div>\n\t\t","protected":false},"excerpt":{"rendered":"<p>Deborah Storn Sp\u00ebtzekandidatin Diplom\u00e9iert Bibliothecaire39 JoerIernster Conny van der Zande Sp\u00ebtzekandidat GemengeconseillerPensionaire68 JoerIernster Sara Bamberg Encadrante Rout-Kr\u00e4iz35 JoerUeweraanwen Nicoline Faber ELP Examiner46 JoerRammeldang Joe Felke Responsablen fir Investiounsfongen59 JoerRammeldang Nathalie Heinen Enseignante an der Ekonomie34 JoerNidderaanwen Hanny Hulzebos Vredenberg Pensionairin71 JoerUeweraanwen Armin Koegel (Dr.) M\u00e9decin-Fonctionnaire63 JoerRammeldang Claude Li\u00e9baert Independant62 JoerSennengerbierg Anika Pampa (Dr.) Enseignante an [&hellip;]<\/p>\n","protected":false},"author":2,"featured_media":0,"parent":0,"menu_order":0,"comment_status":"closed","ping_status":"closed","template":"","meta":{"footnotes":""},"class_list":["post-241","page","type-page","status-publish","hentry","wpbf-post"],"_links":{"self":[{"href":"https:\/\/www.dp.lu\/nidderaanwen\/wp-json\/wp\/v2\/pages\/241","targetHints":{"allow":["GET"]}}],"collection":[{"href":"https:\/\/www.dp.lu\/nidderaanwen\/wp-json\/wp\/v2\/pages"}],"about":[{"href":"https:\/\/www.dp.lu\/nidderaanwen\/wp-json\/wp\/v2\/types\/page"}],"author":[{"embeddable":true,"href":"https:\/\/www.dp.lu\/nidderaanwen\/wp-json\/wp\/v2\/users\/2"}],"replies":[{"embeddable":true,"href":"https:\/\/www.dp.lu\/nidderaanwen\/wp-json\/wp\/v2\/comments?post=241"}],"version-history":[{"count":12,"href":"https:\/\/www.dp.lu\/nidderaanwen\/wp-json\/wp\/v2\/pages\/241\/revisions"}],"predecessor-version":[{"id":621,"href":"https:\/\/www.dp.lu\/nidderaanwen\/wp-json\/wp\/v2\/pages\/241\/revisions\/621"}],"wp:attachment":[{"href":"https:\/\/www.dp.lu\/nidderaanwen\/wp-json\/wp\/v2\/media?parent=241"}],"curies":[{"name":"wp","href":"https:\/\/api.w.org\/{rel}","templated":true}]}}