{"id":78,"date":"2022-08-05T12:21:01","date_gmt":"2022-08-05T12:21:01","guid":{"rendered":"https:\/\/www.dp.lu\/nidderaanwen\/?page_id=78"},"modified":"2026-04-16T14:58:58","modified_gmt":"2026-04-16T14:58:58","slug":"comite","status":"publish","type":"page","link":"https:\/\/www.dp.lu\/nidderaanwen\/comite\/","title":{"rendered":"Comit\u00e9"},"content":{"rendered":"\t\t<div data-elementor-type=\"wp-page\" data-elementor-id=\"78\" class=\"elementor elementor-78\" data-elementor-post-type=\"page\">\n\t\t\t\t\t\t<section class=\"elementor-section elementor-top-section elementor-element elementor-element-4e32718 elementor-section-full_width elementor-section-height-default elementor-section-height-default\" data-id=\"4e32718\" data-element_type=\"section\" data-e-type=\"section\">\n\t\t\t\t\t\t<div class=\"elementor-container elementor-column-gap-default\">\n\t\t\t\t\t<div class=\"elementor-column elementor-col-100 elementor-top-column elementor-element elementor-element-13595c6\" data-id=\"13595c6\" data-element_type=\"column\" data-e-type=\"column\">\n\t\t\t<div class=\"elementor-widget-wrap elementor-element-populated\">\n\t\t\t\t\t\t<div class=\"elementor-element elementor-element-991fab8 elementor-widget elementor-widget-image\" data-id=\"991fab8\" data-element_type=\"widget\" data-e-type=\"widget\" data-widget_type=\"image.default\">\n\t\t\t\t<div class=\"elementor-widget-container\">\n\t\t\t\t\t\t\t\t\t\t\t\t\t\t\t<img fetchpriority=\"high\" decoding=\"async\" width=\"2500\" height=\"1406\" src=\"https:\/\/www.dp.lu\/nidderaanwen\/wp-content\/uploads\/sites\/38\/2023\/04\/Titelbild-Nidderaanwen-Web.jpg\" class=\"attachment-full size-full wp-image-263\" alt=\"\" srcset=\"https:\/\/www.dp.lu\/nidderaanwen\/wp-content\/uploads\/sites\/38\/2023\/04\/Titelbild-Nidderaanwen-Web.jpg 2500w, https:\/\/www.dp.lu\/nidderaanwen\/wp-content\/uploads\/sites\/38\/2023\/04\/Titelbild-Nidderaanwen-Web-300x169.jpg 300w, https:\/\/www.dp.lu\/nidderaanwen\/wp-content\/uploads\/sites\/38\/2023\/04\/Titelbild-Nidderaanwen-Web-1024x576.jpg 1024w, https:\/\/www.dp.lu\/nidderaanwen\/wp-content\/uploads\/sites\/38\/2023\/04\/Titelbild-Nidderaanwen-Web-768x432.jpg 768w, https:\/\/www.dp.lu\/nidderaanwen\/wp-content\/uploads\/sites\/38\/2023\/04\/Titelbild-Nidderaanwen-Web-1536x864.jpg 1536w, https:\/\/www.dp.lu\/nidderaanwen\/wp-content\/uploads\/sites\/38\/2023\/04\/Titelbild-Nidderaanwen-Web-2048x1152.jpg 2048w\" sizes=\"(max-width: 2500px) 100vw, 2500px\" \/>\t\t\t\t\t\t\t\t\t\t\t\t\t\t\t<\/div>\n\t\t\t\t<\/div>\n\t\t\t\t\t<\/div>\n\t\t<\/div>\n\t\t\t\t\t<\/div>\n\t\t<\/section>\n\t\t\t\t<section class=\"elementor-section elementor-top-section elementor-element elementor-element-67a9637 elementor-section-boxed elementor-section-height-default elementor-section-height-default\" data-id=\"67a9637\" data-element_type=\"section\" data-e-type=\"section\" data-settings=\"{&quot;background_background&quot;:&quot;classic&quot;}\">\n\t\t\t\t\t\t<div class=\"elementor-container elementor-column-gap-default\">\n\t\t\t\t\t<div class=\"elementor-column elementor-col-100 elementor-top-column elementor-element elementor-element-89fabd9\" data-id=\"89fabd9\" data-element_type=\"column\" data-e-type=\"column\">\n\t\t\t<div class=\"elementor-widget-wrap elementor-element-populated\">\n\t\t\t\t\t\t<div class=\"elementor-element elementor-element-584caa2 elementor-widget elementor-widget-ucaddon_team_member_grid\" data-id=\"584caa2\" data-element_type=\"widget\" data-e-type=\"widget\" data-widget_type=\"ucaddon_team_member_grid.default\">\n\t\t\t\t<div class=\"elementor-widget-container\">\n\t\t\t\t\t\n<!-- start Team Member Grid -->\n\t\t<link id='font-awesome-css' href='https:\/\/www.dp.lu\/nidderaanwen\/wp-content\/plugins\/unlimited-elements-for-elementor-premium\/assets_libraries\/font-awesome6\/fontawesome-all.min.css' type='text\/css' rel='stylesheet' >\n\t\t<link id='font-awesome-4-shim-css' href='https:\/\/www.dp.lu\/nidderaanwen\/wp-content\/plugins\/unlimited-elements-for-elementor-premium\/assets_libraries\/font-awesome6\/fontawesome-v4-shims.min.css' type='text\/css' rel='stylesheet' >\n\n<style>\/* widget: Team Member Grid *\/\n\n#uc_team_member_grid_elementor_584caa2 *{\n  box-sizing:border-box;\n}\n#uc_team_member_grid_elementor_584caa2\n{\n  position:relative;\n  display:grid;\n}\n\n\n#uc_team_member_grid_elementor_584caa2 .team_member_grid_image_container\n{\n  display:inline-block;\n  overflow:hidden;\n  position:relative;\n  vertical-align:bottom;\n}\n\n\n#uc_team_member_grid_elementor_584caa2 .team_member_grid_image\n{\n  vertical-align:bottom;\n}\n\n#uc_team_member_grid_elementor_584caa2 .team_member_grid_image img\n{\n  object-fit:cover;\n  width:100%;\n  display:block;\n  transition:0.5s;\n  vertical-align:bottom;\n}\n#uc_team_member_grid_elementor_584caa2 .ue_grid_item\n{\n  overflow:hidden;\n  display:flex;\n  flex-direction:column;\n\n}\n.team_member_grid_title\n{\n  font-size:18px;\n}\n\n#uc_team_member_grid_elementor_584caa2 .team_member_grid_icons a\n{\n  display:inline-flex;\n  text-decoration:none;\n  align-items:center;\n  justify-content:center;\n  line-height:1em;\n  transition:0.3s;\n}\n\n#uc_team_member_grid_elementor_584caa2 .team_member_grid_icons a svg\n{\n  width:1em;\n  height:1em;\n}\n\n#uc_team_member_grid_elementor_584caa2 .uc_more_btn\n{\n  transition:0.3s;\n  text-align:center;\n  text-decoration:none;\n}\n\n#uc_team_member_grid_elementor_584caa2 .team_member_grid_image_overlay\n{\n  position:absolute;\n  top:0;\n  left:0;\n  transition:0.3s;\n  display:flex;\n  flex-direction:column;\n  justify-content:center;\n  align-items:center;\n}\n\n#uc_team_member_grid_elementor_584caa2 .team_member_grid_content\n{\n  display:flex;\n  flex-direction:column;\n  flex-grow: 1;\n}\n\n\n#uc_team_member_grid_elementor_584caa2 .team_member_grid_content .team_member_grid_text\n{\nflex-grow: 1;\n}\n\n#uc_team_member_grid_elementor_584caa2 .team_member_grid_content .team_member_grid_icons\n{\n  margin-top:auto;\n}\n\n#uc_team_member_grid_elementor_584caa2 .ue-company-logo img\n{\n  width:100%;\n}\n\n<\/style>\n\n<div id=\"uc_team_member_grid_elementor_584caa2\" class=\"team_member_grid\">\n   \t\t<div class=\"ue_grid_item\">\n  <div class=\"team_member_grid_header\">\n    <div class=\"team_member_grid_image\">\n     <div class=\"team_member_grid_image_container\">\n       <img decoding=\"async\" src=\"https:\/\/www.dp.lu\/nidderaanwen\/wp-content\/uploads\/sites\/38\/2023\/04\/Nidderaanwen-Storn-Debbie1.jpg\" alt=\"Nidderaanwen - Storn Debbie1\"  src=\"https:\/\/www.dp.lu\/nidderaanwen\/wp-content\/uploads\/sites\/38\/2023\/04\/Nidderaanwen-Storn-Debbie1.jpg\" alt=\"Nidderaanwen - Storn Debbie1\" width=\"500\" height=\"500\">\n       <div class=\"team_member_grid_image_overlay\">\n         \t\n         \t\n    \n                <\/div>\n     <\/div>\n    <\/div>\n    \t\n  \t\n    \n    \n    \n  <\/div>\n  \n  <div class=\"team_member_grid_content\">\n        \n    <div class=\"team_member_grid_title\">Debbie Storn<\/div>\t\n    <div class=\"team_member_grid_subtitle\">Pr\u00e4sidentin<\/div>        \n    \n    <div class=\"team_member_grid_text\"><p><span lang=\"LB-LU\" xml:lang=\"LB-LU\">Biblioth\u00e9caire dipl\u00f4m\u00e9e, Gemengebeamten<\/span><\/p><p><span lang=\"LB-LU\" xml:lang=\"LB-LU\">bestuet, 1 Kand<\/span><\/p><p><span lang=\"LB-LU\" xml:lang=\"LB-LU\">Vertrieder vun den \u00ebffentleche Biblioth\u00e9iken am Kulturminist\u00e8re<\/span><\/p><p><span lang=\"LB-LU\" xml:lang=\"LB-LU\">Member an der Schoulkommissioun<\/span><\/p><p><span lang=\"LB-LU\" xml:lang=\"LB-LU\">Member am Conseil d\u2019administration vum Jugendhaus Nidderaanwen a.s.b.l.<\/span><\/p><p><span lang=\"LB-LU\" xml:lang=\"LB-LU\">Member am Verwaltungsrot KHN - Kulturhaus Nidderaanwen<\/span><\/p><p><span lang=\"LB-LU\" xml:lang=\"LB-LU\">Comit\u00e9smember an der Tramsmusek<\/span><\/p><p><span lang=\"LB-LU\" xml:lang=\"LB-LU\">wunnt zu Iernster<\/span><\/p><\/div>\t\n        <div class=\"team_member_grid_icons\">\n      \t\n      \t\n      \t\n      \t\n    <\/div>\n        \n      <\/div>\n<\/div>\n<div class=\"ue_grid_item\">\n  <div class=\"team_member_grid_header\">\n    <div class=\"team_member_grid_image\">\n     <div class=\"team_member_grid_image_container\">\n       <img decoding=\"async\" src=\"https:\/\/www.dp.lu\/nidderaanwen\/wp-content\/uploads\/sites\/38\/2023\/04\/Nidderaanwen-Liebaert-Claude1.jpg\" alt=\"Nidderaanwen - Lie\u0301baert Claude1\"  src=\"https:\/\/www.dp.lu\/nidderaanwen\/wp-content\/uploads\/sites\/38\/2023\/04\/Nidderaanwen-Liebaert-Claude1.jpg\" alt=\"Nidderaanwen - Lie\u0301baert Claude1\" width=\"500\" height=\"500\">\n       <div class=\"team_member_grid_image_overlay\">\n         \t\n         \t\n    \n                <\/div>\n     <\/div>\n    <\/div>\n    \t\n  \t\n    \n    \n    \n  <\/div>\n  \n  <div class=\"team_member_grid_content\">\n        \n    <div class=\"team_member_grid_title\">Claude Li\u00e9baert<\/div>\t\n    <div class=\"team_member_grid_subtitle\">Vize-President<\/div>        \n    \n    <div class=\"team_member_grid_text\"><p><span lang=\"LB-LU\" xml:lang=\"LB-LU\">selbstst\u00e4nnege Gesch\u00e4ftsmann<\/span><\/p><p><span lang=\"LB-LU\" xml:lang=\"LB-LU\">bestuet, 2 Kanner<\/span><\/p><p><span lang=\"LB-LU\" xml:lang=\"LB-LU\">Member Sapeurs pompiers Niederanven a.s.b.l.<\/span><\/p><p><span lang=\"LB-LU\" xml:lang=\"LB-LU\">wunnt um Senn\u00e9ngerbierg<\/span><\/p><\/div>\t\n        <div class=\"team_member_grid_icons\">\n      \t\n      \t\n      \t\n      \t\n    <\/div>\n        \n      <\/div>\n<\/div>\n<div class=\"ue_grid_item\">\n  <div class=\"team_member_grid_header\">\n    <div class=\"team_member_grid_image\">\n     <div class=\"team_member_grid_image_container\">\n       <img loading=\"lazy\" decoding=\"async\" src=\"https:\/\/www.dp.lu\/nidderaanwen\/wp-content\/uploads\/sites\/38\/2023\/04\/Bauler_john.jpg\" alt=\"Bauler_john\"  src=\"https:\/\/www.dp.lu\/nidderaanwen\/wp-content\/uploads\/sites\/38\/2023\/04\/Bauler_john.jpg\" alt=\"Bauler_john\" width=\"800\" height=\"600\">\n       <div class=\"team_member_grid_image_overlay\">\n         \t\n         \t\n    \n                <\/div>\n     <\/div>\n    <\/div>\n    \t\n  \t\n    \n    \n    \n  <\/div>\n  \n  <div class=\"team_member_grid_content\">\n        \n    <div class=\"team_member_grid_title\">John Bauler<\/div>\t\n    <div class=\"team_member_grid_subtitle\">\u00c9iere-President<\/div>        \n    \n    <div class=\"team_member_grid_text\"><p><span lang=\"LB-LU\" xml:lang=\"LB-LU\">bestued, 2 Kanner<\/span><\/p><p><span lang=\"LB-LU\" xml:lang=\"LB-LU\">pension\u00e9ierten Europabeamten<\/span><\/p><p><span lang=\"LB-LU\" xml:lang=\"LB-LU\">Gemengeconseilj\u00e9 1982 - 2000 an 2006 - 2014<\/span><\/p><p><span lang=\"LB-LU\" xml:lang=\"LB-LU\">Eischte Scheffen 2000- 2006<\/span><\/p><p><span lang=\"LB-LU\" xml:lang=\"LB-LU\">Eirepresident DP Nidderaanwen<\/span><\/p><p><span lang=\"LB-LU\" xml:lang=\"LB-LU\">Vize-President SICN<\/span><\/p><p><span lang=\"LB-LU\" xml:lang=\"LB-LU\">Gr\u00ebnnungsmember vun den Scouten aus der Gemeng Nidderaanwen<\/span><\/p><p><span lang=\"LB-LU\" xml:lang=\"LB-LU\">wunnt zu Ueweraanwen\u00a0<\/span><\/p><\/div>\t\n        <div class=\"team_member_grid_icons\">\n      \t\n      \t\n      \t\n      \t\n    <\/div>\n        \n      <\/div>\n<\/div>\n<div class=\"ue_grid_item\">\n  <div class=\"team_member_grid_header\">\n    <div class=\"team_member_grid_image\">\n     <div class=\"team_member_grid_image_container\">\n       <img loading=\"lazy\" decoding=\"async\" src=\"https:\/\/www.dp.lu\/nidderaanwen\/wp-content\/uploads\/sites\/38\/2023\/04\/Nidderaanwen-van-der-Zande-Conny1.jpg\" alt=\"Nidderaanwen - van der Zande Conny1\"  src=\"https:\/\/www.dp.lu\/nidderaanwen\/wp-content\/uploads\/sites\/38\/2023\/04\/Nidderaanwen-van-der-Zande-Conny1.jpg\" alt=\"Nidderaanwen - van der Zande Conny1\" width=\"500\" height=\"500\">\n       <div class=\"team_member_grid_image_overlay\">\n         \t\n         \t\n    \n                <\/div>\n     <\/div>\n    <\/div>\n    \t\n  \t\n    \n    \n    \n  <\/div>\n  \n  <div class=\"team_member_grid_content\">\n        \n    <div class=\"team_member_grid_title\">Conny van der Zande<\/div>\t\n    <div class=\"team_member_grid_subtitle\">Sekret\u00e4r<\/div>        \n    \n    <div class=\"team_member_grid_text\"><p><span lang=\"LB-LU\" xml:lang=\"LB-LU\">Gemengeconseiller<\/span><\/p><p><span lang=\"LB-LU\" xml:lang=\"LB-LU\">pension\u00e9ierte\u00a0Chef d\u2018Entreprise<\/span><\/p><p><span lang=\"LB-LU\" xml:lang=\"LB-LU\">bestuet, 2 Kanner<\/span><\/p><p><span lang=\"LB-LU\" xml:lang=\"LB-LU\">Member an der Bautekommissioun<\/span><\/p><p><span lang=\"LB-LU\" xml:lang=\"LB-LU\">wunnt zu Iernster<\/span><\/p><\/div>\t\n        <div class=\"team_member_grid_icons\">\n      \t\n      \t\n      \t\n      \t\n    <\/div>\n        \n      <\/div>\n<\/div>\n<div class=\"ue_grid_item\">\n  <div class=\"team_member_grid_header\">\n    <div class=\"team_member_grid_image\">\n     <div class=\"team_member_grid_image_container\">\n       <img loading=\"lazy\" decoding=\"async\" src=\"https:\/\/www.dp.lu\/nidderaanwen\/wp-content\/uploads\/sites\/38\/2023\/04\/Nidderaanwen-Felke-Joe1.jpg\" alt=\"Nidderaanwen - Felke Joe1\"  src=\"https:\/\/www.dp.lu\/nidderaanwen\/wp-content\/uploads\/sites\/38\/2023\/04\/Nidderaanwen-Felke-Joe1.jpg\" alt=\"Nidderaanwen - Felke Joe1\" width=\"500\" height=\"500\">\n       <div class=\"team_member_grid_image_overlay\">\n         \t\n         \t\n    \n                <\/div>\n     <\/div>\n    <\/div>\n    \t\n  \t\n    \n    \n    \n  <\/div>\n  \n  <div class=\"team_member_grid_content\">\n        \n    <div class=\"team_member_grid_title\">Joe Felke<\/div>\t\n    <div class=\"team_member_grid_subtitle\">Tresorier<\/div>        \n    \n    <div class=\"team_member_grid_text\"><p><span lang=\"LB-LU\" xml:lang=\"LB-LU\">Economiste dipl\u00f4m\u00e9<\/span><\/p><p><span lang=\"LB-LU\" xml:lang=\"LB-LU\">bestuet, 3 Kanner<\/span><\/p><p><span lang=\"LB-LU\" xml:lang=\"LB-LU\">Formateur \u00ab\u00a0House of Training Luxembourg\u00a0\u00bb<\/span><\/p><p><span lang=\"LB-LU\" xml:lang=\"LB-LU\">Conf\u00e9rencier\u00a0\u00ab\u00a0LSF Luxembourg School of Finance\u00a0\u00bb<\/span><\/p><p><span lang=\"LB-LU\" xml:lang=\"LB-LU\">Member vun der Finanzkommissioun<\/span><\/p><p><span lang=\"LB-LU\" xml:lang=\"LB-LU\">Member an der Integratiounskommissioun<\/span><\/p><p><span lang=\"LB-LU\" xml:lang=\"LB-LU\">wunnt zu Rameldang<\/span><\/p><\/div>\t\n        <div class=\"team_member_grid_icons\">\n      \t\n      \t\n      \t\n      \t\n    <\/div>\n        \n      <\/div>\n<\/div>\n<div class=\"ue_grid_item\">\n  <div class=\"team_member_grid_header\">\n    <div class=\"team_member_grid_image\">\n     <div class=\"team_member_grid_image_container\">\n       <img loading=\"lazy\" decoding=\"async\" src=\"https:\/\/www.dp.lu\/nidderaanwen\/wp-content\/uploads\/sites\/38\/2023\/04\/Nidderaanwen-Hulzebos-Hanny1.jpg\" alt=\"Nidderaanwen - Hulzebos Hanny1\"  src=\"https:\/\/www.dp.lu\/nidderaanwen\/wp-content\/uploads\/sites\/38\/2023\/04\/Nidderaanwen-Hulzebos-Hanny1.jpg\" alt=\"Nidderaanwen - Hulzebos Hanny1\" width=\"500\" height=\"500\">\n       <div class=\"team_member_grid_image_overlay\">\n         \t\n         \t\n    \n                <\/div>\n     <\/div>\n    <\/div>\n    \t\n  \t\n    \n    \n    \n  <\/div>\n  \n  <div class=\"team_member_grid_content\">\n        \n    <div class=\"team_member_grid_title\">Hanny Hulzebos<\/div>\t\n    <div class=\"team_member_grid_subtitle\">Membre<\/div>        \n    \n    <div class=\"team_member_grid_text\"><p><span lang=\"LB-LU\" xml:lang=\"LB-LU\">pension\u00e9iert Infirmi\u00e8re<\/span><\/p><p><span lang=\"LB-LU\" xml:lang=\"LB-LU\">bestuet, 3 Kanner<\/span><\/p><\/div>\t\n        <div class=\"team_member_grid_icons\">\n      \t\n      \t\n      \t\n      \t\n    <\/div>\n        \n      <\/div>\n<\/div>\n<div class=\"ue_grid_item\">\n  <div class=\"team_member_grid_header\">\n    <div class=\"team_member_grid_image\">\n     <div class=\"team_member_grid_image_container\">\n       <img loading=\"lazy\" decoding=\"async\" src=\"https:\/\/www.dp.lu\/nidderaanwen\/wp-content\/uploads\/sites\/38\/2023\/04\/Nidderaanwen-Heinen-Nathalie1.jpg\" alt=\"Nidderaanwen - Heinen Nathalie1\"  src=\"https:\/\/www.dp.lu\/nidderaanwen\/wp-content\/uploads\/sites\/38\/2023\/04\/Nidderaanwen-Heinen-Nathalie1.jpg\" alt=\"Nidderaanwen - Heinen Nathalie1\" width=\"500\" height=\"500\">\n       <div class=\"team_member_grid_image_overlay\">\n         \t\n         \t\n    \n                <\/div>\n     <\/div>\n    <\/div>\n    \t\n  \t\n    \n    \n    \n  <\/div>\n  \n  <div class=\"team_member_grid_content\">\n        \n    <div class=\"team_member_grid_title\">Nathalie Heinen<\/div>\t\n    <div class=\"team_member_grid_subtitle\">Member<\/div>        \n    \n    <div class=\"team_member_grid_text\"><p>Economiste dipl\u00f4m\u00e9e, Enseignante<\/p><p>gepacst, 2 Kanner<\/p><p>wunnt zu Nidderaanwen<\/p><\/div>\t\n        <div class=\"team_member_grid_icons\">\n      <a class=\"\" href=\"https:\/\/www.facebook.com\/heinen.nathalie\" ><i class='fab fa-facebook-f'><\/i><\/a>\t\n      \t\n      <a class=\"\" href=\"https:\/\/www.instagram.com\/nathiii_heinen\" ><i class='fab fa-instagram'><\/i><\/a>\t\n      \t\n    <\/div>\n        \n      <\/div>\n<\/div>\n<div class=\"ue_grid_item\">\n  <div class=\"team_member_grid_header\">\n    <div class=\"team_member_grid_image\">\n     <div class=\"team_member_grid_image_container\">\n       <img loading=\"lazy\" decoding=\"async\" src=\"https:\/\/www.dp.lu\/nidderaanwen\/wp-content\/uploads\/sites\/38\/2023\/04\/Nidderaanwen-Koegel-Armin1.jpg\" alt=\"Nidderaanwen - Koegel Armin1\"  src=\"https:\/\/www.dp.lu\/nidderaanwen\/wp-content\/uploads\/sites\/38\/2023\/04\/Nidderaanwen-Koegel-Armin1.jpg\" alt=\"Nidderaanwen - Koegel Armin1\" width=\"500\" height=\"500\">\n       <div class=\"team_member_grid_image_overlay\">\n         \t\n         \t\n    \n                <\/div>\n     <\/div>\n    <\/div>\n    \t\n  \t\n    \n    \n    \n  <\/div>\n  \n  <div class=\"team_member_grid_content\">\n        \n    <div class=\"team_member_grid_title\">Armin Koegel<\/div>\t\n    <div class=\"team_member_grid_subtitle\">Member<\/div>        \n    \n    <div class=\"team_member_grid_text\"><p>Aarbechtsdokter, Z\u00e4nndokter, Fonctionnaire bei der Direction de la Sant\u00e9<\/p><p>bestuet<\/p><p>3 Kanner<\/p><p>wunnt zu Rammeldang<\/p><\/div>\t\n        <div class=\"team_member_grid_icons\">\n      \t\n      \t\n      \t\n      \t\n    <\/div>\n        \n      <\/div>\n<\/div>\n<div class=\"ue_grid_item\">\n  <div class=\"team_member_grid_header\">\n    <div class=\"team_member_grid_image\">\n     <div class=\"team_member_grid_image_container\">\n       <img loading=\"lazy\" decoding=\"async\" src=\"https:\/\/www.dp.lu\/nidderaanwen\/wp-content\/uploads\/sites\/38\/2023\/04\/Nidderaanwen-Reuter-Jeff1.jpg\" alt=\"Nidderaanwen - Reuter Jeff1\"  src=\"https:\/\/www.dp.lu\/nidderaanwen\/wp-content\/uploads\/sites\/38\/2023\/04\/Nidderaanwen-Reuter-Jeff1.jpg\" alt=\"Nidderaanwen - Reuter Jeff1\" width=\"500\" height=\"500\">\n       <div class=\"team_member_grid_image_overlay\">\n         \t\n         \t\n    \n                <\/div>\n     <\/div>\n    <\/div>\n    \t\n  \t\n    \n    \n    \n  <\/div>\n  \n  <div class=\"team_member_grid_content\">\n        \n    <div class=\"team_member_grid_title\">Jeff Reuter<\/div>\t\n    <div class=\"team_member_grid_subtitle\">Member<\/div>        \n    \n    <div class=\"team_member_grid_text\"><p><span lang=\"LB-LU\" xml:lang=\"LB-LU\">Informatiker, Staatsbeamten<\/span><\/p><p><span lang=\"LB-LU\" xml:lang=\"LB-LU\">bestuet, 2 Kanner<\/span><\/p><p><span lang=\"LB-LU\" xml:lang=\"LB-LU\">Sekret\u00e4r vun der Fanfare \u201eLa Reunion\u201c Hueschtert<\/span><\/p><p><span lang=\"LB-LU\" xml:lang=\"LB-LU\">S\u00e4nger an der Chorale Ste C\u00e9cile Iernster<\/span><\/p><p><span lang=\"LB-LU\" xml:lang=\"LB-LU\">Dirigent vun \u00a0der Chorale \u201eLa Hammoise\u201c L\u00ebtzebuerg-Hamm<\/span><\/p><p><span lang=\"LB-LU\" xml:lang=\"LB-LU\">wunnt zu Nidderaanwen<\/span><\/p><\/div>\t\n        <div class=\"team_member_grid_icons\">\n      <a class=\"\" href=\"mailto:jeffreuter75@gmail.com\" ><i class='far fa-envelope'><\/i><\/a>\t\n      \t\n      \t\n      \t\n    <\/div>\n        \n      <\/div>\n<\/div>\n<div class=\"ue_grid_item\">\n  <div class=\"team_member_grid_header\">\n    <div class=\"team_member_grid_image\">\n     <div class=\"team_member_grid_image_container\">\n       <img loading=\"lazy\" decoding=\"async\" src=\"https:\/\/www.dp.lu\/nidderaanwen\/wp-content\/uploads\/sites\/38\/2023\/04\/Nidderaanwen-Schmit-Georges1.jpg\" alt=\"Nidderaanwen - Schmit Georges1\"  src=\"https:\/\/www.dp.lu\/nidderaanwen\/wp-content\/uploads\/sites\/38\/2023\/04\/Nidderaanwen-Schmit-Georges1.jpg\" alt=\"Nidderaanwen - Schmit Georges1\" width=\"500\" height=\"500\">\n       <div class=\"team_member_grid_image_overlay\">\n         \t\n         \t\n    \n                <\/div>\n     <\/div>\n    <\/div>\n    \t\n  \t\n    \n    \n    \n  <\/div>\n  \n  <div class=\"team_member_grid_content\">\n        \n    <div class=\"team_member_grid_title\">Georges Schmit<\/div>\t\n    <div class=\"team_member_grid_subtitle\">Member<\/div>        \n    \n    <div class=\"team_member_grid_text\"><p><span lang=\"LB-LU\" xml:lang=\"LB-LU\">pension\u00e9ierte\u00a0Banquier<\/span><\/p><p><span lang=\"LB-LU\" xml:lang=\"LB-LU\">bestuet, 2 Kanner<\/span><\/p><p><span lang=\"LB-LU\" xml:lang=\"LB-LU\">Gemengeconseiller<\/span><\/p><p><span lang=\"LB-LU\" xml:lang=\"LB-LU\">President vum FC US Hostert V\u00e9t\u00e9rans &amp; Friends<\/span><\/p><p><span lang=\"LB-LU\" xml:lang=\"LB-LU\">Member an der Kommissioun fir Nohaltegkeet<\/span><\/p><p><span lang=\"LB-LU\" xml:lang=\"LB-LU\">wunnt zu Rameldang<\/span><\/p><\/div>\t\n        <div class=\"team_member_grid_icons\">\n      \t\n      \t\n      \t\n      \t\n    <\/div>\n        \n      <\/div>\n<\/div>\n<div class=\"ue_grid_item\">\n  <div class=\"team_member_grid_header\">\n    <div class=\"team_member_grid_image\">\n     <div class=\"team_member_grid_image_container\">\n       <img loading=\"lazy\" decoding=\"async\" src=\"https:\/\/www.dp.lu\/nidderaanwen\/wp-content\/uploads\/sites\/38\/2023\/04\/Nidderaanwen-Welter-Pierre1.jpg\" alt=\"Nidderaanwen - Welter Pierre1\"  src=\"https:\/\/www.dp.lu\/nidderaanwen\/wp-content\/uploads\/sites\/38\/2023\/04\/Nidderaanwen-Welter-Pierre1.jpg\" alt=\"Nidderaanwen - Welter Pierre1\" width=\"500\" height=\"500\">\n       <div class=\"team_member_grid_image_overlay\">\n         \t\n         \t\n    \n                <\/div>\n     <\/div>\n    <\/div>\n    \t\n  \t\n    \n    \n    \n  <\/div>\n  \n  <div class=\"team_member_grid_content\">\n        \n    <div class=\"team_member_grid_title\">Pierre Welter<\/div>\t\n    <div class=\"team_member_grid_subtitle\">Member<\/div>        \n    \n    <div class=\"team_member_grid_text\"><p><span lang=\"LB-LU\" xml:lang=\"LB-LU\">Gemengenelektriker<\/span><\/p><p><span lang=\"LB-LU\" xml:lang=\"LB-LU\">net bestuet<\/span><\/p><p><span lang=\"LB-LU\" xml:lang=\"LB-LU\">Member an der Sport- a Kulturkommissioun<\/span><\/p><p><span lang=\"LB-LU\" xml:lang=\"LB-LU\">Comit\u00e9smember Sapeurs pompiers Niederanven a.s.b.l.<\/span><\/p><p><span lang=\"LB-LU\" xml:lang=\"LB-LU\">Member am Kader vum CINS<\/span><\/p><p><span lang=\"LB-LU\" xml:lang=\"LB-LU\">Member vum Grupp \u00ab\u00a0First responder\u00a0\u00bb<\/span><\/p><p><span lang=\"LB-LU\" xml:lang=\"LB-LU\">Comit\u00e9smember vun \u201cD\u2019Liewen ass kee Kichelchen\u201d a.s.b.l.<\/span><\/p><p><span lang=\"LB-LU\" xml:lang=\"LB-LU\">Member am Conseil d\u2019administration vum Jugendhaus Nidderaanwen a.s.b.l.<\/span><\/p><p><span lang=\"LB-LU\" xml:lang=\"LB-LU\">\u00c9ierepresident\u00a0vum \u00a0\u201cKloterclub Niederanven\u201d<\/span><\/p><p><span lang=\"LB-LU\" xml:lang=\"LB-LU\">wunnt zu Ueweraanwen<\/span><\/p><\/div>\t\n        <div class=\"team_member_grid_icons\">\n      \t\n      \t\n      \t\n      \t\n    <\/div>\n        \n      <\/div>\n<\/div>\n\n<\/div>\n<!-- end Team Member Grid -->\t\t\t\t<\/div>\n\t\t\t\t<\/div>\n\t\t\t\t\t<\/div>\n\t\t<\/div>\n\t\t\t\t\t<\/div>\n\t\t<\/section>\n\t\t\t\t<\/div>\n\t\t","protected":false},"excerpt":{"rendered":"<p>\/* widget: Team Member Grid *\/ #uc_team_member_grid_elementor_584caa2 *{ box-sizing:border-box; } #uc_team_member_grid_elementor_584caa2 { position:relative; display:grid; } #uc_team_member_grid_elementor_584caa2 .team_member_grid_image_container { display:inline-block; overflow:hidden; position:relative; vertical-align:bottom; } #uc_team_member_grid_elementor_584caa2 .team_member_grid_image { vertical-align:bottom; } #uc_team_member_grid_elementor_584caa2 .team_member_grid_image img { object-fit:cover; width:100%; display:block; transition:0.5s; vertical-align:bottom; } #uc_team_member_grid_elementor_584caa2 .ue_grid_item { overflow:hidden; display:flex; flex-direction:column; } .team_member_grid_title { font-size:18px; } #uc_team_member_grid_elementor_584caa2 .team_member_grid_icons a { display:inline-flex; text-decoration:none; [&hellip;]<\/p>\n","protected":false},"author":2,"featured_media":0,"parent":0,"menu_order":0,"comment_status":"closed","ping_status":"closed","template":"","meta":{"footnotes":""},"class_list":["post-78","page","type-page","status-publish","hentry","wpbf-post"],"_links":{"self":[{"href":"https:\/\/www.dp.lu\/nidderaanwen\/wp-json\/wp\/v2\/pages\/78","targetHints":{"allow":["GET"]}}],"collection":[{"href":"https:\/\/www.dp.lu\/nidderaanwen\/wp-json\/wp\/v2\/pages"}],"about":[{"href":"https:\/\/www.dp.lu\/nidderaanwen\/wp-json\/wp\/v2\/types\/page"}],"author":[{"embeddable":true,"href":"https:\/\/www.dp.lu\/nidderaanwen\/wp-json\/wp\/v2\/users\/2"}],"replies":[{"embeddable":true,"href":"https:\/\/www.dp.lu\/nidderaanwen\/wp-json\/wp\/v2\/comments?post=78"}],"version-history":[{"count":110,"href":"https:\/\/www.dp.lu\/nidderaanwen\/wp-json\/wp\/v2\/pages\/78\/revisions"}],"predecessor-version":[{"id":695,"href":"https:\/\/www.dp.lu\/nidderaanwen\/wp-json\/wp\/v2\/pages\/78\/revisions\/695"}],"wp:attachment":[{"href":"https:\/\/www.dp.lu\/nidderaanwen\/wp-json\/wp\/v2\/media?parent=78"}],"curies":[{"name":"wp","href":"https:\/\/api.w.org\/{rel}","templated":true}]}}