{"id":400,"date":"2023-05-17T15:07:32","date_gmt":"2023-05-17T15:07:32","guid":{"rendered":"https:\/\/www.dp.lu\/roeser\/?page_id=400"},"modified":"2023-05-17T15:32:04","modified_gmt":"2023-05-17T15:32:04","slug":"eis-kandidate-fir-dgemengewalen","status":"publish","type":"page","link":"https:\/\/www.dp.lu\/roeser\/eis-kandidate-fir-dgemengewalen\/","title":{"rendered":"Eis Kandidate fir d&#8217;Gemengewalen"},"content":{"rendered":"\t\t<div data-elementor-type=\"wp-page\" data-elementor-id=\"400\" class=\"elementor elementor-400\" data-elementor-post-type=\"page\">\n\t\t\t\t\t\t<section class=\"elementor-section elementor-top-section elementor-element elementor-element-4e32718 elementor-section-full_width elementor-section-height-default elementor-section-height-default\" data-id=\"4e32718\" data-element_type=\"section\" data-e-type=\"section\">\n\t\t\t\t\t\t<div class=\"elementor-container elementor-column-gap-default\">\n\t\t\t\t\t<div class=\"elementor-column elementor-col-100 elementor-top-column elementor-element elementor-element-13595c6\" data-id=\"13595c6\" data-element_type=\"column\" data-e-type=\"column\">\n\t\t\t<div class=\"elementor-widget-wrap elementor-element-populated\">\n\t\t\t\t\t\t<div class=\"elementor-element elementor-element-991fab8 elementor-widget elementor-widget-image\" data-id=\"991fab8\" data-element_type=\"widget\" data-e-type=\"widget\" data-widget_type=\"image.default\">\n\t\t\t\t<div class=\"elementor-widget-container\">\n\t\t\t\t\t\t\t\t\t\t\t\t\t\t\t<img fetchpriority=\"high\" decoding=\"async\" width=\"2500\" height=\"1100\" src=\"https:\/\/www.dp.lu\/roeser\/wp-content\/uploads\/sites\/51\/2023\/05\/Kandidaten-Reiser-Web2.jpg\" class=\"attachment-full size-full wp-image-406\" alt=\"\" srcset=\"https:\/\/www.dp.lu\/roeser\/wp-content\/uploads\/sites\/51\/2023\/05\/Kandidaten-Reiser-Web2.jpg 2500w, https:\/\/www.dp.lu\/roeser\/wp-content\/uploads\/sites\/51\/2023\/05\/Kandidaten-Reiser-Web2-300x132.jpg 300w, https:\/\/www.dp.lu\/roeser\/wp-content\/uploads\/sites\/51\/2023\/05\/Kandidaten-Reiser-Web2-1024x451.jpg 1024w, https:\/\/www.dp.lu\/roeser\/wp-content\/uploads\/sites\/51\/2023\/05\/Kandidaten-Reiser-Web2-768x338.jpg 768w, https:\/\/www.dp.lu\/roeser\/wp-content\/uploads\/sites\/51\/2023\/05\/Kandidaten-Reiser-Web2-1536x676.jpg 1536w, https:\/\/www.dp.lu\/roeser\/wp-content\/uploads\/sites\/51\/2023\/05\/Kandidaten-Reiser-Web2-2048x901.jpg 2048w\" sizes=\"(max-width: 2500px) 100vw, 2500px\" \/>\t\t\t\t\t\t\t\t\t\t\t\t\t\t\t<\/div>\n\t\t\t\t<\/div>\n\t\t\t\t\t<\/div>\n\t\t<\/div>\n\t\t\t\t\t<\/div>\n\t\t<\/section>\n\t\t\t\t<section class=\"elementor-section elementor-top-section elementor-element elementor-element-67a9637 elementor-section-boxed elementor-section-height-default elementor-section-height-default\" data-id=\"67a9637\" data-element_type=\"section\" data-e-type=\"section\" data-settings=\"{&quot;background_background&quot;:&quot;classic&quot;}\">\n\t\t\t\t\t\t<div class=\"elementor-container elementor-column-gap-default\">\n\t\t\t\t\t<div class=\"elementor-column elementor-col-100 elementor-top-column elementor-element elementor-element-89fabd9\" data-id=\"89fabd9\" data-element_type=\"column\" data-e-type=\"column\">\n\t\t\t<div class=\"elementor-widget-wrap elementor-element-populated\">\n\t\t\t\t\t\t<div class=\"elementor-element elementor-element-584caa2 elementor-widget elementor-widget-ucaddon_team_member_grid\" data-id=\"584caa2\" data-element_type=\"widget\" data-e-type=\"widget\" data-widget_type=\"ucaddon_team_member_grid.default\">\n\t\t\t\t<div class=\"elementor-widget-container\">\n\t\t\t\t\t\n<!-- start Team Member Grid -->\n\t\t<link id='font-awesome-css' href='https:\/\/www.dp.lu\/roeser\/wp-content\/plugins\/unlimited-elements-for-elementor-premium\/assets_libraries\/font-awesome6\/fontawesome-all.min.css' type='text\/css' rel='stylesheet' >\n\t\t<link id='font-awesome-4-shim-css' href='https:\/\/www.dp.lu\/roeser\/wp-content\/plugins\/unlimited-elements-for-elementor-premium\/assets_libraries\/font-awesome6\/fontawesome-v4-shims.min.css' type='text\/css' rel='stylesheet' >\n\n<style>\/* widget: Team Member Grid *\/\n\n#uc_team_member_grid_elementor_584caa2 *{\n  box-sizing:border-box;\n}\n#uc_team_member_grid_elementor_584caa2\n{\n  position:relative;\n  display:grid;\n}\n\n\n#uc_team_member_grid_elementor_584caa2 .team_member_grid_image_container\n{\n  display:inline-block;\n  overflow:hidden;\n  position:relative;\n  vertical-align:bottom;\n}\n\n\n#uc_team_member_grid_elementor_584caa2 .team_member_grid_image\n{\n  vertical-align:bottom;\n}\n\n#uc_team_member_grid_elementor_584caa2 .team_member_grid_image img\n{\n  object-fit:cover;\n  width:100%;\n  display:block;\n  transition:0.5s;\n  vertical-align:bottom;\n}\n#uc_team_member_grid_elementor_584caa2 .ue_grid_item\n{\n  overflow:hidden;\n  display:flex;\n  flex-direction:column;\n\n}\n.team_member_grid_title\n{\n  font-size:18px;\n}\n\n#uc_team_member_grid_elementor_584caa2 .team_member_grid_icons a\n{\n  display:inline-flex;\n  text-decoration:none;\n  align-items:center;\n  justify-content:center;\n  line-height:1em;\n  transition:0.3s;\n}\n\n#uc_team_member_grid_elementor_584caa2 .team_member_grid_icons a svg\n{\n  width:1em;\n  height:1em;\n}\n\n#uc_team_member_grid_elementor_584caa2 .uc_more_btn\n{\n  transition:0.3s;\n  text-align:center;\n  text-decoration:none;\n}\n\n#uc_team_member_grid_elementor_584caa2 .team_member_grid_image_overlay\n{\n  position:absolute;\n  top:0;\n  left:0;\n  transition:0.3s;\n  display:flex;\n  flex-direction:column;\n  justify-content:center;\n  align-items:center;\n}\n\n#uc_team_member_grid_elementor_584caa2 .team_member_grid_content\n{\n  display:flex;\n  flex-direction:column;\n  flex-grow: 1;\n}\n\n\n#uc_team_member_grid_elementor_584caa2 .team_member_grid_content .team_member_grid_text\n{\nflex-grow: 1;\n}\n\n#uc_team_member_grid_elementor_584caa2 .team_member_grid_content .team_member_grid_icons\n{\n  margin-top:auto;\n}\n\n#uc_team_member_grid_elementor_584caa2 .ue-company-logo img\n{\n  width:100%;\n}\n\n<\/style>\n\n<div id=\"uc_team_member_grid_elementor_584caa2\" class=\"team_member_grid\">\n   \t\t<div class=\"ue_grid_item\">\n  <div class=\"team_member_grid_header\">\n    <div class=\"team_member_grid_image\">\n     <div class=\"team_member_grid_image_container\">\n       <img decoding=\"async\" src=\"https:\/\/www.dp.lu\/roeser\/wp-content\/uploads\/sites\/51\/2023\/05\/Reiser-Flammang-Sandra1.jpg\" alt=\"Re\u0301iser - Flammang Sandra1\"  src=\"https:\/\/www.dp.lu\/roeser\/wp-content\/uploads\/sites\/51\/2023\/05\/Reiser-Flammang-Sandra1.jpg\" alt=\"Re\u0301iser - Flammang Sandra1\" width=\"500\" height=\"500\">\n       <div class=\"team_member_grid_image_overlay\">\n         \t\n         \t\n    \n                <\/div>\n     <\/div>\n    <\/div>\n    \t\n  \t\n    \n    \n    \n  <\/div>\n  \n  <div class=\"team_member_grid_content\">\n        \n    <div class=\"team_member_grid_title\">Sandra Flammang<\/div>\t\n    <div class=\"team_member_grid_subtitle\">Sp\u00ebtzekandidatin<\/div>        \n    \n    <div class=\"team_member_grid_text\"><p class=\"p1\">Gemengeconseill\u00e8re<br \/>Ingenieur bei der \u00cbmweltverwaltung<br \/>50 Joer, Bierchem<\/p><\/div>\t\n        \n      <\/div>\n<\/div>\n<div class=\"ue_grid_item\">\n  <div class=\"team_member_grid_header\">\n    <div class=\"team_member_grid_image\">\n     <div class=\"team_member_grid_image_container\">\n       <img decoding=\"async\" src=\"https:\/\/www.dp.lu\/roeser\/wp-content\/uploads\/sites\/51\/2023\/05\/Reiser-Pompignoli-Fabrice1.jpg\" alt=\"Re\u0301iser - Pompignoli Fabrice1\"  src=\"https:\/\/www.dp.lu\/roeser\/wp-content\/uploads\/sites\/51\/2023\/05\/Reiser-Pompignoli-Fabrice1.jpg\" alt=\"Re\u0301iser - Pompignoli Fabrice1\" width=\"500\" height=\"500\">\n       <div class=\"team_member_grid_image_overlay\">\n         \t\n         \t\n    \n                <\/div>\n     <\/div>\n    <\/div>\n    \t\n  \t\n    \n    \n    \n  <\/div>\n  \n  <div class=\"team_member_grid_content\">\n        \n    <div class=\"team_member_grid_title\">Fabrice Pompignoli<\/div>\t\n    <div class=\"team_member_grid_subtitle\">Sp\u00ebtzekandidat<\/div>        \n    \n    <div class=\"team_member_grid_text\"><p class=\"p1\">Gemengeconseiller<br \/>Ingenieur bei der \u00cbmweltverwaltung<br \/>51 Joer, Krautem<\/p><\/div>\t\n        \n      <\/div>\n<\/div>\n<div class=\"ue_grid_item\">\n  <div class=\"team_member_grid_header\">\n    <div class=\"team_member_grid_image\">\n     <div class=\"team_member_grid_image_container\">\n       <img loading=\"lazy\" decoding=\"async\" src=\"https:\/\/www.dp.lu\/roeser\/wp-content\/uploads\/sites\/51\/2023\/05\/Reiser-Bonnefoux-Annette1.jpg\" alt=\"Re\u0301iser - Bonnefoux Annette1\"  src=\"https:\/\/www.dp.lu\/roeser\/wp-content\/uploads\/sites\/51\/2023\/05\/Reiser-Bonnefoux-Annette1.jpg\" alt=\"Re\u0301iser - Bonnefoux Annette1\" width=\"500\" height=\"500\">\n       <div class=\"team_member_grid_image_overlay\">\n         \t\n         \t\n    \n                <\/div>\n     <\/div>\n    <\/div>\n    \t\n  \t\n    \n    \n    \n  <\/div>\n  \n  <div class=\"team_member_grid_content\">\n        \n    <div class=\"team_member_grid_title\">Annette Bonnefoux<\/div>\t\n    <div class=\"team_member_grid_subtitle\"><\/div>        \n    \n    <div class=\"team_member_grid_text\"><p class=\"p1\">Sekret\u00e4rin<br \/>52 Joer<br \/>B\u00e9iweng<\/p><\/div>\t\n        \n      <\/div>\n<\/div>\n<div class=\"ue_grid_item\">\n  <div class=\"team_member_grid_header\">\n    <div class=\"team_member_grid_image\">\n     <div class=\"team_member_grid_image_container\">\n       <img loading=\"lazy\" decoding=\"async\" src=\"https:\/\/www.dp.lu\/roeser\/wp-content\/uploads\/sites\/51\/2023\/05\/Reiser-Ciglar-Andreja1.jpg\" alt=\"Re\u0301iser - Ciglar Andreja1\"  src=\"https:\/\/www.dp.lu\/roeser\/wp-content\/uploads\/sites\/51\/2023\/05\/Reiser-Ciglar-Andreja1.jpg\" alt=\"Re\u0301iser - Ciglar Andreja1\" width=\"500\" height=\"500\">\n       <div class=\"team_member_grid_image_overlay\">\n         \t\n         \t\n    \n                <\/div>\n     <\/div>\n    <\/div>\n    \t\n  \t\n    \n    \n    \n  <\/div>\n  \n  <div class=\"team_member_grid_content\">\n        \n    <div class=\"team_member_grid_title\">Andreja Ciglar<\/div>\t\n    <div class=\"team_member_grid_subtitle\"><\/div>        \n    \n    <div class=\"team_member_grid_text\"><p class=\"p1\">Gemengenbeamtin<br \/>42 Joer<br \/>B\u00e9iweng<\/p><\/div>\t\n        \n      <\/div>\n<\/div>\n<div class=\"ue_grid_item\">\n  <div class=\"team_member_grid_header\">\n    <div class=\"team_member_grid_image\">\n     <div class=\"team_member_grid_image_container\">\n       <img loading=\"lazy\" decoding=\"async\" src=\"https:\/\/www.dp.lu\/roeser\/wp-content\/uploads\/sites\/51\/2023\/05\/Reiser-Da-Silva-Liliane1.jpg\" alt=\"Re\u0301iser - Da Silva Liliane1\"  src=\"https:\/\/www.dp.lu\/roeser\/wp-content\/uploads\/sites\/51\/2023\/05\/Reiser-Da-Silva-Liliane1.jpg\" alt=\"Re\u0301iser - Da Silva Liliane1\" width=\"500\" height=\"500\">\n       <div class=\"team_member_grid_image_overlay\">\n         \t\n         \t\n    \n                <\/div>\n     <\/div>\n    <\/div>\n    \t\n  \t\n    \n    \n    \n  <\/div>\n  \n  <div class=\"team_member_grid_content\">\n        \n    <div class=\"team_member_grid_title\">Liliane Da Silva<\/div>\t\n    <div class=\"team_member_grid_subtitle\"><\/div>        \n    \n    <div class=\"team_member_grid_text\"><p class=\"p1\">Aarbechtspsychologin<br \/>44 Joer<br \/>L\u00e9iweng<\/p><\/div>\t\n        \n      <\/div>\n<\/div>\n<div class=\"ue_grid_item\">\n  <div class=\"team_member_grid_header\">\n    <div class=\"team_member_grid_image\">\n     <div class=\"team_member_grid_image_container\">\n       <img loading=\"lazy\" decoding=\"async\" src=\"https:\/\/www.dp.lu\/roeser\/wp-content\/uploads\/sites\/51\/2023\/05\/Reiser-Feltes-Pit1.jpg\" alt=\"Re\u0301iser - Feltes Pit1\"  src=\"https:\/\/www.dp.lu\/roeser\/wp-content\/uploads\/sites\/51\/2023\/05\/Reiser-Feltes-Pit1.jpg\" alt=\"Re\u0301iser - Feltes Pit1\" width=\"500\" height=\"500\">\n       <div class=\"team_member_grid_image_overlay\">\n         \t\n         \t\n    \n                <\/div>\n     <\/div>\n    <\/div>\n    \t\n  \t\n    \n    \n    \n  <\/div>\n  \n  <div class=\"team_member_grid_content\">\n        \n    <div class=\"team_member_grid_title\">Pit Feltes<\/div>\t\n    <div class=\"team_member_grid_subtitle\"><\/div>        \n    \n    <div class=\"team_member_grid_text\"><p class=\"p1\">Student an der Physik<br \/>22 Joer<br \/>Krautem<\/p><\/div>\t\n        \n      <\/div>\n<\/div>\n<div class=\"ue_grid_item\">\n  <div class=\"team_member_grid_header\">\n    <div class=\"team_member_grid_image\">\n     <div class=\"team_member_grid_image_container\">\n       <img loading=\"lazy\" decoding=\"async\" src=\"https:\/\/www.dp.lu\/roeser\/wp-content\/uploads\/sites\/51\/2023\/05\/Reiser-Kieffer-Paul1.jpg\" alt=\"Re\u0301iser - Kieffer Paul1\"  src=\"https:\/\/www.dp.lu\/roeser\/wp-content\/uploads\/sites\/51\/2023\/05\/Reiser-Kieffer-Paul1.jpg\" alt=\"Re\u0301iser - Kieffer Paul1\" width=\"500\" height=\"500\">\n       <div class=\"team_member_grid_image_overlay\">\n         \t\n         \t\n    \n                <\/div>\n     <\/div>\n    <\/div>\n    \t\n  \t\n    \n    \n    \n  <\/div>\n  \n  <div class=\"team_member_grid_content\">\n        \n    <div class=\"team_member_grid_title\">Paul Kieffer<\/div>\t\n    <div class=\"team_member_grid_subtitle\"><\/div>        \n    \n    <div class=\"team_member_grid_text\"><p class=\"p1\">Pension\u00e9ierten<br \/>Eisebunner<br \/>66 Joer, Krautem<\/p><\/div>\t\n        \n      <\/div>\n<\/div>\n<div class=\"ue_grid_item\">\n  <div class=\"team_member_grid_header\">\n    <div class=\"team_member_grid_image\">\n     <div class=\"team_member_grid_image_container\">\n       <img loading=\"lazy\" decoding=\"async\" src=\"https:\/\/www.dp.lu\/roeser\/wp-content\/uploads\/sites\/51\/2023\/05\/Reiser-Kirchen-Jeannot1.jpg\" alt=\"Re\u0301iser - Kirchen Jeannot1\"  src=\"https:\/\/www.dp.lu\/roeser\/wp-content\/uploads\/sites\/51\/2023\/05\/Reiser-Kirchen-Jeannot1.jpg\" alt=\"Re\u0301iser - Kirchen Jeannot1\" width=\"500\" height=\"500\">\n       <div class=\"team_member_grid_image_overlay\">\n         \t\n         \t\n    \n                <\/div>\n     <\/div>\n    <\/div>\n    \t\n  \t\n    \n    \n    \n  <\/div>\n  \n  <div class=\"team_member_grid_content\">\n        \n    <div class=\"team_member_grid_title\">Jeannot Kirchen<\/div>\t\n    <div class=\"team_member_grid_subtitle\">Sekret\u00e4r<\/div>        \n    \n    <div class=\"team_member_grid_text\"><p class=\"p1\">Pension\u00e9ierten<br \/>Eisebunner<br \/>71 Joer, Krautem<\/p><\/div>\t\n        \n      <\/div>\n<\/div>\n<div class=\"ue_grid_item\">\n  <div class=\"team_member_grid_header\">\n    <div class=\"team_member_grid_image\">\n     <div class=\"team_member_grid_image_container\">\n       <img loading=\"lazy\" decoding=\"async\" src=\"https:\/\/www.dp.lu\/roeser\/wp-content\/uploads\/sites\/51\/2023\/05\/Reiser-Munster-Laurent1.jpg\" alt=\"Re\u0301iser - Mu\u0308nster Laurent1\"  src=\"https:\/\/www.dp.lu\/roeser\/wp-content\/uploads\/sites\/51\/2023\/05\/Reiser-Munster-Laurent1.jpg\" alt=\"Re\u0301iser - Mu\u0308nster Laurent1\" width=\"500\" height=\"500\">\n       <div class=\"team_member_grid_image_overlay\">\n         \t\n         \t\n    \n                <\/div>\n     <\/div>\n    <\/div>\n    \t\n  \t\n    \n    \n    \n  <\/div>\n  \n  <div class=\"team_member_grid_content\">\n        \n    <div class=\"team_member_grid_title\">Laurent M\u00fcnster<\/div>\t\n    <div class=\"team_member_grid_subtitle\">Member<\/div>        \n    \n    <div class=\"team_member_grid_text\"><p class=\"p1\">An\u00e4sthesist<br \/>52 Joer<br \/>Kockelscheier<\/p><\/div>\t\n        \n      <\/div>\n<\/div>\n<div class=\"ue_grid_item\">\n  <div class=\"team_member_grid_header\">\n    <div class=\"team_member_grid_image\">\n     <div class=\"team_member_grid_image_container\">\n       <img loading=\"lazy\" decoding=\"async\" src=\"https:\/\/www.dp.lu\/roeser\/wp-content\/uploads\/sites\/51\/2023\/05\/Reiser-Ries-Yannick1.jpg\" alt=\"Re\u0301iser - Ries Yannick1\"  src=\"https:\/\/www.dp.lu\/roeser\/wp-content\/uploads\/sites\/51\/2023\/05\/Reiser-Ries-Yannick1.jpg\" alt=\"Re\u0301iser - Ries Yannick1\" width=\"500\" height=\"500\">\n       <div class=\"team_member_grid_image_overlay\">\n         \t\n         \t\n    \n                <\/div>\n     <\/div>\n    <\/div>\n    \t\n  \t\n    \n    \n    \n  <\/div>\n  \n  <div class=\"team_member_grid_content\">\n        \n    <div class=\"team_member_grid_title\">Yannick Ries<\/div>\t\n    <div class=\"team_member_grid_subtitle\"><\/div>        \n    \n    <div class=\"team_member_grid_text\"><p class=\"p1\">Student<br \/>19 Joer<br \/>Krautem<\/p><\/div>\t\n        \n      <\/div>\n<\/div>\n<div class=\"ue_grid_item\">\n  <div class=\"team_member_grid_header\">\n    <div class=\"team_member_grid_image\">\n     <div class=\"team_member_grid_image_container\">\n       <img loading=\"lazy\" decoding=\"async\" src=\"https:\/\/www.dp.lu\/roeser\/wp-content\/uploads\/sites\/51\/2023\/05\/Reiser-Schutz-Michel1.jpg\" alt=\"Re\u0301iser - Schutz Michel1\"  src=\"https:\/\/www.dp.lu\/roeser\/wp-content\/uploads\/sites\/51\/2023\/05\/Reiser-Schutz-Michel1.jpg\" alt=\"Re\u0301iser - Schutz Michel1\" width=\"500\" height=\"500\">\n       <div class=\"team_member_grid_image_overlay\">\n         \t\n         \t\n    \n                <\/div>\n     <\/div>\n    <\/div>\n    \t\n  \t\n    \n    \n    \n  <\/div>\n  \n  <div class=\"team_member_grid_content\">\n        \n    <div class=\"team_member_grid_title\">Michel Sch\u00fctz<\/div>\t\n    <div class=\"team_member_grid_subtitle\"><\/div>        \n    \n    <div class=\"team_member_grid_text\"><p class=\"p1\">Diplom\u00e9ierten Ingenieur<br \/>54 Joer<br \/>Krautem<\/p><\/div>\t\n        \n      <\/div>\n<\/div>\n<div class=\"ue_grid_item\">\n  <div class=\"team_member_grid_header\">\n    <div class=\"team_member_grid_image\">\n     <div class=\"team_member_grid_image_container\">\n       <img loading=\"lazy\" decoding=\"async\" src=\"https:\/\/www.dp.lu\/roeser\/wp-content\/uploads\/sites\/51\/2023\/05\/Reiser-Smailovic-Elvis1.jpg\" alt=\"Re\u0301iser - Smailovic Elvis1\"  src=\"https:\/\/www.dp.lu\/roeser\/wp-content\/uploads\/sites\/51\/2023\/05\/Reiser-Smailovic-Elvis1.jpg\" alt=\"Re\u0301iser - Smailovic Elvis1\" width=\"500\" height=\"500\">\n       <div class=\"team_member_grid_image_overlay\">\n         \t\n         \t\n    \n                <\/div>\n     <\/div>\n    <\/div>\n    \t\n  \t\n    \n    \n    \n  <\/div>\n  \n  <div class=\"team_member_grid_content\">\n        \n    <div class=\"team_member_grid_title\">Elvis Smailovic<\/div>\t\n    <div class=\"team_member_grid_subtitle\"><\/div>        \n    \n    <div class=\"team_member_grid_text\"><p class=\"p1\">Diplom\u00e9ierten Ingenieur<br \/>38 Joer<br \/>Peppeng<\/p><\/div>\t\n        \n      <\/div>\n<\/div>\n<div class=\"ue_grid_item\">\n  <div class=\"team_member_grid_header\">\n    <div class=\"team_member_grid_image\">\n     <div class=\"team_member_grid_image_container\">\n       <img loading=\"lazy\" decoding=\"async\" src=\"https:\/\/www.dp.lu\/roeser\/wp-content\/uploads\/sites\/51\/2023\/05\/Reiser-Wild-Charlotte1.jpg\" alt=\"Re\u0301iser - Wild Charlotte1\"  src=\"https:\/\/www.dp.lu\/roeser\/wp-content\/uploads\/sites\/51\/2023\/05\/Reiser-Wild-Charlotte1.jpg\" alt=\"Re\u0301iser - Wild Charlotte1\" width=\"500\" height=\"500\">\n       <div class=\"team_member_grid_image_overlay\">\n         \t\n         \t\n    \n                <\/div>\n     <\/div>\n    <\/div>\n    \t\n  \t\n    \n    \n    \n  <\/div>\n  \n  <div class=\"team_member_grid_content\">\n        \n    <div class=\"team_member_grid_title\">Charlotte Wild<\/div>\t\n    <div class=\"team_member_grid_subtitle\"><\/div>        \n    \n    <div class=\"team_member_grid_text\"><p class=\"p1\">Studentin<br \/>22 Joer<br \/>Bierchem<\/p><\/div>\t\n        \n      <\/div>\n<\/div>\n\n<\/div>\n<!-- end Team Member Grid -->\t\t\t\t<\/div>\n\t\t\t\t<\/div>\n\t\t\t\t\t<\/div>\n\t\t<\/div>\n\t\t\t\t\t<\/div>\n\t\t<\/section>\n\t\t\t\t<\/div>\n\t\t","protected":false},"excerpt":{"rendered":"<p>Sandra Flammang Sp\u00ebtzekandidatin Gemengeconseill\u00e8reIngenieur bei der \u00cbmweltverwaltung50 Joer, Bierchem Fabrice Pompignoli Sp\u00ebtzekandidat GemengeconseillerIngenieur bei der \u00cbmweltverwaltung51 Joer, Krautem Annette Bonnefoux Sekret\u00e4rin52 JoerB\u00e9iweng Andreja Ciglar Gemengenbeamtin42 JoerB\u00e9iweng Liliane Da Silva Aarbechtspsychologin44 JoerL\u00e9iweng Pit Feltes Student an der Physik22 JoerKrautem Paul Kieffer Pension\u00e9iertenEisebunner66 Joer, Krautem Jeannot Kirchen Sekret\u00e4r Pension\u00e9iertenEisebunner71 Joer, Krautem Laurent M\u00fcnster Member An\u00e4sthesist52 JoerKockelscheier Yannick [&hellip;]<\/p>\n","protected":false},"author":2,"featured_media":0,"parent":0,"menu_order":0,"comment_status":"closed","ping_status":"closed","template":"","meta":{"footnotes":""},"class_list":["post-400","page","type-page","status-publish","hentry","wpbf-post"],"_links":{"self":[{"href":"https:\/\/www.dp.lu\/roeser\/wp-json\/wp\/v2\/pages\/400","targetHints":{"allow":["GET"]}}],"collection":[{"href":"https:\/\/www.dp.lu\/roeser\/wp-json\/wp\/v2\/pages"}],"about":[{"href":"https:\/\/www.dp.lu\/roeser\/wp-json\/wp\/v2\/types\/page"}],"author":[{"embeddable":true,"href":"https:\/\/www.dp.lu\/roeser\/wp-json\/wp\/v2\/users\/2"}],"replies":[{"embeddable":true,"href":"https:\/\/www.dp.lu\/roeser\/wp-json\/wp\/v2\/comments?post=400"}],"version-history":[{"count":4,"href":"https:\/\/www.dp.lu\/roeser\/wp-json\/wp\/v2\/pages\/400\/revisions"}],"predecessor-version":[{"id":426,"href":"https:\/\/www.dp.lu\/roeser\/wp-json\/wp\/v2\/pages\/400\/revisions\/426"}],"wp:attachment":[{"href":"https:\/\/www.dp.lu\/roeser\/wp-json\/wp\/v2\/media?parent=400"}],"curies":[{"name":"wp","href":"https:\/\/api.w.org\/{rel}","templated":true}]}}