{"id":310,"date":"2023-04-17T13:55:51","date_gmt":"2023-04-17T13:55:51","guid":{"rendered":"https:\/\/www.dp.lu\/sandweiler\/?page_id=310"},"modified":"2023-04-17T14:19:15","modified_gmt":"2023-04-17T14:19:15","slug":"eis-kandidate-fir-dgemengewalen","status":"publish","type":"page","link":"https:\/\/www.dp.lu\/sandweiler\/eis-kandidate-fir-dgemengewalen\/","title":{"rendered":"Eis Kandidate fir d&#8217;Gemengewalen"},"content":{"rendered":"\t\t<div data-elementor-type=\"wp-page\" data-elementor-id=\"310\" class=\"elementor elementor-310\" data-elementor-post-type=\"page\">\n\t\t\t\t\t\t<section class=\"elementor-section elementor-top-section elementor-element elementor-element-4e32718 elementor-section-full_width elementor-section-height-default elementor-section-height-default\" data-id=\"4e32718\" data-element_type=\"section\" data-e-type=\"section\">\n\t\t\t\t\t\t<div class=\"elementor-container elementor-column-gap-default\">\n\t\t\t\t\t<div class=\"elementor-column elementor-col-100 elementor-top-column elementor-element elementor-element-13595c6\" data-id=\"13595c6\" data-element_type=\"column\" data-e-type=\"column\">\n\t\t\t<div class=\"elementor-widget-wrap elementor-element-populated\">\n\t\t\t\t\t\t<div class=\"elementor-element elementor-element-991fab8 elementor-widget elementor-widget-image\" data-id=\"991fab8\" data-element_type=\"widget\" data-e-type=\"widget\" data-widget_type=\"image.default\">\n\t\t\t\t<div class=\"elementor-widget-container\">\n\t\t\t\t\t\t\t\t\t\t\t\t\t\t\t<img fetchpriority=\"high\" decoding=\"async\" width=\"2500\" height=\"1100\" src=\"https:\/\/www.dp.lu\/sandweiler\/wp-content\/uploads\/sites\/34\/2023\/04\/Titelbild-sandweiler-Web2.jpg\" class=\"attachment-full size-full wp-image-313\" alt=\"\" srcset=\"https:\/\/www.dp.lu\/sandweiler\/wp-content\/uploads\/sites\/34\/2023\/04\/Titelbild-sandweiler-Web2.jpg 2500w, https:\/\/www.dp.lu\/sandweiler\/wp-content\/uploads\/sites\/34\/2023\/04\/Titelbild-sandweiler-Web2-300x132.jpg 300w, https:\/\/www.dp.lu\/sandweiler\/wp-content\/uploads\/sites\/34\/2023\/04\/Titelbild-sandweiler-Web2-1024x451.jpg 1024w, https:\/\/www.dp.lu\/sandweiler\/wp-content\/uploads\/sites\/34\/2023\/04\/Titelbild-sandweiler-Web2-768x338.jpg 768w, https:\/\/www.dp.lu\/sandweiler\/wp-content\/uploads\/sites\/34\/2023\/04\/Titelbild-sandweiler-Web2-1536x676.jpg 1536w, https:\/\/www.dp.lu\/sandweiler\/wp-content\/uploads\/sites\/34\/2023\/04\/Titelbild-sandweiler-Web2-2048x901.jpg 2048w\" sizes=\"(max-width: 2500px) 100vw, 2500px\" \/>\t\t\t\t\t\t\t\t\t\t\t\t\t\t\t<\/div>\n\t\t\t\t<\/div>\n\t\t\t\t\t<\/div>\n\t\t<\/div>\n\t\t\t\t\t<\/div>\n\t\t<\/section>\n\t\t\t\t<section class=\"elementor-section elementor-top-section elementor-element elementor-element-67a9637 elementor-section-boxed elementor-section-height-default elementor-section-height-default\" data-id=\"67a9637\" data-element_type=\"section\" data-e-type=\"section\" data-settings=\"{&quot;background_background&quot;:&quot;classic&quot;}\">\n\t\t\t\t\t\t<div class=\"elementor-container elementor-column-gap-default\">\n\t\t\t\t\t<div class=\"elementor-column elementor-col-100 elementor-top-column elementor-element elementor-element-89fabd9\" data-id=\"89fabd9\" data-element_type=\"column\" data-e-type=\"column\">\n\t\t\t<div class=\"elementor-widget-wrap elementor-element-populated\">\n\t\t\t\t\t\t<div class=\"elementor-element elementor-element-584caa2 elementor-widget elementor-widget-ucaddon_team_member_grid\" data-id=\"584caa2\" data-element_type=\"widget\" data-e-type=\"widget\" data-widget_type=\"ucaddon_team_member_grid.default\">\n\t\t\t\t<div class=\"elementor-widget-container\">\n\t\t\t\t\t\n<!-- start Team Member Grid -->\n\t\t<link id='font-awesome-css' href='https:\/\/www.dp.lu\/sandweiler\/wp-content\/plugins\/unlimited-elements-for-elementor-premium\/assets_libraries\/font-awesome6\/fontawesome-all.min.css' type='text\/css' rel='stylesheet' >\n\t\t<link id='font-awesome-4-shim-css' href='https:\/\/www.dp.lu\/sandweiler\/wp-content\/plugins\/unlimited-elements-for-elementor-premium\/assets_libraries\/font-awesome6\/fontawesome-v4-shims.min.css' type='text\/css' rel='stylesheet' >\n\n<style>\/* widget: Team Member Grid *\/\n\n#uc_team_member_grid_elementor_584caa2 *{\n  box-sizing:border-box;\n}\n#uc_team_member_grid_elementor_584caa2\n{\n  position:relative;\n  display:grid;\n}\n\n\n#uc_team_member_grid_elementor_584caa2 .team_member_grid_image_container\n{\n  display:inline-block;\n  overflow:hidden;\n  position:relative;\n  vertical-align:bottom;\n}\n\n\n#uc_team_member_grid_elementor_584caa2 .team_member_grid_image\n{\n  vertical-align:bottom;\n}\n\n#uc_team_member_grid_elementor_584caa2 .team_member_grid_image img\n{\n  object-fit:cover;\n  width:100%;\n  display:block;\n  transition:0.5s;\n  vertical-align:bottom;\n}\n#uc_team_member_grid_elementor_584caa2 .ue_grid_item\n{\n  overflow:hidden;\n  display:flex;\n  flex-direction:column;\n\n}\n.team_member_grid_title\n{\n  font-size:18px;\n}\n\n#uc_team_member_grid_elementor_584caa2 .team_member_grid_icons a\n{\n  display:inline-flex;\n  text-decoration:none;\n  align-items:center;\n  justify-content:center;\n  line-height:1em;\n  transition:0.3s;\n}\n\n#uc_team_member_grid_elementor_584caa2 .team_member_grid_icons a svg\n{\n  width:1em;\n  height:1em;\n}\n\n#uc_team_member_grid_elementor_584caa2 .uc_more_btn\n{\n  transition:0.3s;\n  text-align:center;\n  text-decoration:none;\n}\n\n#uc_team_member_grid_elementor_584caa2 .team_member_grid_image_overlay\n{\n  position:absolute;\n  top:0;\n  left:0;\n  transition:0.3s;\n  display:flex;\n  flex-direction:column;\n  justify-content:center;\n  align-items:center;\n}\n\n#uc_team_member_grid_elementor_584caa2 .team_member_grid_content\n{\n  display:flex;\n  flex-direction:column;\n  flex-grow: 1;\n}\n\n\n#uc_team_member_grid_elementor_584caa2 .team_member_grid_content .team_member_grid_text\n{\nflex-grow: 1;\n}\n\n#uc_team_member_grid_elementor_584caa2 .team_member_grid_content .team_member_grid_icons\n{\n  margin-top:auto;\n}\n\n#uc_team_member_grid_elementor_584caa2 .ue-company-logo img\n{\n  width:100%;\n}\n\n<\/style>\n\n<div id=\"uc_team_member_grid_elementor_584caa2\" class=\"team_member_grid\">\n   \t\t<div class=\"ue_grid_item\">\n  <div class=\"team_member_grid_header\">\n    <div class=\"team_member_grid_image\">\n     <div class=\"team_member_grid_image_container\">\n       <img decoding=\"async\" src=\"https:\/\/www.dp.lu\/sandweiler\/wp-content\/uploads\/sites\/34\/2023\/04\/Sandweiler-Mousel-Claude1.jpg\" alt=\"Sandweiler-Mousel-Claude1\"  src=\"https:\/\/www.dp.lu\/sandweiler\/wp-content\/uploads\/sites\/34\/2023\/04\/Sandweiler-Mousel-Claude1.jpg\" alt=\"Sandweiler-Mousel-Claude1\" width=\"500\" height=\"500\">\n       <div class=\"team_member_grid_image_overlay\">\n         \t\n         \t\n    \n                <\/div>\n     <\/div>\n    <\/div>\n    \t\n  \t\n    \n    \n    \n  <\/div>\n  \n  <div class=\"team_member_grid_content\">\n        \n    <div class=\"team_member_grid_title\">Claude Mousel<\/div>\t\n    <div class=\"team_member_grid_subtitle\">Sp\u00ebtzekandidat<\/div>        \n    \n    <div class=\"team_member_grid_text\"><p class=\"p1\"><i>Gemengeconseiller<br \/><\/i><i>Z\u00e4nndokter<br \/><\/i><i>64 Joer<br \/><\/i><i>Sandweiler<\/i><\/p><\/div>\t\n        <div class=\"team_member_grid_icons\">\n      \t\n      \t\n      \t\n      \t\n    <\/div>\n        \n      <\/div>\n<\/div>\n<div class=\"ue_grid_item\">\n  <div class=\"team_member_grid_header\">\n    <div class=\"team_member_grid_image\">\n     <div class=\"team_member_grid_image_container\">\n       <img decoding=\"async\" src=\"https:\/\/www.dp.lu\/sandweiler\/wp-content\/uploads\/sites\/34\/2023\/04\/Sandweiler-Courtois-Corine1.jpg\" alt=\"Sandweiler-Courtois-Corine1\"  src=\"https:\/\/www.dp.lu\/sandweiler\/wp-content\/uploads\/sites\/34\/2023\/04\/Sandweiler-Courtois-Corine1.jpg\" alt=\"Sandweiler-Courtois-Corine1\" width=\"500\" height=\"500\">\n       <div class=\"team_member_grid_image_overlay\">\n         \t\n         \t\n    \n                <\/div>\n     <\/div>\n    <\/div>\n    \t\n  \t\n    \n    \n    \n  <\/div>\n  \n  <div class=\"team_member_grid_content\">\n        \n    <div class=\"team_member_grid_title\">Corine Courtois<\/div>\t\n    <div class=\"team_member_grid_subtitle\">Sp\u00ebtzekandidatin<\/div>        \n    \n    <div class=\"team_member_grid_text\"><p class=\"p1\"><i>Gemengeconseill\u00e8re<br \/><\/i><i>Chef d\u2018agence adjoint <\/i><i>bei der Spuerkeess<br \/><\/i><i>61 Joer<br \/><\/i><i>Sandweiler<\/i><\/p><\/div>\t\n        <div class=\"team_member_grid_icons\">\n      \t\n      \t\n      \t\n      \t\n    <\/div>\n        \n      <\/div>\n<\/div>\n<div class=\"ue_grid_item\">\n  <div class=\"team_member_grid_header\">\n    <div class=\"team_member_grid_image\">\n     <div class=\"team_member_grid_image_container\">\n       <img loading=\"lazy\" decoding=\"async\" src=\"https:\/\/www.dp.lu\/sandweiler\/wp-content\/uploads\/sites\/34\/2023\/04\/Sandweiler-Durand-Olivia1.jpg\" alt=\"Sandweiler-Durand-Olivia1\"  src=\"https:\/\/www.dp.lu\/sandweiler\/wp-content\/uploads\/sites\/34\/2023\/04\/Sandweiler-Durand-Olivia1.jpg\" alt=\"Sandweiler-Durand-Olivia1\" width=\"500\" height=\"500\">\n       <div class=\"team_member_grid_image_overlay\">\n         \t\n         \t\n    \n                <\/div>\n     <\/div>\n    <\/div>\n    \t\n  \t\n    \n    \n    \n  <\/div>\n  \n  <div class=\"team_member_grid_content\">\n        \n    <div class=\"team_member_grid_title\">Olivia Durand<\/div>\t\n    <div class=\"team_member_grid_subtitle\"><\/div>        \n    \n    <div class=\"team_member_grid_text\"><p class=\"p1\"><i>Juristin<br \/><\/i><i>38 Joer<br \/><\/i><i>Sandweiler<\/i><\/p><\/div>\t\n        <div class=\"team_member_grid_icons\">\n      \t\n      \t\n      \t\n      \t\n    <\/div>\n        \n      <\/div>\n<\/div>\n<div class=\"ue_grid_item\">\n  <div class=\"team_member_grid_header\">\n    <div class=\"team_member_grid_image\">\n     <div class=\"team_member_grid_image_container\">\n       <img loading=\"lazy\" decoding=\"async\" src=\"https:\/\/www.dp.lu\/sandweiler\/wp-content\/uploads\/sites\/34\/2023\/04\/Sandweiler-Golinski-Joelle1.jpg\" alt=\"Sandweiler-Golinski-Joe\u0308lle1\"  src=\"https:\/\/www.dp.lu\/sandweiler\/wp-content\/uploads\/sites\/34\/2023\/04\/Sandweiler-Golinski-Joelle1.jpg\" alt=\"Sandweiler-Golinski-Joe\u0308lle1\" width=\"500\" height=\"500\">\n       <div class=\"team_member_grid_image_overlay\">\n         \t\n         \t\n    \n                <\/div>\n     <\/div>\n    <\/div>\n    \t\n  \t\n    \n    \n    \n  <\/div>\n  \n  <div class=\"team_member_grid_content\">\n        \n    <div class=\"team_member_grid_title\">Jo\u00eblle Golinski<\/div>\t\n    <div class=\"team_member_grid_subtitle\"><\/div>        \n    \n    <div class=\"team_member_grid_text\"><p class=\"p1\"><i>Responsable <\/i><i>Administrative<br \/><\/i><i>57 Joer<br \/><\/i><i>Sandweiler<\/i><\/p><\/div>\t\n        <div class=\"team_member_grid_icons\">\n      \t\n      \t\n      \t\n      \t\n    <\/div>\n        \n      <\/div>\n<\/div>\n<div class=\"ue_grid_item\">\n  <div class=\"team_member_grid_header\">\n    <div class=\"team_member_grid_image\">\n     <div class=\"team_member_grid_image_container\">\n       <img loading=\"lazy\" decoding=\"async\" src=\"https:\/\/www.dp.lu\/sandweiler\/wp-content\/uploads\/sites\/34\/2023\/04\/Sandweiler-Kemp-Hebert-Malou1.jpg\" alt=\"Sandweiler-Kemp-Hebert-Malou1\"  src=\"https:\/\/www.dp.lu\/sandweiler\/wp-content\/uploads\/sites\/34\/2023\/04\/Sandweiler-Kemp-Hebert-Malou1.jpg\" alt=\"Sandweiler-Kemp-Hebert-Malou1\" width=\"500\" height=\"500\">\n       <div class=\"team_member_grid_image_overlay\">\n         \t\n         \t\n    \n                <\/div>\n     <\/div>\n    <\/div>\n    \t\n  \t\n    \n    \n    \n  <\/div>\n  \n  <div class=\"team_member_grid_content\">\n        \n    <div class=\"team_member_grid_title\">Malou Kemp<\/div>\t\n    <div class=\"team_member_grid_subtitle\"><\/div>        \n    \n    <div class=\"team_member_grid_text\"><p class=\"p1\"><i>Privatbeamtin <\/i><i>Cargolux Airlines<br \/><\/i><i>57 Joer<br \/><\/i><i>Sandweiler<\/i><\/p><\/div>\t\n        <div class=\"team_member_grid_icons\">\n      \t\n      \t\n      \t\n      \t\n    <\/div>\n        \n      <\/div>\n<\/div>\n<div class=\"ue_grid_item\">\n  <div class=\"team_member_grid_header\">\n    <div class=\"team_member_grid_image\">\n     <div class=\"team_member_grid_image_container\">\n       <img loading=\"lazy\" decoding=\"async\" src=\"https:\/\/www.dp.lu\/sandweiler\/wp-content\/uploads\/sites\/34\/2023\/04\/Sandweiler-Loschetter-Sascha1.jpg\" alt=\"Sandweiler-Loschetter-Sascha1\"  src=\"https:\/\/www.dp.lu\/sandweiler\/wp-content\/uploads\/sites\/34\/2023\/04\/Sandweiler-Loschetter-Sascha1.jpg\" alt=\"Sandweiler-Loschetter-Sascha1\" width=\"500\" height=\"500\">\n       <div class=\"team_member_grid_image_overlay\">\n         \t\n         \t\n    \n                <\/div>\n     <\/div>\n    <\/div>\n    \t\n  \t\n    \n    \n    \n  <\/div>\n  \n  <div class=\"team_member_grid_content\">\n        \n    <div class=\"team_member_grid_title\">Sascha Loschetter<\/div>\t\n    <div class=\"team_member_grid_subtitle\"><\/div>        \n    \n    <div class=\"team_member_grid_text\"><p class=\"p1\"><i>Student<br \/><\/i><i>18 Joer<br \/><\/i><i>Sandweiler<\/i><\/p><\/div>\t\n        <div class=\"team_member_grid_icons\">\n      \t\n      \t\n      \t\n      \t\n    <\/div>\n        \n      <\/div>\n<\/div>\n<div class=\"ue_grid_item\">\n  <div class=\"team_member_grid_header\">\n    <div class=\"team_member_grid_image\">\n     <div class=\"team_member_grid_image_container\">\n       <img loading=\"lazy\" decoding=\"async\" src=\"https:\/\/www.dp.lu\/sandweiler\/wp-content\/uploads\/sites\/34\/2023\/04\/Sandweiler-Maguer-Julie1.jpg\" alt=\"Sandweiler-Maguer-Julie1\"  src=\"https:\/\/www.dp.lu\/sandweiler\/wp-content\/uploads\/sites\/34\/2023\/04\/Sandweiler-Maguer-Julie1.jpg\" alt=\"Sandweiler-Maguer-Julie1\" width=\"500\" height=\"500\">\n       <div class=\"team_member_grid_image_overlay\">\n         \t\n         \t\n    \n                <\/div>\n     <\/div>\n    <\/div>\n    \t\n  \t\n    \n    \n    \n  <\/div>\n  \n  <div class=\"team_member_grid_content\">\n        \n    <div class=\"team_member_grid_title\">Julie Maguer<\/div>\t\n    <div class=\"team_member_grid_subtitle\"><\/div>        \n    \n    <div class=\"team_member_grid_text\"><p class=\"p1\">Diplom\u00e9iert Coiffeuse<br \/>23 Joer<br \/>Sandweiler<\/p><\/div>\t\n        <div class=\"team_member_grid_icons\">\n      \t\n      \t\n      \t\n      \t\n    <\/div>\n        \n      <\/div>\n<\/div>\n<div class=\"ue_grid_item\">\n  <div class=\"team_member_grid_header\">\n    <div class=\"team_member_grid_image\">\n     <div class=\"team_member_grid_image_container\">\n       <img loading=\"lazy\" decoding=\"async\" src=\"https:\/\/www.dp.lu\/sandweiler\/wp-content\/uploads\/sites\/34\/2023\/04\/Sandweiler-Persico-Salvatore1.jpg\" alt=\"Sandweiler-Persico-Salvatore1\"  src=\"https:\/\/www.dp.lu\/sandweiler\/wp-content\/uploads\/sites\/34\/2023\/04\/Sandweiler-Persico-Salvatore1.jpg\" alt=\"Sandweiler-Persico-Salvatore1\" width=\"500\" height=\"500\">\n       <div class=\"team_member_grid_image_overlay\">\n         \t\n         \t\n    \n                <\/div>\n     <\/div>\n    <\/div>\n    \t\n  \t\n    \n    \n    \n  <\/div>\n  \n  <div class=\"team_member_grid_content\">\n        \n    <div class=\"team_member_grid_title\">Salvatore Persico<\/div>\t\n    <div class=\"team_member_grid_subtitle\"><\/div>        \n    \n    <div class=\"team_member_grid_text\"><p class=\"p1\"><i>Pensionaire<br \/><\/i><i>59 Joer<br \/><\/i><i>Sandweiler<\/i><\/p><\/div>\t\n        <div class=\"team_member_grid_icons\">\n      \t\n      \t\n      \t\n      \t\n    <\/div>\n        \n      <\/div>\n<\/div>\n<div class=\"ue_grid_item\">\n  <div class=\"team_member_grid_header\">\n    <div class=\"team_member_grid_image\">\n     <div class=\"team_member_grid_image_container\">\n       <img loading=\"lazy\" decoding=\"async\" src=\"https:\/\/www.dp.lu\/sandweiler\/wp-content\/uploads\/sites\/34\/2023\/04\/Sandweiler-Schons-Marc1.jpg\" alt=\"Sandweiler-Schons-Marc1\"  src=\"https:\/\/www.dp.lu\/sandweiler\/wp-content\/uploads\/sites\/34\/2023\/04\/Sandweiler-Schons-Marc1.jpg\" alt=\"Sandweiler-Schons-Marc1\" width=\"500\" height=\"500\">\n       <div class=\"team_member_grid_image_overlay\">\n         \t\n         \t\n    \n                <\/div>\n     <\/div>\n    <\/div>\n    \t\n  \t\n    \n    \n    \n  <\/div>\n  \n  <div class=\"team_member_grid_content\">\n        \n    <div class=\"team_member_grid_title\">Marc Schons<\/div>\t\n    <div class=\"team_member_grid_subtitle\"><\/div>        \n    \n    <div class=\"team_member_grid_text\"><p class=\"p1\">Pension\u00e9ierten Infirmier<br \/>62 Joer<br \/>Sandweiler<\/p><\/div>\t\n        <div class=\"team_member_grid_icons\">\n      \t\n      \t\n      \t\n      \t\n    <\/div>\n        \n      <\/div>\n<\/div>\n<div class=\"ue_grid_item\">\n  <div class=\"team_member_grid_header\">\n    <div class=\"team_member_grid_image\">\n     <div class=\"team_member_grid_image_container\">\n       <img loading=\"lazy\" decoding=\"async\" src=\"https:\/\/www.dp.lu\/sandweiler\/wp-content\/uploads\/sites\/34\/2023\/04\/Sandweiler-Thierer-Jorg1.jpg\" alt=\"Sandweiler-Thierer-Jo\u0308rg1\"  src=\"https:\/\/www.dp.lu\/sandweiler\/wp-content\/uploads\/sites\/34\/2023\/04\/Sandweiler-Thierer-Jorg1.jpg\" alt=\"Sandweiler-Thierer-Jo\u0308rg1\" width=\"500\" height=\"500\">\n       <div class=\"team_member_grid_image_overlay\">\n         \t\n         \t\n    \n                <\/div>\n     <\/div>\n    <\/div>\n    \t\n  \t\n    \n    \n    \n  <\/div>\n  \n  <div class=\"team_member_grid_content\">\n        \n    <div class=\"team_member_grid_title\">J\u00f6rg Thierer<\/div>\t\n    <div class=\"team_member_grid_subtitle\"><\/div>        \n    \n    <div class=\"team_member_grid_text\"><p class=\"p1\"><i>Dipl.-Ing.<br \/><\/i><i>Directeur Commercial &amp; <\/i><i>Administratif<br \/><\/i><i>59 Joer<br \/><\/i><i>Sandweiler<\/i><\/p><\/div>\t\n        <div class=\"team_member_grid_icons\">\n      \t\n      \t\n      \t\n      \t\n    <\/div>\n        \n      <\/div>\n<\/div>\n<div class=\"ue_grid_item\">\n  <div class=\"team_member_grid_header\">\n    <div class=\"team_member_grid_image\">\n     <div class=\"team_member_grid_image_container\">\n       <img loading=\"lazy\" decoding=\"async\" src=\"https:\/\/www.dp.lu\/sandweiler\/wp-content\/uploads\/sites\/34\/2023\/04\/Sandweiler-Verbiest-Sylvia1.jpg\" alt=\"Sandweiler-Verbiest-Sylvia1\"  src=\"https:\/\/www.dp.lu\/sandweiler\/wp-content\/uploads\/sites\/34\/2023\/04\/Sandweiler-Verbiest-Sylvia1.jpg\" alt=\"Sandweiler-Verbiest-Sylvia1\" width=\"500\" height=\"500\">\n       <div class=\"team_member_grid_image_overlay\">\n         \t\n         \t\n    \n                <\/div>\n     <\/div>\n    <\/div>\n    \t\n  \t\n    \n    \n    \n  <\/div>\n  \n  <div class=\"team_member_grid_content\">\n        \n    <div class=\"team_member_grid_title\">Sylvia Verbiest<\/div>\t\n    <div class=\"team_member_grid_subtitle\"><\/div>        \n    \n    <div class=\"team_member_grid_text\"><p class=\"p1\"><i>Architektin<br \/><\/i><i>43 Joer<br \/><\/i><i>Sandweiler<\/i><\/p><\/div>\t\n        <div class=\"team_member_grid_icons\">\n      \t\n      \t\n      \t\n      \t\n    <\/div>\n        \n      <\/div>\n<\/div>\n\n<\/div>\n<!-- end Team Member Grid -->\t\t\t\t<\/div>\n\t\t\t\t<\/div>\n\t\t\t\t\t<\/div>\n\t\t<\/div>\n\t\t\t\t\t<\/div>\n\t\t<\/section>\n\t\t\t\t<\/div>\n\t\t","protected":false},"excerpt":{"rendered":"<p>Claude Mousel Sp\u00ebtzekandidat GemengeconseillerZ\u00e4nndokter64 JoerSandweiler Corine Courtois Sp\u00ebtzekandidatin Gemengeconseill\u00e8reChef d\u2018agence adjoint bei der Spuerkeess61 JoerSandweiler Olivia Durand Juristin38 JoerSandweiler Jo\u00eblle Golinski Responsable Administrative57 JoerSandweiler Malou Kemp Privatbeamtin Cargolux Airlines57 JoerSandweiler Sascha Loschetter Student18 JoerSandweiler Julie Maguer Diplom\u00e9iert Coiffeuse23 JoerSandweiler Salvatore Persico Pensionaire59 JoerSandweiler Marc Schons Pension\u00e9ierten Infirmier62 JoerSandweiler J\u00f6rg Thierer Dipl.-Ing.Directeur Commercial &amp; Administratif59 JoerSandweiler [&hellip;]<\/p>\n","protected":false},"author":2,"featured_media":0,"parent":0,"menu_order":0,"comment_status":"closed","ping_status":"closed","template":"","meta":{"footnotes":""},"class_list":["post-310","page","type-page","status-publish","hentry","wpbf-post"],"_links":{"self":[{"href":"https:\/\/www.dp.lu\/sandweiler\/wp-json\/wp\/v2\/pages\/310","targetHints":{"allow":["GET"]}}],"collection":[{"href":"https:\/\/www.dp.lu\/sandweiler\/wp-json\/wp\/v2\/pages"}],"about":[{"href":"https:\/\/www.dp.lu\/sandweiler\/wp-json\/wp\/v2\/types\/page"}],"author":[{"embeddable":true,"href":"https:\/\/www.dp.lu\/sandweiler\/wp-json\/wp\/v2\/users\/2"}],"replies":[{"embeddable":true,"href":"https:\/\/www.dp.lu\/sandweiler\/wp-json\/wp\/v2\/comments?post=310"}],"version-history":[{"count":4,"href":"https:\/\/www.dp.lu\/sandweiler\/wp-json\/wp\/v2\/pages\/310\/revisions"}],"predecessor-version":[{"id":327,"href":"https:\/\/www.dp.lu\/sandweiler\/wp-json\/wp\/v2\/pages\/310\/revisions\/327"}],"wp:attachment":[{"href":"https:\/\/www.dp.lu\/sandweiler\/wp-json\/wp\/v2\/media?parent=310"}],"curies":[{"name":"wp","href":"https:\/\/api.w.org\/{rel}","templated":true}]}}