{"id":81,"date":"2022-08-05T12:21:40","date_gmt":"2022-08-05T12:21:40","guid":{"rendered":"https:\/\/www.dp.lu\/sandweiler\/?page_id=81"},"modified":"2024-05-07T09:51:02","modified_gmt":"2024-05-07T09:51:02","slug":"gemengerot","status":"publish","type":"page","link":"https:\/\/www.dp.lu\/sandweiler\/gemengerot\/","title":{"rendered":"Gemengerot"},"content":{"rendered":"\t\t<div data-elementor-type=\"wp-page\" data-elementor-id=\"81\" class=\"elementor elementor-81\" data-elementor-post-type=\"page\">\n\t\t\t\t\t\t<section class=\"elementor-section elementor-top-section elementor-element elementor-element-4ace5cc elementor-section-full_width elementor-section-height-default elementor-section-height-default\" data-id=\"4ace5cc\" data-element_type=\"section\" data-e-type=\"section\">\n\t\t\t\t\t\t<div class=\"elementor-container elementor-column-gap-default\">\n\t\t\t\t\t<div class=\"elementor-column elementor-col-100 elementor-top-column elementor-element elementor-element-e468505\" data-id=\"e468505\" data-element_type=\"column\" data-e-type=\"column\">\n\t\t\t<div class=\"elementor-widget-wrap elementor-element-populated\">\n\t\t\t\t\t\t<div class=\"elementor-element elementor-element-4dead1c elementor-widget elementor-widget-image\" data-id=\"4dead1c\" data-element_type=\"widget\" data-e-type=\"widget\" data-widget_type=\"image.default\">\n\t\t\t\t<div class=\"elementor-widget-container\">\n\t\t\t\t\t\t\t\t\t\t\t\t\t\t\t<img fetchpriority=\"high\" decoding=\"async\" width=\"2500\" height=\"1100\" src=\"https:\/\/www.dp.lu\/sandweiler\/wp-content\/uploads\/sites\/34\/2024\/05\/sandweiler-titel.jpg\" class=\"attachment-full size-full wp-image-414\" alt=\"\" srcset=\"https:\/\/www.dp.lu\/sandweiler\/wp-content\/uploads\/sites\/34\/2024\/05\/sandweiler-titel.jpg 2500w, https:\/\/www.dp.lu\/sandweiler\/wp-content\/uploads\/sites\/34\/2024\/05\/sandweiler-titel-300x132.jpg 300w, https:\/\/www.dp.lu\/sandweiler\/wp-content\/uploads\/sites\/34\/2024\/05\/sandweiler-titel-1024x451.jpg 1024w, https:\/\/www.dp.lu\/sandweiler\/wp-content\/uploads\/sites\/34\/2024\/05\/sandweiler-titel-768x338.jpg 768w, https:\/\/www.dp.lu\/sandweiler\/wp-content\/uploads\/sites\/34\/2024\/05\/sandweiler-titel-1536x676.jpg 1536w, https:\/\/www.dp.lu\/sandweiler\/wp-content\/uploads\/sites\/34\/2024\/05\/sandweiler-titel-2048x901.jpg 2048w\" sizes=\"(max-width: 2500px) 100vw, 2500px\" \/>\t\t\t\t\t\t\t\t\t\t\t\t\t\t\t<\/div>\n\t\t\t\t<\/div>\n\t\t\t\t\t<\/div>\n\t\t<\/div>\n\t\t\t\t\t<\/div>\n\t\t<\/section>\n\t\t\t\t<section class=\"elementor-section elementor-top-section elementor-element elementor-element-cfe51d7 elementor-section-boxed elementor-section-height-default elementor-section-height-default\" data-id=\"cfe51d7\" data-element_type=\"section\" data-e-type=\"section\" data-settings=\"{&quot;background_background&quot;:&quot;classic&quot;}\">\n\t\t\t\t\t\t<div class=\"elementor-container elementor-column-gap-default\">\n\t\t\t\t\t<div class=\"elementor-column elementor-col-100 elementor-top-column elementor-element elementor-element-7d1f362\" data-id=\"7d1f362\" data-element_type=\"column\" data-e-type=\"column\">\n\t\t\t<div class=\"elementor-widget-wrap elementor-element-populated\">\n\t\t\t\t\t\t<div class=\"elementor-element elementor-element-10f5f22 elementor-widget elementor-widget-ucaddon_team_member_grid\" data-id=\"10f5f22\" data-element_type=\"widget\" data-e-type=\"widget\" data-widget_type=\"ucaddon_team_member_grid.default\">\n\t\t\t\t<div class=\"elementor-widget-container\">\n\t\t\t\t\t\n<!-- start Team Member Grid -->\n\t\t<link id='font-awesome-css' href='https:\/\/www.dp.lu\/sandweiler\/wp-content\/plugins\/unlimited-elements-for-elementor-premium\/assets_libraries\/font-awesome6\/fontawesome-all.min.css' type='text\/css' rel='stylesheet' >\n\t\t<link id='font-awesome-4-shim-css' href='https:\/\/www.dp.lu\/sandweiler\/wp-content\/plugins\/unlimited-elements-for-elementor-premium\/assets_libraries\/font-awesome6\/fontawesome-v4-shims.min.css' type='text\/css' rel='stylesheet' >\n\n<style>\/* widget: Team Member Grid *\/\n\n#uc_team_member_grid_elementor_10f5f22 *{\n  box-sizing:border-box;\n}\n#uc_team_member_grid_elementor_10f5f22\n{\n  position:relative;\n  display:grid;\n}\n\n\n#uc_team_member_grid_elementor_10f5f22 .team_member_grid_image_container\n{\n  display:inline-block;\n  overflow:hidden;\n  position:relative;\n  vertical-align:bottom;\n}\n\n\n#uc_team_member_grid_elementor_10f5f22 .team_member_grid_image\n{\n  vertical-align:bottom;\n}\n\n#uc_team_member_grid_elementor_10f5f22 .team_member_grid_image img\n{\n  object-fit:cover;\n  width:100%;\n  display:block;\n  transition:0.5s;\n  vertical-align:bottom;\n}\n#uc_team_member_grid_elementor_10f5f22 .ue_grid_item\n{\n  overflow:hidden;\n  display:flex;\n  flex-direction:column;\n\n}\n.team_member_grid_title\n{\n  font-size:18px;\n}\n\n#uc_team_member_grid_elementor_10f5f22 .team_member_grid_icons a\n{\n  display:inline-flex;\n  text-decoration:none;\n  align-items:center;\n  justify-content:center;\n  line-height:1em;\n  transition:0.3s;\n}\n\n#uc_team_member_grid_elementor_10f5f22 .team_member_grid_icons a svg\n{\n  width:1em;\n  height:1em;\n}\n\n#uc_team_member_grid_elementor_10f5f22 .uc_more_btn\n{\n  transition:0.3s;\n  text-align:center;\n  text-decoration:none;\n}\n\n#uc_team_member_grid_elementor_10f5f22 .team_member_grid_image_overlay\n{\n  position:absolute;\n  top:0;\n  left:0;\n  transition:0.3s;\n  display:flex;\n  flex-direction:column;\n  justify-content:center;\n  align-items:center;\n}\n\n#uc_team_member_grid_elementor_10f5f22 .team_member_grid_content\n{\n  display:flex;\n  flex-direction:column;\n  flex-grow: 1;\n}\n\n\n#uc_team_member_grid_elementor_10f5f22 .team_member_grid_content .team_member_grid_text\n{\nflex-grow: 1;\n}\n\n#uc_team_member_grid_elementor_10f5f22 .team_member_grid_content .team_member_grid_icons\n{\n  margin-top:auto;\n}\n\n#uc_team_member_grid_elementor_10f5f22 .ue-company-logo img\n{\n  width:100%;\n}\n\n<\/style>\n\n<div id=\"uc_team_member_grid_elementor_10f5f22\" class=\"team_member_grid\">\n   \t\t<div class=\"ue_grid_item\">\n  <div class=\"team_member_grid_header\">\n    <div class=\"team_member_grid_image\">\n     <div class=\"team_member_grid_image_container\">\n       <img decoding=\"async\" src=\"https:\/\/www.dp.lu\/sandweiler\/wp-content\/uploads\/sites\/34\/2023\/03\/claude-mousel.jpg\" alt=\"claude-mousel\"  src=\"https:\/\/www.dp.lu\/sandweiler\/wp-content\/uploads\/sites\/34\/2023\/03\/claude-mousel.jpg\" alt=\"claude-mousel\" width=\"2500\" height=\"1667\">\n       <div class=\"team_member_grid_image_overlay\">\n         \t\n         \t\n    \n                <\/div>\n     <\/div>\n    <\/div>\n    \t\n  \t\n    \n    \n    \n  <\/div>\n  \n  <div class=\"team_member_grid_content\">\n        \n    <div class=\"team_member_grid_title\">Claude Mousel<\/div>\t\n    <div class=\"team_member_grid_subtitle\">Sch\u00e4ffen<\/div>        \n    \n    <div class=\"team_member_grid_text\"><p>\u201eZun\u00e4chst das Wichtigste:\u00a0 Die Gemeinde muss vor allem f\u00fcr die B\u00fcrger arbeiten, effizient nach innen und nach au\u00dfen. Die Gemeindeverwaltung arbeitet daf\u00fcr gemeinschaftlich, abgestimmt und harmonisch. Das gemeinsame Ziel von Sch\u00f6ffenrat und Gemeindebeamten ist f\u00fcr uns klar: Gute Arbeit f\u00fcr alle B\u00fcrger von Sandweiler.\u201c<\/p><\/div>\t\n        <div class=\"team_member_grid_icons\">\n      <a class=\"\" href=\"mailto:mousand@pt.lu\" ><i class='far fa-envelope'><\/i><\/a>\t\n      <a class=\"\" href=\"https:\/\/facebook.com\/claude.mousel.9\" ><i class='fab fa-facebook-f'><\/i><\/a>\t\n      \t\n      \t\n    <\/div>\n        \n      <\/div>\n<\/div>\n<div class=\"ue_grid_item\">\n  <div class=\"team_member_grid_header\">\n    <div class=\"team_member_grid_image\">\n     <div class=\"team_member_grid_image_container\">\n       <img decoding=\"async\" src=\"https:\/\/www.dp.lu\/sandweiler\/wp-content\/uploads\/sites\/34\/2023\/03\/Corine-Courtois.jpg\" alt=\"Corine-Courtois\"  src=\"https:\/\/www.dp.lu\/sandweiler\/wp-content\/uploads\/sites\/34\/2023\/03\/Corine-Courtois.jpg\" alt=\"Corine-Courtois\" width=\"2500\" height=\"1667\">\n       <div class=\"team_member_grid_image_overlay\">\n         \t\n         \t\n    \n                <\/div>\n     <\/div>\n    <\/div>\n    \t\n  \t\n    \n    \n    \n  <\/div>\n  \n  <div class=\"team_member_grid_content\">\n        \n    <div class=\"team_member_grid_title\">Corine Courtois<\/div>\t\n    <div class=\"team_member_grid_subtitle\">Sch\u00e4ffen<\/div>        \n    \n    <div class=\"team_member_grid_text\"><p>\u201eBei meiner Arbeit als Sch\u00f6ffin stehen zwei Dinge im Mittelpunkt: Die B\u00fcrger und B\u00fcrgerinnen von Sandweiler und, meiner Berufserfahrungen entsprechend, die Finanzen der Gemeinde. Vor allem will ich aber eines: Nicht schw\u00e4tzen, sondern Fakten schaffen!\u201c<\/p><\/div>\t\n        <div class=\"team_member_grid_icons\">\n      <a class=\"\" href=\"mailto:dencoco61@gmail.com\" ><i class='far fa-envelope'><\/i><\/a>\t\n      \t\n      \t\n      \t\n    <\/div>\n        \n      <\/div>\n<\/div>\n<div class=\"ue_grid_item\">\n  <div class=\"team_member_grid_header\">\n    <div class=\"team_member_grid_image\">\n     <div class=\"team_member_grid_image_container\">\n       <img loading=\"lazy\" decoding=\"async\" src=\"https:\/\/www.dp.lu\/sandweiler\/wp-content\/uploads\/sites\/34\/2023\/04\/Sandweiler-Thierer-Jorg1.jpg\" alt=\"Sandweiler-Thierer-Jo\u0308rg1\"  src=\"https:\/\/www.dp.lu\/sandweiler\/wp-content\/uploads\/sites\/34\/2023\/04\/Sandweiler-Thierer-Jorg1.jpg\" alt=\"Sandweiler-Thierer-Jo\u0308rg1\" width=\"500\" height=\"500\">\n       <div class=\"team_member_grid_image_overlay\">\n         \t\n         \t\n    \n                <\/div>\n     <\/div>\n    <\/div>\n    \t\n  \t\n    \n    \n    \n  <\/div>\n  \n  <div class=\"team_member_grid_content\">\n        \n    <div class=\"team_member_grid_title\">J\u00f6rg Thierer<\/div>\t\n    <div class=\"team_member_grid_subtitle\">Gemengeconseiller<\/div>        \n    \n    <div class=\"team_member_grid_text\"><p>\u201eSandweiler ist attraktiv und kann noch attraktiver werden! Unsere Arbeit will alle Aspekte umfassen und f\u00fcr B\u00fcrger, Unternehmen und Mitarbeiter gleicherma\u00dfen positiv ausfallen. Sandweiler hat Potenzial, wir m\u00fcssen es nur nutzen!\u201c<\/p><\/div>\t\n        <div class=\"team_member_grid_icons\">\n      <a class=\"\" href=\"mailto:jtml@zeroo.one\" ><i class='far fa-envelope'><\/i><\/a>\t\n      \t\n      \t\n      \t\n    <\/div>\n        \n      <\/div>\n<\/div>\n\n<\/div>\n<!-- end Team Member Grid -->\t\t\t\t<\/div>\n\t\t\t\t<\/div>\n\t\t\t\t\t<\/div>\n\t\t<\/div>\n\t\t\t\t\t<\/div>\n\t\t<\/section>\n\t\t\t\t<\/div>\n\t\t","protected":false},"excerpt":{"rendered":"<p>Claude Mousel Sch\u00e4ffen \u201eZun\u00e4chst das Wichtigste:\u00a0 Die Gemeinde muss vor allem f\u00fcr die B\u00fcrger arbeiten, effizient nach innen und nach au\u00dfen. Die Gemeindeverwaltung arbeitet daf\u00fcr gemeinschaftlich, abgestimmt und harmonisch. Das gemeinsame Ziel von Sch\u00f6ffenrat und Gemeindebeamten ist f\u00fcr uns klar: Gute Arbeit f\u00fcr alle B\u00fcrger von Sandweiler.\u201c Corine Courtois Sch\u00e4ffen \u201eBei meiner Arbeit als Sch\u00f6ffin [&hellip;]<\/p>\n","protected":false},"author":2,"featured_media":0,"parent":0,"menu_order":0,"comment_status":"closed","ping_status":"closed","template":"","meta":{"footnotes":""},"class_list":["post-81","page","type-page","status-publish","hentry","wpbf-post"],"_links":{"self":[{"href":"https:\/\/www.dp.lu\/sandweiler\/wp-json\/wp\/v2\/pages\/81","targetHints":{"allow":["GET"]}}],"collection":[{"href":"https:\/\/www.dp.lu\/sandweiler\/wp-json\/wp\/v2\/pages"}],"about":[{"href":"https:\/\/www.dp.lu\/sandweiler\/wp-json\/wp\/v2\/types\/page"}],"author":[{"embeddable":true,"href":"https:\/\/www.dp.lu\/sandweiler\/wp-json\/wp\/v2\/users\/2"}],"replies":[{"embeddable":true,"href":"https:\/\/www.dp.lu\/sandweiler\/wp-json\/wp\/v2\/comments?post=81"}],"version-history":[{"count":35,"href":"https:\/\/www.dp.lu\/sandweiler\/wp-json\/wp\/v2\/pages\/81\/revisions"}],"predecessor-version":[{"id":420,"href":"https:\/\/www.dp.lu\/sandweiler\/wp-json\/wp\/v2\/pages\/81\/revisions\/420"}],"wp:attachment":[{"href":"https:\/\/www.dp.lu\/sandweiler\/wp-json\/wp\/v2\/media?parent=81"}],"curies":[{"name":"wp","href":"https:\/\/api.w.org\/{rel}","templated":true}]}}