{"id":721,"date":"2023-04-26T07:28:30","date_gmt":"2023-04-26T07:28:30","guid":{"rendered":"https:\/\/www.dp.lu\/walfer\/?page_id=721"},"modified":"2023-05-26T12:24:05","modified_gmt":"2023-05-26T12:24:05","slug":"programa-eleitoral-em-portugues","status":"publish","type":"page","link":"https:\/\/www.dp.lu\/walfer\/programa-eleitoral-em-portugues\/","title":{"rendered":"programa eleitoral em portugu\u00eas"},"content":{"rendered":"\t\t<div data-elementor-type=\"wp-page\" data-elementor-id=\"721\" class=\"elementor elementor-721\" data-elementor-post-type=\"page\">\n\t\t\t\t\t\t<section class=\"elementor-section elementor-top-section elementor-element elementor-element-6ab747e1 elementor-section-boxed elementor-section-height-default elementor-section-height-default\" data-id=\"6ab747e1\" data-element_type=\"section\" data-e-type=\"section\">\n\t\t\t\t\t\t<div class=\"elementor-container elementor-column-gap-default\">\n\t\t\t\t\t<div class=\"elementor-column elementor-col-100 elementor-top-column elementor-element elementor-element-7abf8311\" data-id=\"7abf8311\" data-element_type=\"column\" data-e-type=\"column\">\n\t\t\t<div class=\"elementor-widget-wrap elementor-element-populated\">\n\t\t\t\t\t\t<div class=\"elementor-element elementor-element-414d75ae elementor-widget elementor-widget-text-editor\" data-id=\"414d75ae\" data-element_type=\"widget\" data-e-type=\"widget\" data-widget_type=\"text-editor.default\">\n\t\t\t\t<div class=\"elementor-widget-container\">\n\t\t\t\t\t\t\t\t\t<p><br><\/p>\n<p><span lang=\"PT\">&nbsp;<\/span><\/p>\n<p style=\"text-align:center\" align=\"center\"><b><span style=\"font-size:24.0pt;line-height:150%;color:#17365D\" lang=\"PT\">Programa DP<br>\nWalfer <\/span><\/b><\/p>\n<p style=\"text-align:center\" align=\"center\"><b><span style=\"font-size:24.0pt;line-height:150%;color:#17365D\" lang=\"PT\">para as elei\u00e7\u00f5es<br>\naut\u00e1rquicas de 2023<\/span><\/b><\/p>\n<p><span lang=\"PT\">&nbsp;<\/span><\/p>\n<p><span lang=\"PT\">&nbsp;<\/span><\/p>\n<p><b><u><span lang=\"PT\">Escola e acolhimento de crian\u00e7as<\/span><\/u><\/b><\/p>\n<p><span lang=\"PT\">\u2022 Amplia\u00e7\u00e3o do edif\u00edcio escolar em Bereldange e da \u201cMaison Relais\u201d<\/span><\/p>\n<p><span lang=\"PT\">\u2022 Amplia\u00e7\u00e3o da \u201cMaison Relais\u201d em Walferdange e renova\u00e7\u00e3o do p\u00e1tio de recreio<\/span><\/p>\n<p><span lang=\"PT\">\u2022 Cria\u00e7\u00e3o de uma \u00abB\u00ebsch-Schoul\u00bb (Escola da Floresta) (ou seja, uma pequena<br>\ncabana na floresta que permita \u00e0s crian\u00e7as de todos os ciclos escolares levar a<br>\ncabo projetos e, assim, compreender melhor o bi\u00f3topo florestal)<\/span><\/p>\n<p><span lang=\"PT\">\u2022 Sala de compet\u00eancias psicomotoras em todos os edif\u00edcios escolares<\/span><\/p>\n<p><span lang=\"PT\">\u2022 Novo conceito para parques infantis<\/span><\/p>\n<p><span lang=\"PT\">\u2022 Melhor gest\u00e3o da qualidade e pratos mais adaptados \u00e0s crian\u00e7as nos<br>\nrestaurantes escolares<\/span><\/p>\n<p><span lang=\"PT\">\u2022 Seguran\u00e7a das vias escolares (melhoria da sinaliza\u00e7\u00e3o, passagens<br>\nadicionais para pe\u00f5es, etc.)<\/span><\/p>\n<p><span lang=\"PT\">&nbsp;<\/span><\/p>\n<p><b><u><span lang=\"PT\">Mobilidade<\/span><\/u><\/b><\/p>\n<p><span lang=\"PT\">\u2022 Ciclovia em Bereldange, da Cit\u00e9 Grand-Duc Jean at\u00e9 \u00e0 rue du Pont<\/span><\/p>\n<p><span lang=\"PT\">\u2022 Kits de repara\u00e7\u00e3o ao longo das ciclovias<\/span><\/p>\n<p><span lang=\"PT\">\u2022 Tornar os servi\u00e7os \u201cNightrider\u201d mais atrativos para os adultos<\/span><\/p>\n<p style=\"margin-left:7.65pt\"><span lang=\"PT\">\u201cBypass\u201d (anel de contornamento<br>\nvi\u00e1rio) Bereldange\/Walferdange<\/span><\/p>\n<p><span lang=\"PT\">\u2022, De um modo geral, relan\u00e7ar a flexibiliza\u00e7\u00e3o do tr\u00e1fego<\/span><\/p>\n<p><span lang=\"PT\">\u2022 Melhor coordena\u00e7\u00e3o das obras p\u00fablicas no munic\u00edpio<\/span><\/p>\n<p><span lang=\"PT\">\u2022 Prever uma frota autom\u00f3vel com impacto clim\u00e1tico neutro para os servi\u00e7os<br>\nmunicipais<\/span><\/p>\n<p><span lang=\"PT\">\u2022 Gest\u00e3o digital do estacionamento (sinaliza\u00e7\u00e3o em tempo real de lugares de<br>\nestacionamento livres)<\/span><\/p>\n<p><span lang=\"PT\">&nbsp;<\/span><\/p>\n<p><b><u><span lang=\"PT\">Desporto e cultura, associa\u00e7\u00f5es<\/span><\/u><\/b><\/p>\n<p><span lang=\"PT\">\u2022 Cria\u00e7\u00e3o de um servi\u00e7o profissional de coordenadores para o desporto e a<br>\ncultura (pessoa que assista as associa\u00e7\u00f5es nos seus procedimentos administrativos<br>\ne na organiza\u00e7\u00e3o de eventos e coordene as rela\u00e7\u00f5es entre as diferentes<br>\nassocia\u00e7\u00f5es)<\/span><\/p>\n<p><span lang=\"PT\">\u2022 Servi\u00e7o de autocarro para conduzir as crian\u00e7as da \u201cMaison Relais\u201d \u00e0s<br>\natividades desportivas e de educa\u00e7\u00e3o musical<\/span><\/p>\n<p><span lang=\"PT\">\u2022 Adaptar os subs\u00eddios concedidos \u00e0s associa\u00e7\u00f5es por forma a ter em conta a<br>\nevolu\u00e7\u00e3o dos custos<\/span><\/p>\n<p><span lang=\"PT\">\u2022 Incentivar o voluntariado junto das equipas<span>&nbsp; <\/span>juvenis (financeiramente e pelo coordenador<br>\ndesportivo e cultural) <\/span><\/p>\n<p><span lang=\"PT\">\u2022 Participa\u00e7\u00e3o financeira para os treinadores desportivos e os chefes de<br>\norquestras e de coro para jovens<\/span><\/p>\n<p><span lang=\"PT\">&nbsp;<\/span><\/p>\n<p><b><u><span lang=\"PT\">Infraestruturas desportivas e culturais<\/span><\/u><\/b><\/p>\n<p><span lang=\"PT\">\u2022 Constru\u00e7\u00e3o de um novo Centre Prince Henri ou renova\u00e7\u00e3o do centro<br>\nexistente<\/span><\/p>\n<p><span lang=\"PT\">\u2022 Terrenos interiores para t\u00e9nis e tribunas para futebol<\/span><\/p>\n<p><span lang=\"PT\">\u2022 Renova\u00e7\u00e3o do \u00abPavillon Cricket\u00bb, transformando-o em \u201cClubhaus\u201d acolhedor<br>\ne atraente<\/span><\/p>\n<p><span lang=\"PT\">&nbsp;<\/span><\/p>\n<p><b><u><span lang=\"PT\">Centro da localidade<\/span><\/u><\/b><\/p>\n<p><span lang=\"PT\">\u2022 Incentivar a cria\u00e7\u00e3o de novos com\u00e9rcios (o munic\u00edpio disponibiliza<br>\ninstala\u00e7\u00f5es comerciais para o com\u00e9rcio de proximidade), que constituem um ponto<br>\nde encontro para os habitantes do munic\u00edpio<\/span><\/p>\n<p><span lang=\"PT\">\u2022 Qualidade de vida agrad\u00e1vel no centro: espa\u00e7o partilhado entre o Centre<br>\nPrince Henri, a rotunda e a C\u00e2mara Municipal com vegetaliza\u00e7\u00e3o parcial do largo<br>\nem frente \u00e0 c\u00e2mara municipal<\/span><\/p>\n<p><span lang=\"PT\">\u2022 Constru\u00e7\u00e3o de um parque de estacionamento de dimens\u00e3o moderada no centro<br>\ncom uma fachada vegetalizada adaptada do ponto de vista arquitet\u00f3nico ao meio<br>\ncircundante<\/span><\/p>\n<p><span lang=\"PT\">&nbsp;<\/span><\/p>\n<p><b><u><span lang=\"PT\">Infraestruturas<\/span><\/u><\/b><\/p>\n<p><span lang=\"PT\">\u2022 Reestrutura\u00e7\u00e3o do Campus Centre Prince Henri\/Mairie\/escola de Walferdange<br>\ne Escola de M\u00fasica<\/span><\/p>\n<p><span lang=\"PT\">\u2022 Reabilita\u00e7\u00e3o das infraestruturas rodovi\u00e1rias (incluindo canaliza\u00e7\u00f5es na<br>\nrue de Diekirch, rte de Luxembourg, rue de l\u2019Eglise, etc.)<\/span><\/p>\n<p><span lang=\"PT\">\u2022 Constru\u00e7\u00e3o de um novo centro de reciclagem<\/span><\/p>\n<p><span lang=\"PT\">\u2022 Interven\u00e7\u00e3o junto dos CFL para a constru\u00e7\u00e3o de t\u00faneis subterr\u00e2neos em<br>\ncaso de remo\u00e7\u00e3o das passagens de n\u00edvel da rue de la Montagne e da rue<br>\nMercatoris<\/span><\/p>\n<p><span lang=\"PT\">&nbsp;<\/span><\/p>\n<p><b><u><span lang=\"PT\">Edif\u00edcios e habita\u00e7\u00e3o<\/span><\/u><\/b><\/p>\n<p><span lang=\"PT\">\u2022 Aus\u00eancia de extens\u00e3o do per\u00edmetro constru\u00eddo<\/span><\/p>\n<p><span lang=\"PT\">\u2022 Elaborar finalmente um novo \u201cPlan d\u2019Am\u00e9nagement General\u201d (plano geral de<br>\ndesenvolvimento) para permitir uma constru\u00e7\u00e3o coerente e sustent\u00e1vel e com<br>\nplena seguran\u00e7a jur\u00eddica.<\/span><\/p>\n<p><span lang=\"PT\">\u2022 Proporcionar habita\u00e7\u00e3o a pre\u00e7os acess\u00edveis, com prioridade para os<br>\nresidentes do munic\u00edpio<\/span><\/p>\n<p><span lang=\"PT\">\u2022 Criar habita\u00e7\u00f5es para fam\u00edlias monoparentais mediante um contrato de<br>\narrendamento enfit\u00eautico <\/span><\/p>\n<p><span lang=\"PT\">\u2022 Apoiar o projeto de casas pequenas (\u00abtiny houses\u00bb) em combina\u00e7\u00e3o com<br>\ncasas unifamiliares<\/span><\/p>\n<p><span lang=\"PT\">\u2022 Prever a constru\u00e7\u00e3o de habita\u00e7\u00e3o social e a pre\u00e7os acess\u00edveis<\/span><\/p>\n<p><span lang=\"PT\">&nbsp;<\/span><\/p>\n<p><b><u><span lang=\"PT\">Seguran\u00e7a<\/span><\/u><\/b><\/p>\n<p><span lang=\"PT\">\u2022 Instala\u00e7\u00e3o de sistemas de ilumina\u00e7\u00e3o (\u201cLiichtmasterplang\u201d)<\/span><\/p>\n<p><span lang=\"PT\">\u2022 Continuar a fornecer ilumina\u00e7\u00e3o p\u00fablica com l\u00e2mpadas LED<\/span><\/p>\n<p><span lang=\"PT\">\u2022 Iluminar passadeiras para pe\u00f5es durante a noite<\/span><\/p>\n<p><span lang=\"PT\">\u2022 Gerir a ilumina\u00e7\u00e3o p\u00fablica de forma eficiente, aumentando assim a<br>\nseguran\u00e7a e o sentimento de seguran\u00e7a<\/span><\/p>\n<p><span lang=\"PT\">\u2022 Refor\u00e7o da coopera\u00e7\u00e3o com o comissariado da pol\u00edcia<\/span><\/p>\n<p><span lang=\"PT\">\u2022 Prever um centro intercomunal do CGDIS (bombeiros, ambul\u00e2ncia, etc.)<\/span><\/p>\n<p><span lang=\"PT\">\u2022 Tornar as vias escolares seguras (melhor sinaliza\u00e7\u00e3o, travessias<br>\nadicionais para pe\u00f5es, etc.) <\/span><\/p>\n<p><span lang=\"PT\">\u2022 Programas de ciberseguran\u00e7a (incluindo programas de assist\u00eancia e<br>\ninforma\u00e7\u00e3o para os cidad\u00e3os)<\/span><\/p>\n<p><span lang=\"PT\">&nbsp;<\/span><\/p>\n<p><b><u><span lang=\"PT\">Cultura<\/span><\/u><\/b><\/p>\n<p><span lang=\"PT\">\u2022 Alargar o conceito de CAW de modo a incluir a parte pedag\u00f3gica da cultura<\/span><\/p>\n<p><span lang=\"PT\">\u2022 Revitalizar os \u201cWalfer Bicherdeeg\u201d<\/span><\/p>\n<p><span lang=\"PT\">\u2022 Organizar e proteger correctemente os arquivos da Mem\u00f3ria Coletiva e<br>\ndisponibiliz\u00e1-los aos historiadores<\/span><\/p>\n<p><span lang=\"PT\">&nbsp;<\/span><\/p>\n<p><b><u><span lang=\"PT\">Servi\u00e7os municipais \u2014 Administra\u00e7\u00e3o pr\u00f3xima do cidad\u00e3o<\/span><\/u><\/b><\/p>\n<p><span lang=\"PT\">\u2022 Servi\u00e7o telef\u00f3nico para os cidad\u00e3os<\/span><\/p>\n<p><span lang=\"PT\">\u2022 Calend\u00e1rios para as consultas aos cidad\u00e3os<\/span><\/p>\n<p><span lang=\"PT\">\u2022 Melhorar o hor\u00e1rio de funcionamento para o p\u00fablico<\/span><\/p>\n<p><span lang=\"PT\">\u2022 Melhorar a comunica\u00e7\u00e3o com as associa\u00e7\u00f5es e torn\u00e1-la mais sistem\u00e1tica e<br>\ntransparente<\/span><\/p>\n<p><span lang=\"PT\">\u2022 Melhorar a digitaliza\u00e7\u00e3o dos servi\u00e7os coletivos (balc\u00e3o \u00fanico)<\/span><\/p>\n<p><span lang=\"PT\">\u2022 Desenvolvimento de uma aplica\u00e7\u00e3o com fun\u00e7\u00f5es sociais<\/span><\/p>\n<p><span lang=\"PT\">\u2022 Sistema de partilha de dados (por exemplo, atrav\u00e9s da aplica\u00e7\u00e3o Hopl)<\/span><\/p>\n<p><span lang=\"PT\">\u2022 Implementa\u00e7\u00e3o de um sistema \u00abReport-it\u00bb (Aplica\u00e7\u00e3o para comunicar<br>\nproblemas ou danos em instala\u00e7\u00f5es p\u00fablicas)<\/span><\/p>\n<p><span lang=\"PT\">&nbsp;<\/span><\/p>\n<p><b><u><span lang=\"PT\">Ambiente e sustentabilidade<\/span><\/u><\/b><\/p>\n<p><span lang=\"PT\">\u2022 Renova\u00e7\u00e3o e\/ou capta\u00e7\u00e3o das fontes pertencentes ao munic\u00edpio<\/span><\/p>\n<p><span lang=\"PT\">\u2022 Desenvolver zonas verdes tamb\u00e9m no centro da localidade. Tal inclui a<br>\nplanta\u00e7\u00e3o de \u00e1rvores importantes, a fim de criar um sistema natural de<br>\nventila\u00e7\u00e3o e de redu\u00e7\u00e3o da temperatura, especialmente no ver\u00e3o.<\/span><\/p>\n<p><span lang=\"PT\">\u2022 Prosseguir os trabalhos sobre a renatura\u00e7\u00e3o do Alzette e a prote\u00e7\u00e3o<br>\ncontra as inunda\u00e7\u00f5es<\/span><\/p>\n<p><span lang=\"PT\">\u2022 Jornadas de a\u00e7\u00e3o para um munic\u00edpio mais limpo (por exemplo, a\u00e7\u00e3o \u00abGroussbotz\u00bb)<\/span><\/p>\n<p><span lang=\"PT\">\u2022 Pr\u00e9mios de subven\u00e7\u00e3o para a instala\u00e7\u00e3o de sistemas fotovoltaicos, bombas<br>\nde calor e saneamento energ\u00e9tico, etc. <\/span><\/p>\n<p><span lang=\"PT\">\u2022 Acelerar a constru\u00e7\u00e3o de bacias de reten\u00e7\u00e3o (R\u00dcB)<\/span><\/p>\n<p><span lang=\"PT\">&nbsp;<\/span><\/p>\n<p><b><u><span lang=\"PT\"><span>&nbsp;<\/span>Terceira idade &#8211; S\u00e9niores<\/span><\/u><\/b><\/p>\n<p><span lang=\"PT\">\u2022 Constru\u00e7\u00e3o de um CIPA (resid\u00eancia para seniores, resid\u00eancia com cuidados<br>\nde sa\u00fade) em Walferdange ou intercomunal <\/span><\/p>\n<p><span lang=\"PT\">\u2022 Sistema de telefone de apoio aos cidad\u00e3os vocacionado para a assist\u00eancia<\/span><\/p>\n<p><b><u><span lang=\"PT\">Fam\u00edlia<\/span><\/u><\/b><\/p>\n<p><span lang=\"PT\">\u2022 Frald\u00e1rios em edif\u00edcios p\u00fablicos<\/span><\/p>\n<p><span lang=\"PT\">\u2022 Reintrodu\u00e7\u00e3o de uma noite dedicada aos rec\u00e9m-nascidos e seus pais<\/span><\/p>\n<p><span lang=\"PT\">\u2022 Novos conceitos para parques infantis p\u00fablicos<\/span><\/p>\n<p><span lang=\"PT\">\u2022 Constru\u00e7\u00e3o de uma segunda creche municipal<\/span><\/p>\n<p><span lang=\"PT\">&nbsp;<\/span><\/p>\n<p><b><u><span lang=\"PT\">Democracia <\/span><\/u><\/b><\/p>\n<p><span lang=\"PT\">\u2022 Sess\u00f5es municipais via Internet em direto e disponibilizadas ao p\u00fablico<\/span><\/p>\n<p><span lang=\"PT\">\u2022 Reuni\u00f5es regulares de cidad\u00e3os<\/span><\/p>\n<p><span lang=\"PT\">\u2022 Servi\u00e7o telef\u00f3nico para os cidad\u00e3os<\/span><\/p>\n<p><span lang=\"PT\">\u2022 Calend\u00e1rios para as consultas aos cidad\u00e3os<\/span><\/p>\n<p><span lang=\"PT\">&nbsp;<\/span><\/p>\n<p><b><u><span lang=\"PT\">Finan\u00e7as<\/span><\/u><\/b><\/p>\n<p><span lang=\"PT\">\u2022 Planeamento or\u00e7amental eficaz e orientado para o futuro <\/span><\/p>\n<p><span lang=\"PT\">\u2022 Assegurar projetos de grande escala atrav\u00e9s de um planeamento plurianual<\/span><\/p><br><p><\/p>\n<p><\/p>\n<p><\/p>\n<blockquote class=\"is-layout-flow wp-block-quote-is-layout-flow\">\n<p><\/p>\n<p><\/p>\n<p><\/p>\n<p><\/p>\n<\/blockquote>\n<p><\/p>\t\t\t\t\t\t\t\t<\/div>\n\t\t\t\t<\/div>\n\t\t\t\t\t<\/div>\n\t\t<\/div>\n\t\t\t\t\t<\/div>\n\t\t<\/section>\n\t\t\t\t<\/div>\n\t\t","protected":false},"excerpt":{"rendered":"<p>&nbsp; Programa DP Walfer para as elei\u00e7\u00f5es aut\u00e1rquicas de 2023 &nbsp; &nbsp; Escola e acolhimento de crian\u00e7as \u2022 Amplia\u00e7\u00e3o do edif\u00edcio escolar em Bereldange e da \u201cMaison Relais\u201d \u2022 Amplia\u00e7\u00e3o da \u201cMaison Relais\u201d em Walferdange e renova\u00e7\u00e3o do p\u00e1tio de recreio \u2022 Cria\u00e7\u00e3o de uma \u00abB\u00ebsch-Schoul\u00bb (Escola da Floresta) (ou seja, uma pequena cabana na [&hellip;]<\/p>\n","protected":false},"author":269,"featured_media":831,"parent":0,"menu_order":0,"comment_status":"closed","ping_status":"closed","template":"elementor_theme","meta":{"footnotes":""},"class_list":["post-721","page","type-page","status-publish","has-post-thumbnail","hentry","wpbf-post"],"_links":{"self":[{"href":"https:\/\/www.dp.lu\/walfer\/wp-json\/wp\/v2\/pages\/721","targetHints":{"allow":["GET"]}}],"collection":[{"href":"https:\/\/www.dp.lu\/walfer\/wp-json\/wp\/v2\/pages"}],"about":[{"href":"https:\/\/www.dp.lu\/walfer\/wp-json\/wp\/v2\/types\/page"}],"author":[{"embeddable":true,"href":"https:\/\/www.dp.lu\/walfer\/wp-json\/wp\/v2\/users\/269"}],"replies":[{"embeddable":true,"href":"https:\/\/www.dp.lu\/walfer\/wp-json\/wp\/v2\/comments?post=721"}],"version-history":[{"count":14,"href":"https:\/\/www.dp.lu\/walfer\/wp-json\/wp\/v2\/pages\/721\/revisions"}],"predecessor-version":[{"id":842,"href":"https:\/\/www.dp.lu\/walfer\/wp-json\/wp\/v2\/pages\/721\/revisions\/842"}],"wp:featuredmedia":[{"embeddable":true,"href":"https:\/\/www.dp.lu\/walfer\/wp-json\/wp\/v2\/media\/831"}],"wp:attachment":[{"href":"https:\/\/www.dp.lu\/walfer\/wp-json\/wp\/v2\/media?parent=721"}],"curies":[{"name":"wp","href":"https:\/\/api.w.org\/{rel}","templated":true}]}}